{"id":11153,"date":"2022-09-02T14:36:47","date_gmt":"2022-09-02T14:36:47","guid":{"rendered":"https:\/\/advance.dcu.ie\/?page_id=11153"},"modified":"2022-09-02T14:44:56","modified_gmt":"2022-09-02T14:44:56","slug":"tai-xuong","status":"publish","type":"page","link":"https:\/\/advance.dcu.ie\/vi\/tai-xuong\/","title":{"rendered":"T\u1ea3i xu\u1ed1ng"},"content":{"rendered":"<section class=\"l-section wpb_row home-banner inner-page-banner height_auto width_full\"><div class=\"l-section-h i-cf\"><div class=\"g-cols via_grid cols_2 laptops-cols_inherit tablets-cols_inherit mobiles-cols_1 valign_top type_default\"><div class=\"wpb_column vc_column_container home-banner-content\"><div class=\"vc_column-inner\">[vc_raw_html el_class=&#8221;breadcrumbs&#8221;]W3dwc2VvX2JyZWFkY3J1bWJd[\/vc_raw_html]<div id=\"ultimate-heading-141969e93eb79fa2d\" class=\"uvc-heading ult-adjust-bottom-margin ultimate-heading-141969e93eb79fa2d uvc-8017 \" data-hspacer=\"no_spacer\"  data-halign=\"left\" style=\"text-align:left\"><div class=\"uvc-heading-spacer no_spacer\" style=\"top\"><\/div><div class=\"uvc-main-heading ult-responsive\"  data-ultimate-target='.uvc-heading.ultimate-heading-141969e93eb79fa2d h1'  data-responsive-json-new='{\"font-size\":\"\",\"line-height\":\"\"}' ><h1 style=\"font-weight:normal;\">T\u1ea3i xu\u1ed1ng<\/h1><\/div><div class=\"uvc-sub-heading ult-responsive\"  data-ultimate-target='.uvc-heading.ultimate-heading-141969e93eb79fa2d .uvc-sub-heading '  data-responsive-json-new='{\"font-size\":\"\",\"line-height\":\"\"}'  style=\"font-weight:normal;\">Xem trang t\u1ea3i xu\u1ed1ng c\u1ee7a DCU v\u00e0 nh\u1eadn th\u00f4ng tin m\u1edbi nh\u1ea5t t\u1eeb ch\u00fang t\u00f4i.<\/div><\/div><\/div><\/div><div class=\"wpb_column vc_column_container home-banner-image\"><div class=\"vc_column-inner\"><div class=\"w-image align_none\"><div class=\"w-image-h\"><img loading=\"lazy\" decoding=\"async\" width=\"1000\" height=\"451\" src=\"https:\/\/advance.dcu.ie\/wp-content\/uploads\/2021\/10\/download-dover-dcu-web.jpg\" class=\"attachment-full size-full\" alt=\"\" srcset=\"https:\/\/advance.dcu.ie\/wp-content\/uploads\/2021\/10\/download-dover-dcu-web.jpg 1000w, https:\/\/advance.dcu.ie\/wp-content\/uploads\/2021\/10\/download-dover-dcu-web-300x135.jpg 300w, https:\/\/advance.dcu.ie\/wp-content\/uploads\/2021\/10\/download-dover-dcu-web-18x8.jpg 18w\" sizes=\"auto, (max-width: 1000px) 100vw, 1000px\" \/><\/div><\/div><\/div><\/div><\/div><\/div><\/section><section class=\"l-section wpb_row living-dublin-section why-dcu-section first-section height_auto\"><div class=\"l-section-h i-cf\"><div class=\"g-cols via_grid cols_1 laptops-cols_inherit tablets-cols_inherit mobiles-cols_1 valign_top type_default\"><div class=\"wpb_column vc_column_container\"><div class=\"vc_column-inner\"><div id=\"ultimate-heading-898869e93eb7a2f16\" class=\"uvc-heading ult-adjust-bottom-margin ultimate-heading-898869e93eb7a2f16 uvc-8005 l-height\" data-hspacer=\"no_spacer\"  data-halign=\"left\" style=\"text-align:left\"><div class=\"uvc-heading-spacer no_spacer\" style=\"top\"><\/div><div class=\"uvc-main-heading ult-responsive\"  data-ultimate-target='.uvc-heading.ultimate-heading-898869e93eb7a2f16 h2'  data-responsive-json-new='{\"font-size\":\"\",\"line-height\":\"\"}' ><h2 style=\"font-weight:normal;\">Nh\u1eadn t\u00e0i li\u1ec7u qu\u1ea3ng c\u00e1o m\u1edbi nh\u1ea5t t\u1eeb DCU<\/h2><\/div><div class=\"uvc-sub-heading ult-responsive\"  data-ultimate-target='.uvc-heading.ultimate-heading-898869e93eb7a2f16 .uvc-sub-heading '  data-responsive-json-new='{\"font-size\":\"\",\"line-height\":\"\"}'  style=\"font-weight:normal;\"><span style=\"font-weight: 400;\">\u0110\u1ec3 xem b\u1ea5t k\u1ef3 t\u00e0i li\u1ec7u n\u00e0o c\u1ee7a ch\u00fang t\u00f4i, vui l\u00f2ng nh\u1ea5p v\u00e0o c\u00e1c n\u00fat b\u00ean d\u01b0\u1edbi \u0111\u1ec3 t\u1ea3i xu\u1ed1ng t\u00e0i li\u1ec7u \u0111\u01b0\u1ee3c y\u00eau c\u1ea7u.<\/span><\/div><\/div><\/div><\/div><\/div><\/div><\/section><section class=\"l-section wpb_row living-dublin-section why-dcu-section first-section height_auto\"><div class=\"l-section-h i-cf\"><div class=\"g-cols via_grid cols_2 laptops-cols_inherit tablets-cols_inherit mobiles-cols_1 valign_top type_default\"><div class=\"wpb_column vc_column_container\"><div class=\"vc_column-inner\"><div id=\"ultimate-heading-98469e93eb7a33e7\" class=\"uvc-heading ult-adjust-bottom-margin ultimate-heading-98469e93eb7a33e7 uvc-2677 l-width\" data-hspacer=\"no_spacer\"  data-halign=\"left\" style=\"text-align:left\"><div class=\"uvc-heading-spacer no_spacer\" style=\"top\"><\/div><div class=\"uvc-main-heading ult-responsive\"  data-ultimate-target='.uvc-heading.ultimate-heading-98469e93eb7a33e7 h4'  data-responsive-json-new='{\"font-size\":\"\",\"line-height\":\"\"}' ><h4 style=\"font-weight:normal;\">Brochure - Ch\u01b0\u01a1ng tr\u00ecnh n\u0103m d\u1ef1 b\u1ecb qu\u1ed1c t\u1ebf<\/h4><\/div><\/div><\/div><\/div><div class=\"wpb_column vc_column_container\"><div class=\"vc_column-inner\"><div class=\"w-btn-wrapper align_none\"><a class=\"w-btn us-btn-style_1 us_custom_68cda339 primary-button grey-button secondary\" title=\"T\u1ea3i xu\u1ed1ng\" target=\"_blank\" href=\"https:\/\/advance.dcu.ie\/wp-content\/uploads\/2021\/10\/IFY_Brochure_2021.pdf\" rel=\"noopener\"><span class=\"w-btn-label\">T\u1ea3i xu\u1ed1ng<\/span><\/a><\/div><\/div><\/div><\/div><\/div><\/section><section class=\"l-section wpb_row living-dublin-section why-dcu-section first-section height_auto\"><div class=\"l-section-h i-cf\"><div class=\"g-cols via_grid cols_2 laptops-cols_inherit tablets-cols_inherit mobiles-cols_1 valign_top type_default\"><div class=\"wpb_column vc_column_container\"><div class=\"vc_column-inner\"><div id=\"ultimate-heading-693969e93eb7a5512\" class=\"uvc-heading ult-adjust-bottom-margin ultimate-heading-693969e93eb7a5512 uvc-3396 l-width\" data-hspacer=\"no_spacer\"  data-halign=\"left\" style=\"text-align:left\"><div class=\"uvc-heading-spacer no_spacer\" style=\"top\"><\/div><div class=\"uvc-main-heading ult-responsive\"  data-ultimate-target='.uvc-heading.ultimate-heading-693969e93eb7a5512 h4'  data-responsive-json-new='{\"font-size\":\"\",\"line-height\":\"\"}' ><h4 style=\"font-weight:normal;\">M\u1eabu \u0111\u01a1n \u0111\u0103ng k\u00fd - Ch\u01b0\u01a1ng tr\u00ecnh d\u1ef1 b\u1ecb \u0111\u1ea1i h\u1ecdc - IO10 undergraduate<\/h4><\/div><\/div><\/div><\/div><div class=\"wpb_column vc_column_container\"><div class=\"vc_column-inner\"><div class=\"w-btn-wrapper align_none\"><a class=\"w-btn us-btn-style_1 us_custom_68cda339 primary-button grey-button secondary\" title=\"T\u1ea3i xu\u1ed1ng\" target=\"_blank\" href=\"https:\/\/advance.dcu.ie\/wp-content\/uploads\/2021\/10\/IO10-undergraduate-application-form-20-21-V2.docx\" rel=\"noopener\"><span class=\"w-btn-label\">T\u1ea3i xu\u1ed1ng<\/span><\/a><\/div><\/div><\/div><\/div><\/div><\/section><section class=\"l-section wpb_row living-dublin-section why-dcu-section first-section height_auto\"><div class=\"l-section-h i-cf\"><div class=\"g-cols via_grid cols_2 laptops-cols_inherit tablets-cols_inherit mobiles-cols_1 valign_top type_default\"><div class=\"wpb_column vc_column_container\"><div class=\"vc_column-inner\"><div id=\"ultimate-heading-464969e93eb7a6700\" class=\"uvc-heading ult-adjust-bottom-margin ultimate-heading-464969e93eb7a6700 uvc-5853 l-width\" data-hspacer=\"no_spacer\"  data-halign=\"left\" style=\"text-align:left\"><div class=\"uvc-heading-spacer no_spacer\" style=\"top\"><\/div><div class=\"uvc-main-heading ult-responsive\"  data-ultimate-target='.uvc-heading.ultimate-heading-464969e93eb7a6700 h4'  data-responsive-json-new='{\"font-size\":\"\",\"line-height\":\"\"}' ><h4 style=\"font-weight:normal;\">Brochure - Pre-Sessional<\/h4><\/div><\/div><\/div><\/div><div class=\"wpb_column vc_column_container\"><div class=\"vc_column-inner\"><div class=\"w-btn-wrapper align_none\"><a class=\"w-btn us-btn-style_1 us_custom_68cda339 primary-button grey-button secondary\" title=\"T\u1ea3i xu\u1ed1ng\" target=\"_blank\" href=\"https:\/\/advance.dcu.ie\/wp-content\/uploads\/2021\/11\/Handout_courses_presessional2022.pdf\" rel=\"noopener\"><span class=\"w-btn-label\">T\u1ea3i xu\u1ed1ng<\/span><\/a><\/div><\/div><\/div><\/div><\/div><\/section><section class=\"l-section wpb_row living-dublin-section why-dcu-section first-section height_auto\"><div class=\"l-section-h i-cf\"><div class=\"g-cols via_grid cols_2 laptops-cols_inherit tablets-cols_inherit mobiles-cols_1 valign_top type_default\"><div class=\"wpb_column vc_column_container\"><div class=\"vc_column-inner\"><div id=\"ultimate-heading-550669e93eb7a6c41\" class=\"uvc-heading ult-adjust-bottom-margin ultimate-heading-550669e93eb7a6c41 uvc-8516 l-width\" data-hspacer=\"no_spacer\"  data-halign=\"left\" style=\"text-align:left\"><div class=\"uvc-heading-spacer no_spacer\" style=\"top\"><\/div><div class=\"uvc-main-heading ult-responsive\"  data-ultimate-target='.uvc-heading.ultimate-heading-550669e93eb7a6c41 h4'  data-responsive-json-new='{\"font-size\":\"\",\"line-height\":\"\"}' ><h4 style=\"font-weight:normal;\">T\u1eadp s\u00e1ch nh\u1ecf - Y\u00eau c\u1ea7u \u0111\u1ea7u v\u00e0o c\u1ee7a DCU IFY<\/h4><\/div><\/div><\/div><\/div><div class=\"wpb_column vc_column_container\"><div class=\"vc_column-inner\"><div class=\"w-btn-wrapper align_none\"><a class=\"w-btn us-btn-style_1 us_custom_68cda339 primary-button grey-button secondary\" title=\"T\u1ea3i xu\u1ed1ng\" target=\"_blank\" href=\"https:\/\/advance.dcu.ie\/wp-content\/uploads\/2021\/10\/12-05-2021-Booklet-DCU-Foundation-Year-Entry-Requirements.pdf\" rel=\"noopener\"><span class=\"w-btn-label\">T\u1ea3i xu\u1ed1ng<\/span><\/a><\/div><\/div><\/div><\/div><\/div><\/section><section class=\"l-section wpb_row living-dublin-section why-dcu-section first-section height_auto\"><div class=\"l-section-h i-cf\"><div class=\"g-cols via_grid cols_2 laptops-cols_inherit tablets-cols_inherit mobiles-cols_1 valign_top type_default\"><div class=\"wpb_column vc_column_container\"><div class=\"vc_column-inner\"><div id=\"ultimate-heading-237869e93eb7a7b22\" class=\"uvc-heading ult-adjust-bottom-margin ultimate-heading-237869e93eb7a7b22 uvc-3109 l-width\" data-hspacer=\"no_spacer\"  data-halign=\"left\" style=\"text-align:left\"><div class=\"uvc-heading-spacer no_spacer\" style=\"top\"><\/div><div class=\"uvc-main-heading ult-responsive\"  data-ultimate-target='.uvc-heading.ultimate-heading-237869e93eb7a7b22 h4'  data-responsive-json-new='{\"font-size\":\"\",\"line-height\":\"\"}' ><h4 style=\"font-weight:normal;\">\u0110i\u1ec1u kho\u1ea3n &amp; \u0110i\u1ec1u ki\u1ec7n cho \u0111\u1eb7t ch\u1ed7 c\u00e1 nh\u00e2n sinh vi\u00ean<\/h4><\/div><\/div><\/div><\/div><div class=\"wpb_column vc_column_container\"><div class=\"vc_column-inner\"><div class=\"w-btn-wrapper align_none\"><a class=\"w-btn us-btn-style_1 us_custom_68cda339 primary-button grey-button secondary\" title=\"T\u1ea3i xu\u1ed1ng\" target=\"_blank\" href=\"https:\/\/advance.dcu.ie\/wp-content\/uploads\/2021\/10\/2018-07-31-dcu-ls-terms-and-conditions_2018.pdf\" rel=\"noopener\"><span class=\"w-btn-label\">T\u1ea3i xu\u1ed1ng<\/span><\/a><\/div><\/div><\/div><\/div><\/div><\/section><section class=\"l-section wpb_row living-dublin-section why-dcu-section first-section height_auto\"><div class=\"l-section-h i-cf\"><div class=\"g-cols via_grid cols_2 laptops-cols_inherit tablets-cols_inherit mobiles-cols_1 valign_top type_default\"><div class=\"wpb_column vc_column_container\"><div class=\"vc_column-inner\"><div id=\"ultimate-heading-197169e93eb7a8054\" class=\"uvc-heading ult-adjust-bottom-margin ultimate-heading-197169e93eb7a8054 uvc-1561 l-width\" data-hspacer=\"no_spacer\"  data-halign=\"left\" style=\"text-align:left\"><div class=\"uvc-heading-spacer no_spacer\" style=\"top\"><\/div><div class=\"uvc-main-heading ult-responsive\"  data-ultimate-target='.uvc-heading.ultimate-heading-197169e93eb7a8054 h4'  data-responsive-json-new='{\"font-size\":\"\",\"line-height\":\"\"}' ><h4 style=\"font-weight:normal;\">\u0110i\u1ec1u kho\u1ea3n &amp; \u0110i\u1ec1u ki\u1ec7n cho c\u00e1c ch\u01b0\u01a1ng tr\u00ecnh nh\u00f3m<\/h4><\/div><\/div><\/div><\/div><div class=\"wpb_column vc_column_container\"><div class=\"vc_column-inner\"><div class=\"w-btn-wrapper align_none\"><a class=\"w-btn us-btn-style_1 us_custom_68cda339 primary-button grey-button secondary\" title=\"T\u1ea3i xu\u1ed1ng\" target=\"_blank\" href=\"https:\/\/advance.dcu.ie\/wp-content\/uploads\/2021\/10\/DCU-LS-Group-Terms-and-Conditions-2020.pdf\" rel=\"noopener\"><span class=\"w-btn-label\">T\u1ea3i xu\u1ed1ng<\/span><\/a><\/div><\/div><\/div><\/div><\/div><\/section><section class=\"l-section wpb_row why-dcu-section fourth-section has-info-box height_auto\"><div class=\"l-section-h i-cf\"><div class=\"g-cols via_grid cols_2 laptops-cols_inherit tablets-cols_inherit mobiles-cols_1 valign_top type_default\"><div class=\"wpb_column vc_column_container\"><div class=\"vc_column-inner\"><div id=\"ultimate-heading-988769e93eb7a8c56\" class=\"uvc-heading ult-adjust-bottom-margin ultimate-heading-988769e93eb7a8c56 uvc-6089 l-width\" data-hspacer=\"no_spacer\"  data-halign=\"left\" style=\"text-align:left\"><div class=\"uvc-heading-spacer no_spacer\" style=\"top\"><\/div><div class=\"uvc-main-heading ult-responsive\"  data-ultimate-target='.uvc-heading.ultimate-heading-988769e93eb7a8c56 h3'  data-responsive-json-new='{\"font-size\":\"\",\"line-height\":\"\"}' ><h3 style=\"font-weight:normal;\">\u0110\u0103ng k\u00fd ngay b\u00e2y gi\u1edd?<\/h3><\/div><div class=\"uvc-sub-heading ult-responsive\"  data-ultimate-target='.uvc-heading.ultimate-heading-988769e93eb7a8c56 .uvc-sub-heading '  data-responsive-json-new='{\"font-size\":\"\",\"line-height\":\"\"}'  style=\"font-weight:normal;\"><span style=\"font-weight: 400;\">N\u1ebfu b\u1ea1n mu\u1ed1n bi\u1ebft th\u00eam v\u1ec1 c\u00e1c d\u1ecbch v\u1ee5 ch\u01b0\u01a1ng tr\u00ecnh c\u1ee7a ch\u00fang t\u00f4i, vui l\u00f2ng li\u00ean h\u1ec7 v\u1edbi nh\u00f3m c\u1ee7a ch\u00fang t\u00f4i.<\/span><\/div><\/div><\/div><\/div><div class=\"wpb_column vc_column_container\"><div class=\"vc_column-inner\"><div class=\"w-btn-wrapper align_none\"><a class=\"w-btn us-btn-style_1 us_custom_68cda339 primary-button red-button\" title=\"Li\u00ean h\u1ec7 ch\u00fang t\u00f4i\" href=\"https:\/\/advance.dcu.ie\/vi\/lien-he-chung-toi\/\"><span class=\"w-btn-label\">Li\u00ean h\u1ec7 ch\u00fang t\u00f4i<\/span><\/a><\/div><\/div><\/div><\/div><\/div><\/section>\n","protected":false},"excerpt":{"rendered":"[vc_raw_html el_class=\"breadcrumbs\"]W3dwc2VvX2JyZWFkY3J1bWJd[\/vc_raw_html]T\u1ea3i xu\u1ed1ngXem trang t\u1ea3i xu\u1ed1ng c\u1ee7a DCU v\u00e0 nh\u1eadn th\u00f4ng tin m\u1edbi nh\u1ea5t t\u1eeb ch\u00fang t\u00f4i.Nh\u1eadn t\u00e0i li\u1ec7u qu\u1ea3ng c\u00e1o m\u1edbi nh\u1ea5t t\u1eeb DCU\u0110\u1ec3 xem b\u1ea5t k\u1ef3 t\u00e0i li\u1ec7u n\u00e0o c\u1ee7a ch\u00fang t\u00f4i, vui l\u00f2ng nh\u1ea5p v\u00e0o c\u00e1c n\u00fat b\u00ean d\u01b0\u1edbi \u0111\u1ec3 t\u1ea3i xu\u1ed1ng t\u00e0i li\u1ec7u \u0111\u01b0\u1ee3c y\u00eau c\u1ea7u.Brochure - Ch\u01b0\u01a1ng tr\u00ecnh n\u0103m d\u1ef1...","protected":false},"author":2,"featured_media":0,"parent":0,"menu_order":0,"comment_status":"closed","ping_status":"closed","template":"","meta":{"_acf_changed":false,"content-type":"","inline_featured_image":false,"footnotes":""},"class_list":["post-11153","page","type-page","status-publish","hentry"],"acf":[],"yoast_head":"<!-- This site is optimized with the Yoast SEO plugin v27.3 - https:\/\/yoast.com\/product\/yoast-seo-wordpress\/ -->\n<title>T\u1ea3i xu\u1ed1ng | DCU Advance<\/title>\n<meta name=\"description\" content=\"Xem trang t\u1ea3i xu\u1ed1ng c\u1ee7a DCU v\u00e0 nh\u1eadn th\u00f4ng tin m\u1edbi nh\u1ea5t t\u1eeb ch\u00fang t\u00f4i.\" \/>\n<meta name=\"robots\" content=\"index, follow, max-snippet:-1, max-image-preview:large, max-video-preview:-1\" \/>\n<link rel=\"canonical\" href=\"https:\/\/advance.dcu.ie\/downloads\/\" \/>\n<meta property=\"og:locale\" content=\"vi_VN\" \/>\n<meta property=\"og:type\" content=\"article\" \/>\n<meta property=\"og:title\" content=\"T\u1ea3i xu\u1ed1ng | DCU Advance\" \/>\n<meta property=\"og:description\" content=\"Xem trang t\u1ea3i xu\u1ed1ng c\u1ee7a DCU v\u00e0 nh\u1eadn th\u00f4ng tin m\u1edbi nh\u1ea5t t\u1eeb ch\u00fang t\u00f4i.\" \/>\n<meta property=\"og:url\" content=\"https:\/\/advance.dcu.ie\/downloads\/\" \/>\n<meta property=\"og:site_name\" content=\"DCU Advance\" \/>\n<meta property=\"article:modified_time\" content=\"2022-09-02T14:44:56+00:00\" \/>\n<meta name=\"twitter:card\" content=\"summary_large_image\" \/>\n<meta name=\"twitter:label1\" content=\"Est. reading time\" \/>\n\t<meta name=\"twitter:data1\" content=\"2 minutes\" \/>\n<script type=\"application\/ld+json\" class=\"yoast-schema-graph\">{\"@context\":\"https:\\\/\\\/schema.org\",\"@graph\":[{\"@type\":\"WebPage\",\"@id\":\"https:\\\/\\\/advance.dcu.ie\\\/downloads\\\/\",\"url\":\"https:\\\/\\\/advance.dcu.ie\\\/downloads\\\/\",\"name\":\"T\u1ea3i xu\u1ed1ng | DCU Advance\",\"isPartOf\":{\"@id\":\"https:\\\/\\\/advance.dcu.ie\\\/#website\"},\"datePublished\":\"2022-09-02T14:36:47+00:00\",\"dateModified\":\"2022-09-02T14:44:56+00:00\",\"description\":\"Xem trang t\u1ea3i xu\u1ed1ng c\u1ee7a DCU v\u00e0 nh\u1eadn th\u00f4ng tin m\u1edbi nh\u1ea5t t\u1eeb ch\u00fang t\u00f4i.\",\"breadcrumb\":{\"@id\":\"https:\\\/\\\/advance.dcu.ie\\\/downloads\\\/#breadcrumb\"},\"inLanguage\":\"vi-VN\",\"potentialAction\":[{\"@type\":\"ReadAction\",\"target\":[\"https:\\\/\\\/advance.dcu.ie\\\/downloads\\\/\"]}]},{\"@type\":\"BreadcrumbList\",\"@id\":\"https:\\\/\\\/advance.dcu.ie\\\/downloads\\\/#breadcrumb\",\"itemListElement\":[{\"@type\":\"ListItem\",\"position\":1,\"name\":\"Nh\u00e0\",\"item\":\"https:\\\/\\\/advance.dcu.ie\\\/vi\\\/\"},{\"@type\":\"ListItem\",\"position\":2,\"name\":\"T\u1ea3i xu\u1ed1ng\"}]},{\"@type\":\"WebSite\",\"@id\":\"https:\\\/\\\/advance.dcu.ie\\\/#website\",\"url\":\"https:\\\/\\\/advance.dcu.ie\\\/\",\"name\":\"DCU Advance\",\"description\":\"DCU Pathway Programmes\",\"publisher\":{\"@id\":\"https:\\\/\\\/advance.dcu.ie\\\/#organization\"},\"potentialAction\":[{\"@type\":\"SearchAction\",\"target\":{\"@type\":\"EntryPoint\",\"urlTemplate\":\"https:\\\/\\\/advance.dcu.ie\\\/?s={search_term_string}\"},\"query-input\":{\"@type\":\"PropertyValueSpecification\",\"valueRequired\":true,\"valueName\":\"search_term_string\"}}],\"inLanguage\":\"vi-VN\"},{\"@type\":\"Organization\",\"@id\":\"https:\\\/\\\/advance.dcu.ie\\\/#organization\",\"name\":\"Dublin City University\",\"url\":\"https:\\\/\\\/advance.dcu.ie\\\/\",\"logo\":{\"@type\":\"ImageObject\",\"inLanguage\":\"vi-VN\",\"@id\":\"https:\\\/\\\/advance.dcu.ie\\\/#\\\/schema\\\/logo\\\/image\\\/\",\"url\":\"https:\\\/\\\/advance.dcu.ie\\\/wp-content\\\/uploads\\\/2021\\\/08\\\/dcu-int-logo.svg\",\"contentUrl\":\"https:\\\/\\\/advance.dcu.ie\\\/wp-content\\\/uploads\\\/2021\\\/08\\\/dcu-int-logo.svg\",\"width\":\"1024\",\"height\":\"1024\",\"caption\":\"Dublin City University\"},\"image\":{\"@id\":\"https:\\\/\\\/advance.dcu.ie\\\/#\\\/schema\\\/logo\\\/image\\\/\"}}]}<\/script>\n<!-- \/ Yoast SEO plugin. -->","yoast_head_json":{"title":"T\u1ea3i xu\u1ed1ng | DCU Advance","description":"Xem trang t\u1ea3i xu\u1ed1ng c\u1ee7a DCU v\u00e0 nh\u1eadn th\u00f4ng tin m\u1edbi nh\u1ea5t t\u1eeb ch\u00fang t\u00f4i.","robots":{"index":"index","follow":"follow","max-snippet":"max-snippet:-1","max-image-preview":"max-image-preview:large","max-video-preview":"max-video-preview:-1"},"canonical":"https:\/\/advance.dcu.ie\/downloads\/","og_locale":"vi_VN","og_type":"article","og_title":"T\u1ea3i xu\u1ed1ng | DCU Advance","og_description":"Xem trang t\u1ea3i xu\u1ed1ng c\u1ee7a DCU v\u00e0 nh\u1eadn th\u00f4ng tin m\u1edbi nh\u1ea5t t\u1eeb ch\u00fang t\u00f4i.","og_url":"https:\/\/advance.dcu.ie\/downloads\/","og_site_name":"DCU Advance","article_modified_time":"2022-09-02T14:44:56+00:00","twitter_card":"summary_large_image","twitter_misc":{"Est. reading time":"2 minutes"},"schema":{"@context":"https:\/\/schema.org","@graph":[{"@type":"WebPage","@id":"https:\/\/advance.dcu.ie\/downloads\/","url":"https:\/\/advance.dcu.ie\/downloads\/","name":"T\u1ea3i xu\u1ed1ng | DCU Advance","isPartOf":{"@id":"https:\/\/advance.dcu.ie\/#website"},"datePublished":"2022-09-02T14:36:47+00:00","dateModified":"2022-09-02T14:44:56+00:00","description":"Xem trang t\u1ea3i xu\u1ed1ng c\u1ee7a DCU v\u00e0 nh\u1eadn th\u00f4ng tin m\u1edbi nh\u1ea5t t\u1eeb ch\u00fang t\u00f4i.","breadcrumb":{"@id":"https:\/\/advance.dcu.ie\/downloads\/#breadcrumb"},"inLanguage":"vi-VN","potentialAction":[{"@type":"ReadAction","target":["https:\/\/advance.dcu.ie\/downloads\/"]}]},{"@type":"BreadcrumbList","@id":"https:\/\/advance.dcu.ie\/downloads\/#breadcrumb","itemListElement":[{"@type":"ListItem","position":1,"name":"Nh\u00e0","item":"https:\/\/advance.dcu.ie\/vi\/"},{"@type":"ListItem","position":2,"name":"T\u1ea3i xu\u1ed1ng"}]},{"@type":"WebSite","@id":"https:\/\/advance.dcu.ie\/#website","url":"https:\/\/advance.dcu.ie\/","name":"DCU Advance","description":"DCU Pathway Programmes","publisher":{"@id":"https:\/\/advance.dcu.ie\/#organization"},"potentialAction":[{"@type":"SearchAction","target":{"@type":"EntryPoint","urlTemplate":"https:\/\/advance.dcu.ie\/?s={search_term_string}"},"query-input":{"@type":"PropertyValueSpecification","valueRequired":true,"valueName":"search_term_string"}}],"inLanguage":"vi-VN"},{"@type":"Organization","@id":"https:\/\/advance.dcu.ie\/#organization","name":"Dublin City University","url":"https:\/\/advance.dcu.ie\/","logo":{"@type":"ImageObject","inLanguage":"vi-VN","@id":"https:\/\/advance.dcu.ie\/#\/schema\/logo\/image\/","url":"https:\/\/advance.dcu.ie\/wp-content\/uploads\/2021\/08\/dcu-int-logo.svg","contentUrl":"https:\/\/advance.dcu.ie\/wp-content\/uploads\/2021\/08\/dcu-int-logo.svg","width":"1024","height":"1024","caption":"Dublin City University"},"image":{"@id":"https:\/\/advance.dcu.ie\/#\/schema\/logo\/image\/"}}]}},"_links":{"self":[{"href":"https:\/\/advance.dcu.ie\/vi\/wp-json\/wp\/v2\/pages\/11153","targetHints":{"allow":["GET"]}}],"collection":[{"href":"https:\/\/advance.dcu.ie\/vi\/wp-json\/wp\/v2\/pages"}],"about":[{"href":"https:\/\/advance.dcu.ie\/vi\/wp-json\/wp\/v2\/types\/page"}],"author":[{"embeddable":true,"href":"https:\/\/advance.dcu.ie\/vi\/wp-json\/wp\/v2\/users\/2"}],"replies":[{"embeddable":true,"href":"https:\/\/advance.dcu.ie\/vi\/wp-json\/wp\/v2\/comments?post=11153"}],"version-history":[{"count":5,"href":"https:\/\/advance.dcu.ie\/vi\/wp-json\/wp\/v2\/pages\/11153\/revisions"}],"predecessor-version":[{"id":11367,"href":"https:\/\/advance.dcu.ie\/vi\/wp-json\/wp\/v2\/pages\/11153\/revisions\/11367"}],"wp:attachment":[{"href":"https:\/\/advance.dcu.ie\/vi\/wp-json\/wp\/v2\/media?parent=11153"}],"curies":[{"name":"wp","href":"https:\/\/api.w.org\/{rel}","templated":true}]}}