{"id":11079,"date":"2022-08-17T13:58:56","date_gmt":"2022-08-17T13:58:56","guid":{"rendered":"https:\/\/advance.dcu.ie\/?page_id=11079"},"modified":"2022-08-17T13:58:56","modified_gmt":"2022-08-17T13:58:56","slug":"cam-on-ban-lien-he-voi-chung-toi","status":"publish","type":"page","link":"https:\/\/advance.dcu.ie\/vi\/lien-he-chung-toi\/cam-on-ban-lien-he-voi-chung-toi\/","title":{"rendered":"C\u1ea3m \u01a1n b\u1ea1n &#8211; Li\u00ean h\u1ec7 v\u1edbi ch\u00fang t\u00f4i"},"content":{"rendered":"<section class=\"l-section wpb_row home-banner inner-page-banner height_auto width_full\"><div class=\"l-section-h i-cf\"><div class=\"g-cols via_grid cols_2 laptops-cols_inherit tablets-cols_inherit mobiles-cols_1 valign_top type_default\"><div class=\"wpb_column vc_column_container home-banner-content\"><div class=\"vc_column-inner\">[vc_raw_html el_class=&#8221;breadcrumbs&#8221;]W3dwc2VvX2JyZWFkY3J1bWJd[\/vc_raw_html]<div id=\"ultimate-heading-113069e24776e3a18\" class=\"uvc-heading ult-adjust-bottom-margin ultimate-heading-113069e24776e3a18 uvc-2195 \" data-hspacer=\"no_spacer\"  data-halign=\"left\" style=\"text-align:left\"><div class=\"uvc-heading-spacer no_spacer\" style=\"top\"><\/div><div class=\"uvc-main-heading ult-responsive\"  data-ultimate-target='.uvc-heading.ultimate-heading-113069e24776e3a18 h1'  data-responsive-json-new='{\"font-size\":\"\",\"line-height\":\"\"}' ><h1 style=\"font-weight:normal;\">C\u1ea3m \u01a1n b\u1ea1n <\/h1><\/div><div class=\"uvc-sub-heading ult-responsive\"  data-ultimate-target='.uvc-heading.ultimate-heading-113069e24776e3a18 .uvc-sub-heading '  data-responsive-json-new='{\"font-size\":\"\",\"line-height\":\"\"}'  style=\"font-weight:normal;\">C\u1ea3m \u01a1n b\u1ea1n \u0111\u00e3 li\u00ean h\u1ec7 v\u1edbi Tr\u01b0\u1eddng Anh ng\u1eef \u0110\u1ea1i h\u1ecdc th\u00e0nh ph\u1ed1 Dublin. M\u1ed9t th\u00e0nh vi\u00ean trong nh\u00f3m c\u1ee7a ch\u00fang t\u00f4i s\u1ebd s\u1edbm li\u00ean h\u1ec7 v\u1edbi b\u1ea1n.<\/div><\/div><\/div><\/div><div class=\"wpb_column vc_column_container home-banner-image\"><div class=\"vc_column-inner\"><div class=\"w-image align_none\"><div class=\"w-image-h\"><img loading=\"lazy\" decoding=\"async\" width=\"736\" height=\"332\" src=\"https:\/\/advance.dcu.ie\/wp-content\/uploads\/2021\/10\/pathways-website-banner-internal-thank-you.jpg\" class=\"attachment-full size-full\" alt=\"\" srcset=\"https:\/\/advance.dcu.ie\/wp-content\/uploads\/2021\/10\/pathways-website-banner-internal-thank-you.jpg 736w, https:\/\/advance.dcu.ie\/wp-content\/uploads\/2021\/10\/pathways-website-banner-internal-thank-you-300x135.jpg 300w, https:\/\/advance.dcu.ie\/wp-content\/uploads\/2021\/10\/pathways-website-banner-internal-thank-you-18x8.jpg 18w\" sizes=\"auto, (max-width: 736px) 100vw, 736px\" \/><\/div><\/div><\/div><\/div><\/div><\/div><\/section><section class=\"l-section wpb_row living-dublin-section why-dcu-section first-section height_auto\"><div class=\"l-section-h i-cf\"><div class=\"g-cols via_grid cols_1 laptops-cols_inherit tablets-cols_inherit mobiles-cols_1 valign_top type_default\"><div class=\"wpb_column vc_column_container\"><div class=\"vc_column-inner\"><div id=\"ultimate-heading-334569e24776e597d\" class=\"uvc-heading ult-adjust-bottom-margin ultimate-heading-334569e24776e597d uvc-1033 l-height\" data-hspacer=\"no_spacer\"  data-halign=\"left\" style=\"text-align:left\"><div class=\"uvc-heading-spacer no_spacer\" style=\"top\"><\/div><div class=\"uvc-main-heading ult-responsive\"  data-ultimate-target='.uvc-heading.ultimate-heading-334569e24776e597d h2'  data-responsive-json-new='{\"font-size\":\"\",\"line-height\":\"\"}' ><h2 style=\"font-weight:normal;\">\u0110\u0103ng k\u00fd ngay b\u00e2y gi\u1edd?<\/h2><\/div><\/div><div class=\"wpb_text_column programme-text\"><div class=\"wpb_wrapper\"><p><span style=\"font-weight: 400;\">N\u1ebfu b\u1ea1n c\u00f3 b\u1ea5t k\u1ef3 c\u00e2u h\u1ecfi n\u00e0o, vui l\u00f2ng <a class=\"simple-link\" href=\"https:\/\/advance.dcu.ie\/vi\/?page_id=11060\">li\u00ean h\u1ec7 v\u1edbi nh\u00f3m c\u1ee7a ch\u00fang t\u00f4i<\/a>.<\/span><\/p>\n<\/div><\/div><\/div><\/div><\/div><\/div><\/section>\n","protected":false},"excerpt":{"rendered":"[vc_raw_html el_class=\"breadcrumbs\"]W3dwc2VvX2JyZWFkY3J1bWJd[\/vc_raw_html]C\u1ea3m \u01a1n b\u1ea1n C\u1ea3m \u01a1n b\u1ea1n \u0111\u00e3 li\u00ean h\u1ec7 v\u1edbi Tr\u01b0\u1eddng Anh ng\u1eef \u0110\u1ea1i h\u1ecdc th\u00e0nh ph\u1ed1 Dublin. M\u1ed9t th\u00e0nh vi\u00ean trong nh\u00f3m c\u1ee7a ch\u00fang t\u00f4i s\u1ebd s\u1edbm li\u00ean h\u1ec7 v\u1edbi b\u1ea1n.\u0110\u0103ng k\u00fd ngay b\u00e2y gi\u1edd?N\u1ebfu b\u1ea1n c\u00f3 b\u1ea5t k\u1ef3 c\u00e2u h\u1ecfi n\u00e0o, vui l\u00f2ng li\u00ean h\u1ec7 v\u1edbi nh\u00f3m c\u1ee7a ch\u00fang t\u00f4i.","protected":false},"author":2,"featured_media":0,"parent":11060,"menu_order":0,"comment_status":"closed","ping_status":"closed","template":"","meta":{"_acf_changed":false,"content-type":"","inline_featured_image":false,"footnotes":""},"class_list":["post-11079","page","type-page","status-publish","hentry"],"acf":[],"yoast_head":"<!-- This site is optimized with the Yoast SEO plugin v27.3 - https:\/\/yoast.com\/product\/yoast-seo-wordpress\/ -->\n<title>C\u1ea3m \u01a1n b\u1ea1n - Li\u00ean h\u1ec7 v\u1edbi ch\u00fang t\u00f4i | DCU Advance<\/title>\n<meta name=\"description\" content=\"C\u1ea3m \u01a1n b\u1ea1n \u0111\u00e3 li\u00ean h\u1ec7 v\u1edbi Tr\u01b0\u1eddng Anh ng\u1eef \u0110\u1ea1i h\u1ecdc th\u00e0nh ph\u1ed1 Dublin.\" \/>\n<meta name=\"robots\" content=\"index, follow, max-snippet:-1, max-image-preview:large, max-video-preview:-1\" \/>\n<link rel=\"canonical\" href=\"https:\/\/advance.dcu.ie\/vi\/lien-he-chung-toi\/cam-on-ban-lien-he-voi-chung-toi\/\" \/>\n<meta property=\"og:locale\" content=\"vi_VN\" \/>\n<meta property=\"og:type\" content=\"article\" \/>\n<meta property=\"og:title\" content=\"C\u1ea3m \u01a1n b\u1ea1n - Li\u00ean h\u1ec7 v\u1edbi ch\u00fang t\u00f4i | DCU Advance\" \/>\n<meta property=\"og:description\" content=\"C\u1ea3m \u01a1n b\u1ea1n \u0111\u00e3 li\u00ean h\u1ec7 v\u1edbi Tr\u01b0\u1eddng Anh ng\u1eef \u0110\u1ea1i h\u1ecdc th\u00e0nh ph\u1ed1 Dublin.\" \/>\n<meta property=\"og:url\" content=\"https:\/\/advance.dcu.ie\/vi\/lien-he-chung-toi\/cam-on-ban-lien-he-voi-chung-toi\/\" \/>\n<meta property=\"og:site_name\" content=\"DCU Advance\" \/>\n<meta name=\"twitter:card\" content=\"summary_large_image\" \/>\n<meta name=\"twitter:label1\" content=\"Est. reading time\" \/>\n\t<meta name=\"twitter:data1\" content=\"1 minute\" \/>\n<script type=\"application\/ld+json\" class=\"yoast-schema-graph\">{\"@context\":\"https:\\\/\\\/schema.org\",\"@graph\":[{\"@type\":\"WebPage\",\"@id\":\"https:\\\/\\\/advance.dcu.ie\\\/vi\\\/lien-he-chung-toi\\\/cam-on-ban-lien-he-voi-chung-toi\\\/\",\"url\":\"https:\\\/\\\/advance.dcu.ie\\\/vi\\\/lien-he-chung-toi\\\/cam-on-ban-lien-he-voi-chung-toi\\\/\",\"name\":\"C\u1ea3m \u01a1n b\u1ea1n - Li\u00ean h\u1ec7 v\u1edbi ch\u00fang t\u00f4i | DCU Advance\",\"isPartOf\":{\"@id\":\"https:\\\/\\\/advance.dcu.ie\\\/#website\"},\"datePublished\":\"2022-08-17T13:58:56+00:00\",\"description\":\"C\u1ea3m \u01a1n b\u1ea1n \u0111\u00e3 li\u00ean h\u1ec7 v\u1edbi Tr\u01b0\u1eddng Anh ng\u1eef \u0110\u1ea1i h\u1ecdc th\u00e0nh ph\u1ed1 Dublin.\",\"breadcrumb\":{\"@id\":\"https:\\\/\\\/advance.dcu.ie\\\/vi\\\/lien-he-chung-toi\\\/cam-on-ban-lien-he-voi-chung-toi\\\/#breadcrumb\"},\"inLanguage\":\"vi-VN\",\"potentialAction\":[{\"@type\":\"ReadAction\",\"target\":[\"https:\\\/\\\/advance.dcu.ie\\\/vi\\\/lien-he-chung-toi\\\/cam-on-ban-lien-he-voi-chung-toi\\\/\"]}]},{\"@type\":\"BreadcrumbList\",\"@id\":\"https:\\\/\\\/advance.dcu.ie\\\/vi\\\/lien-he-chung-toi\\\/cam-on-ban-lien-he-voi-chung-toi\\\/#breadcrumb\",\"itemListElement\":[{\"@type\":\"ListItem\",\"position\":1,\"name\":\"Nh\u00e0\",\"item\":\"https:\\\/\\\/advance.dcu.ie\\\/vi\\\/\"},{\"@type\":\"ListItem\",\"position\":2,\"name\":\"Li\u00ean h\u1ec7 ch\u00fang t\u00f4i\",\"item\":\"https:\\\/\\\/advance.dcu.ie\\\/vi\\\/lien-he-chung-toi\\\/\"},{\"@type\":\"ListItem\",\"position\":3,\"name\":\"C\u1ea3m \u01a1n b\u1ea1n &#8211; Li\u00ean h\u1ec7 v\u1edbi ch\u00fang t\u00f4i\"}]},{\"@type\":\"WebSite\",\"@id\":\"https:\\\/\\\/advance.dcu.ie\\\/#website\",\"url\":\"https:\\\/\\\/advance.dcu.ie\\\/\",\"name\":\"DCU Advance\",\"description\":\"DCU Pathway Programmes\",\"publisher\":{\"@id\":\"https:\\\/\\\/advance.dcu.ie\\\/#organization\"},\"potentialAction\":[{\"@type\":\"SearchAction\",\"target\":{\"@type\":\"EntryPoint\",\"urlTemplate\":\"https:\\\/\\\/advance.dcu.ie\\\/?s={search_term_string}\"},\"query-input\":{\"@type\":\"PropertyValueSpecification\",\"valueRequired\":true,\"valueName\":\"search_term_string\"}}],\"inLanguage\":\"vi-VN\"},{\"@type\":\"Organization\",\"@id\":\"https:\\\/\\\/advance.dcu.ie\\\/#organization\",\"name\":\"Dublin City University\",\"url\":\"https:\\\/\\\/advance.dcu.ie\\\/\",\"logo\":{\"@type\":\"ImageObject\",\"inLanguage\":\"vi-VN\",\"@id\":\"https:\\\/\\\/advance.dcu.ie\\\/#\\\/schema\\\/logo\\\/image\\\/\",\"url\":\"https:\\\/\\\/advance.dcu.ie\\\/wp-content\\\/uploads\\\/2021\\\/08\\\/dcu-int-logo.svg\",\"contentUrl\":\"https:\\\/\\\/advance.dcu.ie\\\/wp-content\\\/uploads\\\/2021\\\/08\\\/dcu-int-logo.svg\",\"width\":\"1024\",\"height\":\"1024\",\"caption\":\"Dublin City University\"},\"image\":{\"@id\":\"https:\\\/\\\/advance.dcu.ie\\\/#\\\/schema\\\/logo\\\/image\\\/\"}}]}<\/script>\n<!-- \/ Yoast SEO plugin. -->","yoast_head_json":{"title":"C\u1ea3m \u01a1n b\u1ea1n - Li\u00ean h\u1ec7 v\u1edbi ch\u00fang t\u00f4i | DCU Advance","description":"C\u1ea3m \u01a1n b\u1ea1n \u0111\u00e3 li\u00ean h\u1ec7 v\u1edbi Tr\u01b0\u1eddng Anh ng\u1eef \u0110\u1ea1i h\u1ecdc th\u00e0nh ph\u1ed1 Dublin.","robots":{"index":"index","follow":"follow","max-snippet":"max-snippet:-1","max-image-preview":"max-image-preview:large","max-video-preview":"max-video-preview:-1"},"canonical":"https:\/\/advance.dcu.ie\/vi\/lien-he-chung-toi\/cam-on-ban-lien-he-voi-chung-toi\/","og_locale":"vi_VN","og_type":"article","og_title":"C\u1ea3m \u01a1n b\u1ea1n - Li\u00ean h\u1ec7 v\u1edbi ch\u00fang t\u00f4i | DCU Advance","og_description":"C\u1ea3m \u01a1n b\u1ea1n \u0111\u00e3 li\u00ean h\u1ec7 v\u1edbi Tr\u01b0\u1eddng Anh ng\u1eef \u0110\u1ea1i h\u1ecdc th\u00e0nh ph\u1ed1 Dublin.","og_url":"https:\/\/advance.dcu.ie\/vi\/lien-he-chung-toi\/cam-on-ban-lien-he-voi-chung-toi\/","og_site_name":"DCU Advance","twitter_card":"summary_large_image","twitter_misc":{"Est. reading time":"1 minute"},"schema":{"@context":"https:\/\/schema.org","@graph":[{"@type":"WebPage","@id":"https:\/\/advance.dcu.ie\/vi\/lien-he-chung-toi\/cam-on-ban-lien-he-voi-chung-toi\/","url":"https:\/\/advance.dcu.ie\/vi\/lien-he-chung-toi\/cam-on-ban-lien-he-voi-chung-toi\/","name":"C\u1ea3m \u01a1n b\u1ea1n - Li\u00ean h\u1ec7 v\u1edbi ch\u00fang t\u00f4i | DCU Advance","isPartOf":{"@id":"https:\/\/advance.dcu.ie\/#website"},"datePublished":"2022-08-17T13:58:56+00:00","description":"C\u1ea3m \u01a1n b\u1ea1n \u0111\u00e3 li\u00ean h\u1ec7 v\u1edbi Tr\u01b0\u1eddng Anh ng\u1eef \u0110\u1ea1i h\u1ecdc th\u00e0nh ph\u1ed1 Dublin.","breadcrumb":{"@id":"https:\/\/advance.dcu.ie\/vi\/lien-he-chung-toi\/cam-on-ban-lien-he-voi-chung-toi\/#breadcrumb"},"inLanguage":"vi-VN","potentialAction":[{"@type":"ReadAction","target":["https:\/\/advance.dcu.ie\/vi\/lien-he-chung-toi\/cam-on-ban-lien-he-voi-chung-toi\/"]}]},{"@type":"BreadcrumbList","@id":"https:\/\/advance.dcu.ie\/vi\/lien-he-chung-toi\/cam-on-ban-lien-he-voi-chung-toi\/#breadcrumb","itemListElement":[{"@type":"ListItem","position":1,"name":"Nh\u00e0","item":"https:\/\/advance.dcu.ie\/vi\/"},{"@type":"ListItem","position":2,"name":"Li\u00ean h\u1ec7 ch\u00fang t\u00f4i","item":"https:\/\/advance.dcu.ie\/vi\/lien-he-chung-toi\/"},{"@type":"ListItem","position":3,"name":"C\u1ea3m \u01a1n b\u1ea1n &#8211; Li\u00ean h\u1ec7 v\u1edbi ch\u00fang t\u00f4i"}]},{"@type":"WebSite","@id":"https:\/\/advance.dcu.ie\/#website","url":"https:\/\/advance.dcu.ie\/","name":"DCU Advance","description":"DCU Pathway Programmes","publisher":{"@id":"https:\/\/advance.dcu.ie\/#organization"},"potentialAction":[{"@type":"SearchAction","target":{"@type":"EntryPoint","urlTemplate":"https:\/\/advance.dcu.ie\/?s={search_term_string}"},"query-input":{"@type":"PropertyValueSpecification","valueRequired":true,"valueName":"search_term_string"}}],"inLanguage":"vi-VN"},{"@type":"Organization","@id":"https:\/\/advance.dcu.ie\/#organization","name":"Dublin City University","url":"https:\/\/advance.dcu.ie\/","logo":{"@type":"ImageObject","inLanguage":"vi-VN","@id":"https:\/\/advance.dcu.ie\/#\/schema\/logo\/image\/","url":"https:\/\/advance.dcu.ie\/wp-content\/uploads\/2021\/08\/dcu-int-logo.svg","contentUrl":"https:\/\/advance.dcu.ie\/wp-content\/uploads\/2021\/08\/dcu-int-logo.svg","width":"1024","height":"1024","caption":"Dublin City University"},"image":{"@id":"https:\/\/advance.dcu.ie\/#\/schema\/logo\/image\/"}}]}},"_links":{"self":[{"href":"https:\/\/advance.dcu.ie\/vi\/wp-json\/wp\/v2\/pages\/11079","targetHints":{"allow":["GET"]}}],"collection":[{"href":"https:\/\/advance.dcu.ie\/vi\/wp-json\/wp\/v2\/pages"}],"about":[{"href":"https:\/\/advance.dcu.ie\/vi\/wp-json\/wp\/v2\/types\/page"}],"author":[{"embeddable":true,"href":"https:\/\/advance.dcu.ie\/vi\/wp-json\/wp\/v2\/users\/2"}],"replies":[{"embeddable":true,"href":"https:\/\/advance.dcu.ie\/vi\/wp-json\/wp\/v2\/comments?post=11079"}],"version-history":[{"count":2,"href":"https:\/\/advance.dcu.ie\/vi\/wp-json\/wp\/v2\/pages\/11079\/revisions"}],"predecessor-version":[{"id":11081,"href":"https:\/\/advance.dcu.ie\/vi\/wp-json\/wp\/v2\/pages\/11079\/revisions\/11081"}],"up":[{"embeddable":true,"href":"https:\/\/advance.dcu.ie\/vi\/wp-json\/wp\/v2\/pages\/11060"}],"wp:attachment":[{"href":"https:\/\/advance.dcu.ie\/vi\/wp-json\/wp\/v2\/media?parent=11079"}],"curies":[{"name":"wp","href":"https:\/\/api.w.org\/{rel}","templated":true}]}}