{"id":11060,"date":"2022-09-02T14:24:51","date_gmt":"2022-09-02T14:24:51","guid":{"rendered":"https:\/\/advance.dcu.ie\/?page_id=11060"},"modified":"2023-12-07T16:30:17","modified_gmt":"2023-12-07T16:30:17","slug":"lien-he-chung-toi","status":"publish","type":"page","link":"https:\/\/advance.dcu.ie\/vi\/lien-he-chung-toi\/","title":{"rendered":"Li\u00ean h\u1ec7 ch\u00fang t\u00f4i"},"content":{"rendered":"<section class=\"l-section wpb_row home-banner inner-page-banner height_auto width_full\"><div class=\"l-section-h i-cf\"><div class=\"g-cols via_grid cols_2 laptops-cols_inherit tablets-cols_inherit mobiles-cols_1 valign_top type_default\"><div class=\"wpb_column vc_column_container home-banner-content\"><div class=\"vc_column-inner\">[vc_raw_html el_class=&#8221;breadcrumbs&#8221;]W3dwc2VvX2JyZWFkY3J1bWJd[\/vc_raw_html]<div id=\"ultimate-heading-337569f396be08f23\" class=\"uvc-heading ult-adjust-bottom-margin ultimate-heading-337569f396be08f23 uvc-1440 \" data-hspacer=\"no_spacer\"  data-halign=\"left\" style=\"text-align:left\"><div class=\"uvc-heading-spacer no_spacer\" style=\"top\"><\/div><div class=\"uvc-main-heading ult-responsive\"  data-ultimate-target='.uvc-heading.ultimate-heading-337569f396be08f23 h1'  data-responsive-json-new='{\"font-size\":\"\",\"line-height\":\"\"}' ><h1 style=\"font-weight:normal;\">Li\u00ean h\u1ec7 ch\u00fang t\u00f4i<\/h1><\/div><div class=\"uvc-sub-heading ult-responsive\"  data-ultimate-target='.uvc-heading.ultimate-heading-337569f396be08f23 .uvc-sub-heading '  data-responsive-json-new='{\"font-size\":\"\",\"line-height\":\"\"}'  style=\"font-weight:normal;\">Ch\u00fang t\u00f4i r\u1ea5t s\u1eb5n l\u00f2ng h\u1ed7 tr\u1ee3 b\u1ea1n v\u1edbi b\u1ea5t k\u1ef3 c\u00e2u h\u1ecfi n\u00e0o b\u1ea1n c\u00f3 th\u1ec3 c\u00f3 v\u1ec1 c\u00e1c ch\u01b0\u01a1ng tr\u00ecnh c\u1ee7a ch\u00fang t\u00f4i. \u0110\u00e2y l\u00e0 c\u00e1ch b\u1ea1n c\u00f3 th\u1ec3 li\u00ean h\u1ec7 v\u1edbi ch\u00fang t\u00f4i.<\/div><\/div><\/div><\/div><div class=\"wpb_column vc_column_container home-banner-image\"><div class=\"vc_column-inner\"><div class=\"w-image align_none\"><div class=\"w-image-h\"><img loading=\"lazy\" decoding=\"async\" width=\"1000\" height=\"451\" src=\"https:\/\/advance.dcu.ie\/wp-content\/uploads\/2021\/10\/contact-us-cover-dcu.jpg\" class=\"attachment-full size-full\" alt=\"\" srcset=\"https:\/\/advance.dcu.ie\/wp-content\/uploads\/2021\/10\/contact-us-cover-dcu.jpg 1000w, https:\/\/advance.dcu.ie\/wp-content\/uploads\/2021\/10\/contact-us-cover-dcu-300x135.jpg 300w, https:\/\/advance.dcu.ie\/wp-content\/uploads\/2021\/10\/contact-us-cover-dcu-18x8.jpg 18w\" sizes=\"auto, (max-width: 1000px) 100vw, 1000px\" \/><\/div><\/div><\/div><\/div><\/div><\/div><\/section><section class=\"l-section wpb_row living-dublin-section why-dcu-section first-section height_auto\"><div class=\"l-section-h i-cf\"><div class=\"g-cols via_grid cols_1 laptops-cols_inherit tablets-cols_inherit mobiles-cols_1 valign_top type_default\"><div class=\"wpb_column vc_column_container\"><div class=\"vc_column-inner\"><div id=\"ultimate-heading-660069f396be0af9b\" class=\"uvc-heading ult-adjust-bottom-margin ultimate-heading-660069f396be0af9b uvc-3305 l-height\" data-hspacer=\"no_spacer\"  data-halign=\"left\" style=\"text-align:left\"><div class=\"uvc-heading-spacer no_spacer\" style=\"top\"><\/div><div class=\"uvc-main-heading ult-responsive\"  data-ultimate-target='.uvc-heading.ultimate-heading-660069f396be0af9b h2'  data-responsive-json-new='{\"font-size\":\"\",\"line-height\":\"\"}' ><h2 style=\"font-weight:normal;\">Ch\u00fang t\u00f4i \u1edf \u0111\u00e2y \u0111\u1ec3 h\u1ed7 tr\u1ee3 b\u1ea1n<\/h2><\/div><div class=\"uvc-sub-heading ult-responsive\"  data-ultimate-target='.uvc-heading.ultimate-heading-660069f396be0af9b .uvc-sub-heading '  data-responsive-json-new='{\"font-size\":\"\",\"line-height\":\"\"}'  style=\"font-weight:normal;\"><span style=\"font-weight: 400;\">N\u1ebfu b\u1ea1n mu\u1ed1n bi\u1ebft th\u00eam th\u00f4ng tin v\u1ec1 c\u00e1c ch\u01b0\u01a1ng tr\u00ecnh d\u1ef1 b\u1ecb qu\u1ed1c t\u1ebf c\u1ee7a ch\u00fang t\u00f4i, vui l\u00f2ng xem b\u00ean d\u01b0\u1edbi \u0111\u1ec3 bi\u1ebft chi ti\u1ebft li\u00ean h\u1ec7:<\/span><\/div><\/div><\/div><\/div><\/div><\/div><\/section><section class=\"l-section wpb_row us_custom_abf1115f living-dublin-section why-dcu-section first-section height_auto\"><div class=\"l-section-h i-cf\"><div class=\"g-cols via_grid cols_2 laptops-cols_inherit tablets-cols_inherit mobiles-cols_1 valign_top type_default\"><div class=\"wpb_column vc_column_container\"><div class=\"vc_column-inner\"><div id=\"ultimate-heading-512469f396be0b303\" class=\"uvc-heading ult-adjust-bottom-margin ultimate-heading-512469f396be0b303 uvc-2076 l-width\" data-hspacer=\"no_spacer\"  data-halign=\"left\" style=\"text-align:left\"><div class=\"uvc-heading-spacer no_spacer\" style=\"top\"><\/div><div class=\"uvc-main-heading ult-responsive\"  data-ultimate-target='.uvc-heading.ultimate-heading-512469f396be0b303 h4'  data-responsive-json-new='{\"font-size\":\"\",\"line-height\":\"\"}' ><h4 style=\"font-weight:normal;\">\u0110\u1ed9i ng\u0169 b\u00e1n h\u00e0ng \/ Y\u00eau c\u1ea7u kh\u00f3a h\u1ecdc \/ Quan h\u1ec7 \u0111\u1ed1i t\u00e1c<\/h4><\/div><div class=\"uvc-sub-heading ult-responsive\"  data-ultimate-target='.uvc-heading.ultimate-heading-512469f396be0b303 .uvc-sub-heading '  data-responsive-json-new='{\"font-size\":\"\",\"line-height\":\"\"}'  style=\"font-weight:normal;\">\u0110i\u1ec7n tho\u1ea1i: +353 (01) 700 5678 E: <a class=\"simple-link\" href=\"mailto:intl.pathways@dcu.ie\">intl.pathways@dcu.ie<\/a><\/div><\/div><\/div><\/div><div class=\"wpb_column vc_column_container\"><div class=\"vc_column-inner\"><div id=\"ultimate-heading-385369f396be0b431\" class=\"uvc-heading ult-adjust-bottom-margin ultimate-heading-385369f396be0b431 uvc-8621 l-width\" data-hspacer=\"no_spacer\"  data-halign=\"left\" style=\"text-align:left\"><div class=\"uvc-heading-spacer no_spacer\" style=\"top\"><\/div><div class=\"uvc-main-heading ult-responsive\"  data-ultimate-target='.uvc-heading.ultimate-heading-385369f396be0b431 h4'  data-responsive-json-new='{\"font-size\":\"\",\"line-height\":\"\"}' ><h4 style=\"font-weight:normal;\">\u0110\u1ed9i ng\u0169 gi\u00e1o d\u1ee5c<\/h4><\/div><div class=\"uvc-sub-heading ult-responsive\"  data-ultimate-target='.uvc-heading.ultimate-heading-385369f396be0b431 .uvc-sub-heading '  data-responsive-json-new='{\"font-size\":\"\",\"line-height\":\"\"}'  style=\"font-weight:normal;\">\u0110i\u1ec7n tho\u1ea1i: +353 (01) 700 6413<\/div><\/div><\/div><\/div><\/div><\/div><\/section><section class=\"l-section wpb_row why-dcu-section second-section has-info-box height_auto\"><div class=\"l-section-h i-cf\"><div class=\"g-cols via_grid cols_1 laptops-cols_inherit tablets-cols_inherit mobiles-cols_1 valign_top type_default\" style=\"grid-gap:0;\"><div class=\"wpb_column vc_column_container\"><div class=\"vc_column-inner\"><div class=\"g-cols wpb_row image-info-box image-left-box via_grid cols_2 laptops-cols_inherit tablets-cols_inherit mobiles-cols_1 valign_top type_default\" style=\"grid-gap:0;\"><div class=\"wpb_column vc_column_container image-col\"><div class=\"vc_column-inner\"><div id='wrap_map_69f396be0bb6e' class='ultimate-map-wrapper ult-adjust-bottom-margin hidden' style=' height:400px;'><div id='map_69f396be0bb6e' data-map_override='0' class='ultimate_google_map wpb_content_element ' style='width:100%;height:400px;'><\/div><\/div><script type='text\/javascript'>\r\n\t\t\t(function($) {\r\n  \t\t\t'use strict';\r\n\t\t\tvar map_map_69f396be0bb6e = null;\r\n\t\t\tvar coordinate_map_69f396be0bb6e;\r\n\t\t\tvar isDraggable = $(document).width() > 641 ? true : true;\r\n\t\t\ttry\r\n\t\t\t{\r\n\t\t\t\tvar map_map_69f396be0bb6e = null;\r\n\t\t\t\tvar coordinate_map_69f396be0bb6e;\r\n\t\t\t\tcoordinate_map_69f396be0bb6e=new google.maps.LatLng(53.38576683002766, -6.25879738465474);\r\n\t\t\t\tvar mapOptions=\r\n\t\t\t\t{\r\n\t\t\t\t\tzoom: 14,\r\n\t\t\t\t\tcenter: coordinate_map_69f396be0bb6e,\r\n\t\t\t\t\tscaleControl: true,\r\n\t\t\t\t\tstreetViewControl: false,\r\n\t\t\t\t\tmapTypeControl: false,\r\n\t\t\t\t\tpanControl: false,\r\n\t\t\t\t\tzoomControl: true,\r\n\t\t\t\t\tscrollwheel: true,\r\n\t\t\t\t\tdraggable: isDraggable,\r\n\t\t\t\t\tzoomControlOptions: {\r\n\t\t\t\t\t\tposition: google.maps.ControlPosition.RIGHT_BOTTOM\r\n\t\t\t\t\t},mapTypeId: google.maps.MapTypeId.ROADMAP,};var map_map_69f396be0bb6e = new google.maps.Map(document.getElementById('map_69f396be0bb6e'),mapOptions);\r\n\t\t\t\t\t\tvar x = 'infowindow_open_value';\r\n\t\t\t\t\t\tvar marker_map_69f396be0bb6e = new google.maps.Marker({\r\n\t\t\t\t\t\tposition: new google.maps.LatLng(53.38576683002766, -6.25879738465474),\r\n\t\t\t\t\t\tanimation:  google.maps.Animation.DROP,\r\n\t\t\t\t\t\tmap: map_map_69f396be0bb6e,\r\n\t\t\t\t\t\ticon: ''\r\n\t\t\t\t\t});var infowindow = new google.maps.InfoWindow();\r\n\t\t\t\t\t\t\tinfowindow.setContent('<div class=\"map_info_text\" style=\\'color:#000;\\'>\u0110\u1ea1i h\u1ecdc Th\u00e0nh ph\u1ed1 Dublin, Collins Ave Ext, Whitehall, Dublin 9<\/div>');google.maps.event.addListener(marker_map_69f396be0bb6e, 'click', function() {\r\n\t\t\t\t\t\t\t\tinfowindow.open(map_map_69f396be0bb6e,marker_map_69f396be0bb6e);\r\n\t\t\t\t\t\t  \t});}\r\n\t\t\tcatch(e){};\r\n\t\t\tjQuery(document).ready(function($){\r\n\t\t\t\tgoogle.maps.event.trigger(map_map_69f396be0bb6e, 'resize');\r\n\t\t\t\t$(window).resize(function(){\r\n\t\t\t\t\tgoogle.maps.event.trigger(map_map_69f396be0bb6e, 'resize');\r\n\t\t\t\t\tif(map_map_69f396be0bb6e!=null)\r\n\t\t\t\t\t\tmap_map_69f396be0bb6e.setCenter(coordinate_map_69f396be0bb6e);\r\n\t\t\t\t});\r\n\t\t\t\t$('.ui-tabs').bind('tabsactivate', function(event, ui) {\r\n\t\t\t\t   if($(this).find('.ultimate-map-wrapper').length > 0)\r\n\t\t\t\t\t{\r\n\t\t\t\t\t\tsetTimeout(function(){\r\n\t\t\t\t\t\t\t$(window).trigger('resize');\r\n\t\t\t\t\t\t},200);\r\n\t\t\t\t\t}\r\n\t\t\t\t});\r\n\t\t\t\t$('.ui-accordion').bind('accordionactivate', function(event, ui) {\r\n\t\t\t\t   if($(this).find('.ultimate-map-wrapper').length > 0)\r\n\t\t\t\t\t{\r\n\t\t\t\t\t\tsetTimeout(function(){\r\n\t\t\t\t\t\t\t$(window).trigger('resize');\r\n\t\t\t\t\t\t},200);\r\n\t\t\t\t\t}\r\n\t\t\t\t});\r\n\t\t\t\t$(window).on('load',function(){\r\n\t\t\t\t\tsetTimeout(function(){\r\n\t\t\t\t\t\t$(window).trigger('resize');\r\n\t\t\t\t\t},200);\r\n\t\t\t\t});\r\n\t\t\t\t$('.ult_exp_section').select(function(){\r\n\t\t\t\t\tif($(map_map_69f396be0bb6e).parents('.ult_exp_section'))\r\n\t\t\t\t\t{\r\n\t\t\t\t\t\tsetTimeout(function(){\r\n\t\t\t\t\t\t\t$(window).trigger('resize');\r\n\t\t\t\t\t\t},200);\r\n\t\t\t\t\t}\r\n\t\t\t\t});\r\n\t\t\t\t$(document).on('onUVCModalPopupOpen', function(){\r\n\t\t\t\t\tif($(map_map_69f396be0bb6e).parents('.ult_modal-content'))\r\n\t\t\t\t\t{\r\n\t\t\t\t\t\tsetTimeout(function(){\r\n\t\t\t\t\t\t\t$(window).trigger('resize');\r\n\t\t\t\t\t\t},200);\r\n\t\t\t\t\t}\r\n\t\t\t\t});\r\n\t\t\t\t$(document).on('click','.ult_tab_li',function(){\r\n\t\t\t\t\t$(window).trigger('resize');\r\n\t\t\t\t\tsetTimeout(function(){\r\n\t\t\t\t\t\t$(window).trigger('resize');\r\n\t\t\t\t\t},200);\r\n\t\t\t\t});\r\n\t\t\t});\r\n\t\t\tfunction toggleBounce() {\r\n\t\t\t  if (marker_map_69f396be0bb6e.getAnimation() != null) {\r\n\t\t\t\tmarker_map_69f396be0bb6e.setAnimation(null);\r\n\t\t\t  } else {\r\n\t\t\t\tmarker_map_69f396be0bb6e.setAnimation(google.maps.Animation.BOUNCE);\r\n\t\t\t  }\r\n\t\t\t}\r\n\t\t\t})(jQuery);\r\n\t\t\t<\/script><div class=\"w-html\"><iframe src=\"https:\/\/www.google.com\/maps\/embed?pb=!1m18!1m12!1m3!1d19036.997509526114!2d-6.2587970020094685!3d53.385764438360845!2m3!1f0!2f0!3f0!3m2!1i1024!2i768!4f13.1!3m3!1m2!1s0x48670e1b2f9d5d03%3A0x12bb45984107c2a8!2sDublin%20City%20University!5e0!3m2!1sen!2sus!4v1636644736648!5m2!1sen!2sus\" width=\"545\" height=\"400\" style=\"border:0;\" allowfullscreen=\"\" loading=\"lazy\"><\/iframe><\/div><\/div><\/div><div class=\"wpb_column vc_column_container content-col\"><div class=\"vc_column-inner\"><div id=\"ultimate-heading-110669f396be0c2e6\" class=\"uvc-heading ult-adjust-bottom-margin ultimate-heading-110669f396be0c2e6 uvc-4241 l-width\" data-hspacer=\"no_spacer\"  data-halign=\"left\" style=\"text-align:left\"><div class=\"uvc-heading-spacer no_spacer\" style=\"top\"><\/div><div class=\"uvc-main-heading ult-responsive\"  data-ultimate-target='.uvc-heading.ultimate-heading-110669f396be0c2e6 h3'  data-responsive-json-new='{\"font-size\":\"\",\"line-height\":\"\"}' ><h3 style=\"font-weight:normal;\">\u0110\u1ecba \u0111i\u1ec3m v\u0103n ph\u00f2ng DCU<\/h3><\/div><div class=\"uvc-sub-heading ult-responsive\"  data-ultimate-target='.uvc-heading.ultimate-heading-110669f396be0c2e6 .uvc-sub-heading '  data-responsive-json-new='{\"font-size\":\"\",\"line-height\":\"\"}'  style=\"font-weight:normal;\"><strong>D\u1ecbch v\u1ee5 ng\u00f4n ng\u1eef \u0110\u1ea1i h\u1ecdc Th\u00e0nh ph\u1ed1 Dublin<\/strong><br \/>\nDublin City University \u2013 Glasnevin Campus<br \/>\nCollins Avenue Extension<br \/>\nInvent Building<br \/>\nDublin 9 &#8211; D09 PH2K<\/div><\/div><div class=\"w-btn-wrapper align_none\"><a class=\"w-btn us-btn-style_1 primary-button red-button\" target=\"_blank\" href=\"https:\/\/advance.dcu.ie\/wp-content\/uploads\/2021\/10\/glasnevin_campus_2019.pdf\" rel=\"noopener\"><span class=\"w-btn-label\">T\u1ea3i xu\u1ed1ng B\u1ea3n \u0111\u1ed3 Khu\u00f4n vi\u00ean Glasnevin<\/span><\/a><\/div><\/div><\/div><\/div><\/div><\/div><\/div><\/div><\/section><section class=\"l-section wpb_row us_custom_3352664f living-dublin-section why-dcu-section first-section height_auto\"><div class=\"l-section-h i-cf\"><div class=\"g-cols via_grid cols_1 laptops-cols_inherit tablets-cols_inherit mobiles-cols_1 valign_top type_default\"><div class=\"wpb_column vc_column_container\"><div class=\"vc_column-inner\"><div id=\"ultimate-heading-256969f396be0c9b9\" class=\"uvc-heading ult-adjust-bottom-margin ultimate-heading-256969f396be0c9b9 uvc-4159 l-width main-heading\" data-hspacer=\"no_spacer\"  data-halign=\"left\" style=\"text-align:left\"><div class=\"uvc-heading-spacer no_spacer\" style=\"top\"><\/div><div class=\"uvc-main-heading ult-responsive\"  data-ultimate-target='.uvc-heading.ultimate-heading-256969f396be0c9b9 h3'  data-responsive-json-new='{\"font-size\":\"\",\"line-height\":\"\"}' ><h3 style=\"font-weight:normal;\">G\u1eedi bi\u1ec3u m\u1eabu y\u00eau c\u1ea7u tr\u1ef1c tuy\u1ebfn<\/h3><\/div><div class=\"uvc-sub-heading ult-responsive\"  data-ultimate-target='.uvc-heading.ultimate-heading-256969f396be0c9b9 .uvc-sub-heading '  data-responsive-json-new='{\"font-size\":\"\",\"line-height\":\"\"}'  style=\"font-weight:normal;\">Vui l\u00f2ng \u0111i\u1ec1n v\u00e0o m\u1eabu y\u00eau c\u1ea7u b\u00ean d\u01b0\u1edbi v\u00e0 m\u1ed9t trong nh\u1eefng nh\u00f3m c\u1ee7a ch\u00fang t\u00f4i s\u1ebd li\u00ean h\u1ec7 l\u1ea1i v\u1edbi b\u1ea1n s\u1edbm nh\u1ea5t c\u00f3 th\u1ec3.<\/div><\/div><\/div><\/div><div class=\"wpb_column vc_column_container\"><div class=\"vc_column-inner\"><div class=\"w-html\"><script charset=\"utf-8\" type=\"text\/javascript\" src=\"\/\/js.hsforms.net\/forms\/v2.js\"><\/script>\n<script>\n  hbspt.forms.create({\n    region: \"na1\",\n    portalId: \"7894775\",\n    formId: \"55b2cb22-f96e-4643-9523-95198c93c746\"\n  });\n<\/script><\/div><\/div><\/div><\/div><\/div><\/section>\n","protected":false},"excerpt":{"rendered":"[vc_raw_html el_class=\"breadcrumbs\"]W3dwc2VvX2JyZWFkY3J1bWJd[\/vc_raw_html]Li\u00ean h\u1ec7 ch\u00fang t\u00f4iCh\u00fang t\u00f4i r\u1ea5t s\u1eb5n l\u00f2ng h\u1ed7 tr\u1ee3 b\u1ea1n v\u1edbi b\u1ea5t k\u1ef3 c\u00e2u h\u1ecfi n\u00e0o b\u1ea1n c\u00f3 th\u1ec3 c\u00f3 v\u1ec1 c\u00e1c ch\u01b0\u01a1ng tr\u00ecnh c\u1ee7a ch\u00fang t\u00f4i. \u0110\u00e2y l\u00e0 c\u00e1ch b\u1ea1n c\u00f3 th\u1ec3 li\u00ean h\u1ec7 v\u1edbi ch\u00fang t\u00f4i.Ch\u00fang t\u00f4i \u1edf \u0111\u00e2y \u0111\u1ec3 h\u1ed7 tr\u1ee3 b\u1ea1nN\u1ebfu b\u1ea1n mu\u1ed1n bi\u1ebft th\u00eam th\u00f4ng tin v\u1ec1 c\u00e1c...","protected":false},"author":2,"featured_media":0,"parent":0,"menu_order":0,"comment_status":"closed","ping_status":"closed","template":"","meta":{"_acf_changed":false,"content-type":"","inline_featured_image":false,"footnotes":""},"class_list":["post-11060","page","type-page","status-publish","hentry"],"acf":[],"yoast_head":"<!-- This site is optimized with the Yoast SEO plugin v27.5 - https:\/\/yoast.com\/product\/yoast-seo-wordpress\/ -->\n<title>Li\u00ean h\u1ec7 ch\u00fang t\u00f4i | DCU Advance<\/title>\n<meta name=\"description\" content=\"N\u1ebfu b\u1ea1n mu\u1ed1n bi\u1ebft th\u00eam th\u00f4ng tin v\u1ec1 c\u00e1c ch\u01b0\u01a1ng tr\u00ecnh d\u1ef1 b\u1ecb qu\u1ed1c t\u1ebf c\u1ee7a ch\u00fang t\u00f4i, vui l\u00f2ng li\u00ean h\u1ec7 v\u1edbi ch\u00fang t\u00f4i. \u0110\u00e2y l\u00e0 c\u00e1ch b\u1ea1n c\u00f3 th\u1ec3 li\u00ean h\u1ec7 v\u1edbi ch\u00fang t\u00f4i.\" \/>\n<meta name=\"robots\" content=\"index, follow, max-snippet:-1, max-image-preview:large, max-video-preview:-1\" \/>\n<link rel=\"canonical\" href=\"https:\/\/advance.dcu.ie\/vi\/lien-he-chung-toi\/\" \/>\n<meta property=\"og:locale\" content=\"vi_VN\" \/>\n<meta property=\"og:type\" content=\"article\" \/>\n<meta property=\"og:title\" content=\"Li\u00ean h\u1ec7 ch\u00fang t\u00f4i | DCU Advance\" \/>\n<meta property=\"og:description\" content=\"N\u1ebfu b\u1ea1n mu\u1ed1n bi\u1ebft th\u00eam th\u00f4ng tin v\u1ec1 c\u00e1c ch\u01b0\u01a1ng tr\u00ecnh d\u1ef1 b\u1ecb qu\u1ed1c t\u1ebf c\u1ee7a ch\u00fang t\u00f4i, vui l\u00f2ng li\u00ean h\u1ec7 v\u1edbi ch\u00fang t\u00f4i. \u0110\u00e2y l\u00e0 c\u00e1ch b\u1ea1n c\u00f3 th\u1ec3 li\u00ean h\u1ec7 v\u1edbi ch\u00fang t\u00f4i.\" \/>\n<meta property=\"og:url\" content=\"https:\/\/advance.dcu.ie\/vi\/lien-he-chung-toi\/\" \/>\n<meta property=\"og:site_name\" content=\"DCU Advance\" \/>\n<meta property=\"article:modified_time\" content=\"2023-12-07T16:30:17+00:00\" \/>\n<meta name=\"twitter:card\" content=\"summary_large_image\" \/>\n<meta name=\"twitter:label1\" content=\"Est. reading time\" \/>\n\t<meta name=\"twitter:data1\" content=\"2 minutes\" \/>\n<script type=\"application\/ld+json\" class=\"yoast-schema-graph\">{\"@context\":\"https:\\\/\\\/schema.org\",\"@graph\":[{\"@type\":\"WebPage\",\"@id\":\"https:\\\/\\\/advance.dcu.ie\\\/vi\\\/lien-he-chung-toi\\\/\",\"url\":\"https:\\\/\\\/advance.dcu.ie\\\/vi\\\/lien-he-chung-toi\\\/\",\"name\":\"Li\u00ean h\u1ec7 ch\u00fang t\u00f4i | DCU Advance\",\"isPartOf\":{\"@id\":\"https:\\\/\\\/advance.dcu.ie\\\/#website\"},\"datePublished\":\"2022-09-02T14:24:51+00:00\",\"dateModified\":\"2023-12-07T16:30:17+00:00\",\"description\":\"N\u1ebfu b\u1ea1n mu\u1ed1n bi\u1ebft th\u00eam th\u00f4ng tin v\u1ec1 c\u00e1c ch\u01b0\u01a1ng tr\u00ecnh d\u1ef1 b\u1ecb qu\u1ed1c t\u1ebf c\u1ee7a ch\u00fang t\u00f4i, vui l\u00f2ng li\u00ean h\u1ec7 v\u1edbi ch\u00fang t\u00f4i. \u0110\u00e2y l\u00e0 c\u00e1ch b\u1ea1n c\u00f3 th\u1ec3 li\u00ean h\u1ec7 v\u1edbi ch\u00fang t\u00f4i.\",\"breadcrumb\":{\"@id\":\"https:\\\/\\\/advance.dcu.ie\\\/vi\\\/lien-he-chung-toi\\\/#breadcrumb\"},\"inLanguage\":\"vi-VN\",\"potentialAction\":[{\"@type\":\"ReadAction\",\"target\":[\"https:\\\/\\\/advance.dcu.ie\\\/vi\\\/lien-he-chung-toi\\\/\"]}]},{\"@type\":\"BreadcrumbList\",\"@id\":\"https:\\\/\\\/advance.dcu.ie\\\/vi\\\/lien-he-chung-toi\\\/#breadcrumb\",\"itemListElement\":[{\"@type\":\"ListItem\",\"position\":1,\"name\":\"Nh\u00e0\",\"item\":\"https:\\\/\\\/advance.dcu.ie\\\/vi\\\/\"},{\"@type\":\"ListItem\",\"position\":2,\"name\":\"Li\u00ean h\u1ec7 ch\u00fang t\u00f4i\"}]},{\"@type\":\"WebSite\",\"@id\":\"https:\\\/\\\/advance.dcu.ie\\\/#website\",\"url\":\"https:\\\/\\\/advance.dcu.ie\\\/\",\"name\":\"DCU Advance\",\"description\":\"DCU Pathway Programmes\",\"publisher\":{\"@id\":\"https:\\\/\\\/advance.dcu.ie\\\/#organization\"},\"potentialAction\":[{\"@type\":\"SearchAction\",\"target\":{\"@type\":\"EntryPoint\",\"urlTemplate\":\"https:\\\/\\\/advance.dcu.ie\\\/?s={search_term_string}\"},\"query-input\":{\"@type\":\"PropertyValueSpecification\",\"valueRequired\":true,\"valueName\":\"search_term_string\"}}],\"inLanguage\":\"vi-VN\"},{\"@type\":\"Organization\",\"@id\":\"https:\\\/\\\/advance.dcu.ie\\\/#organization\",\"name\":\"Dublin City University\",\"url\":\"https:\\\/\\\/advance.dcu.ie\\\/\",\"logo\":{\"@type\":\"ImageObject\",\"inLanguage\":\"vi-VN\",\"@id\":\"https:\\\/\\\/advance.dcu.ie\\\/#\\\/schema\\\/logo\\\/image\\\/\",\"url\":\"https:\\\/\\\/advance.dcu.ie\\\/wp-content\\\/uploads\\\/2021\\\/08\\\/dcu-int-logo.svg\",\"contentUrl\":\"https:\\\/\\\/advance.dcu.ie\\\/wp-content\\\/uploads\\\/2021\\\/08\\\/dcu-int-logo.svg\",\"width\":\"1024\",\"height\":\"1024\",\"caption\":\"Dublin City University\"},\"image\":{\"@id\":\"https:\\\/\\\/advance.dcu.ie\\\/#\\\/schema\\\/logo\\\/image\\\/\"}}]}<\/script>\n<!-- \/ Yoast SEO plugin. -->","yoast_head_json":{"title":"Li\u00ean h\u1ec7 ch\u00fang t\u00f4i | DCU Advance","description":"N\u1ebfu b\u1ea1n mu\u1ed1n bi\u1ebft th\u00eam th\u00f4ng tin v\u1ec1 c\u00e1c ch\u01b0\u01a1ng tr\u00ecnh d\u1ef1 b\u1ecb qu\u1ed1c t\u1ebf c\u1ee7a ch\u00fang t\u00f4i, vui l\u00f2ng li\u00ean h\u1ec7 v\u1edbi ch\u00fang t\u00f4i. \u0110\u00e2y l\u00e0 c\u00e1ch b\u1ea1n c\u00f3 th\u1ec3 li\u00ean h\u1ec7 v\u1edbi ch\u00fang t\u00f4i.","robots":{"index":"index","follow":"follow","max-snippet":"max-snippet:-1","max-image-preview":"max-image-preview:large","max-video-preview":"max-video-preview:-1"},"canonical":"https:\/\/advance.dcu.ie\/vi\/lien-he-chung-toi\/","og_locale":"vi_VN","og_type":"article","og_title":"Li\u00ean h\u1ec7 ch\u00fang t\u00f4i | DCU Advance","og_description":"N\u1ebfu b\u1ea1n mu\u1ed1n bi\u1ebft th\u00eam th\u00f4ng tin v\u1ec1 c\u00e1c ch\u01b0\u01a1ng tr\u00ecnh d\u1ef1 b\u1ecb qu\u1ed1c t\u1ebf c\u1ee7a ch\u00fang t\u00f4i, vui l\u00f2ng li\u00ean h\u1ec7 v\u1edbi ch\u00fang t\u00f4i. \u0110\u00e2y l\u00e0 c\u00e1ch b\u1ea1n c\u00f3 th\u1ec3 li\u00ean h\u1ec7 v\u1edbi ch\u00fang t\u00f4i.","og_url":"https:\/\/advance.dcu.ie\/vi\/lien-he-chung-toi\/","og_site_name":"DCU Advance","article_modified_time":"2023-12-07T16:30:17+00:00","twitter_card":"summary_large_image","twitter_misc":{"Est. reading time":"2 minutes"},"schema":{"@context":"https:\/\/schema.org","@graph":[{"@type":"WebPage","@id":"https:\/\/advance.dcu.ie\/vi\/lien-he-chung-toi\/","url":"https:\/\/advance.dcu.ie\/vi\/lien-he-chung-toi\/","name":"Li\u00ean h\u1ec7 ch\u00fang t\u00f4i | DCU Advance","isPartOf":{"@id":"https:\/\/advance.dcu.ie\/#website"},"datePublished":"2022-09-02T14:24:51+00:00","dateModified":"2023-12-07T16:30:17+00:00","description":"N\u1ebfu b\u1ea1n mu\u1ed1n bi\u1ebft th\u00eam th\u00f4ng tin v\u1ec1 c\u00e1c ch\u01b0\u01a1ng tr\u00ecnh d\u1ef1 b\u1ecb qu\u1ed1c t\u1ebf c\u1ee7a ch\u00fang t\u00f4i, vui l\u00f2ng li\u00ean h\u1ec7 v\u1edbi ch\u00fang t\u00f4i. \u0110\u00e2y l\u00e0 c\u00e1ch b\u1ea1n c\u00f3 th\u1ec3 li\u00ean h\u1ec7 v\u1edbi ch\u00fang t\u00f4i.","breadcrumb":{"@id":"https:\/\/advance.dcu.ie\/vi\/lien-he-chung-toi\/#breadcrumb"},"inLanguage":"vi-VN","potentialAction":[{"@type":"ReadAction","target":["https:\/\/advance.dcu.ie\/vi\/lien-he-chung-toi\/"]}]},{"@type":"BreadcrumbList","@id":"https:\/\/advance.dcu.ie\/vi\/lien-he-chung-toi\/#breadcrumb","itemListElement":[{"@type":"ListItem","position":1,"name":"Nh\u00e0","item":"https:\/\/advance.dcu.ie\/vi\/"},{"@type":"ListItem","position":2,"name":"Li\u00ean h\u1ec7 ch\u00fang t\u00f4i"}]},{"@type":"WebSite","@id":"https:\/\/advance.dcu.ie\/#website","url":"https:\/\/advance.dcu.ie\/","name":"DCU Advance","description":"DCU Pathway Programmes","publisher":{"@id":"https:\/\/advance.dcu.ie\/#organization"},"potentialAction":[{"@type":"SearchAction","target":{"@type":"EntryPoint","urlTemplate":"https:\/\/advance.dcu.ie\/?s={search_term_string}"},"query-input":{"@type":"PropertyValueSpecification","valueRequired":true,"valueName":"search_term_string"}}],"inLanguage":"vi-VN"},{"@type":"Organization","@id":"https:\/\/advance.dcu.ie\/#organization","name":"Dublin City University","url":"https:\/\/advance.dcu.ie\/","logo":{"@type":"ImageObject","inLanguage":"vi-VN","@id":"https:\/\/advance.dcu.ie\/#\/schema\/logo\/image\/","url":"https:\/\/advance.dcu.ie\/wp-content\/uploads\/2021\/08\/dcu-int-logo.svg","contentUrl":"https:\/\/advance.dcu.ie\/wp-content\/uploads\/2021\/08\/dcu-int-logo.svg","width":"1024","height":"1024","caption":"Dublin City University"},"image":{"@id":"https:\/\/advance.dcu.ie\/#\/schema\/logo\/image\/"}}]}},"_links":{"self":[{"href":"https:\/\/advance.dcu.ie\/vi\/wp-json\/wp\/v2\/pages\/11060","targetHints":{"allow":["GET"]}}],"collection":[{"href":"https:\/\/advance.dcu.ie\/vi\/wp-json\/wp\/v2\/pages"}],"about":[{"href":"https:\/\/advance.dcu.ie\/vi\/wp-json\/wp\/v2\/types\/page"}],"author":[{"embeddable":true,"href":"https:\/\/advance.dcu.ie\/vi\/wp-json\/wp\/v2\/users\/2"}],"replies":[{"embeddable":true,"href":"https:\/\/advance.dcu.ie\/vi\/wp-json\/wp\/v2\/comments?post=11060"}],"version-history":[{"count":4,"href":"https:\/\/advance.dcu.ie\/vi\/wp-json\/wp\/v2\/pages\/11060\/revisions"}],"predecessor-version":[{"id":12337,"href":"https:\/\/advance.dcu.ie\/vi\/wp-json\/wp\/v2\/pages\/11060\/revisions\/12337"}],"wp:attachment":[{"href":"https:\/\/advance.dcu.ie\/vi\/wp-json\/wp\/v2\/media?parent=11060"}],"curies":[{"name":"wp","href":"https:\/\/api.w.org\/{rel}","templated":true}]}}