{"id":11031,"date":"2022-08-17T11:27:34","date_gmt":"2022-08-17T11:27:34","guid":{"rendered":"https:\/\/advance.dcu.ie\/?page_id=11031"},"modified":"2025-12-10T16:21:28","modified_gmt":"2025-12-10T16:21:28","slug":"chinh-sach-bao-ve-du-lieu","status":"publish","type":"page","link":"https:\/\/advance.dcu.ie\/vi\/chinh-sach-bao-ve-du-lieu\/","title":{"rendered":"Ch\u00ednh s\u00e1ch b\u1ea3o v\u1ec7 d\u1eef li\u1ec7u"},"content":{"rendered":"<section class=\"l-section wpb_row why-dcu-section eight-section student-life-container height_auto\"><div class=\"l-section-h i-cf\"><div class=\"g-cols via_grid cols_1 laptops-cols_inherit tablets-cols_inherit mobiles-cols_1 valign_top type_default\"><div class=\"wpb_column vc_column_container\"><div class=\"vc_column-inner\"><div id=\"ultimate-heading-537969e93e6a0848e\" class=\"uvc-heading ult-adjust-bottom-margin ultimate-heading-537969e93e6a0848e uvc-1657 l-width main-heading\" data-hspacer=\"no_spacer\"  data-halign=\"left\" style=\"text-align:left\"><div class=\"uvc-heading-spacer no_spacer\" style=\"top\"><\/div><div class=\"uvc-main-heading ult-responsive\"  data-ultimate-target='.uvc-heading.ultimate-heading-537969e93e6a0848e h2'  data-responsive-json-new='{\"font-size\":\"\",\"line-height\":\"\"}' ><h2 style=\"font-weight:normal;\">B\u1ea3o v\u1ec7 d\u1eef li\u1ec7u<\/h2><\/div><\/div><div class=\"wpb_text_column\"><div class=\"wpb_wrapper\"><p><span data-sheets-root=\"1\">Ch\u00e0o m\u1eebng b\u1ea1n \u0111\u1ebfn v\u1edbi m\u1ee5c b\u1ea3o v\u1ec7 d\u1eef li\u1ec7u c\u00e1 nh\u00e2n tr\u00ean trang web c\u1ee7a DCU Language Service. M\u1ee5c n\u00e0y c\u1ee7a trang web \u0111\u01b0\u1ee3c qu\u1ea3n l\u00fd b\u1edfi s\u1ef1 k\u1ebft h\u1ee3p gi\u1eefa c\u00e1c nh\u00f3m Marketing v\u00e0 B\u1ea3o v\u1ec7 D\u1eef li\u1ec7u c\u1ee7a DCU Language Service. T\u1ea1i DCU, \u0110\u01a1n v\u1ecb B\u1ea3o v\u1ec7 D\u1eef li\u1ec7u c\u1ee7a tr\u01b0\u1eddng thu\u1ed9c V\u0103n ph\u00f2ng Gi\u00e1m \u0111\u1ed1c \u0110i\u1ec1u h\u00e0nh ch\u1ecbu tr\u00e1ch nhi\u1ec7m x\u00e2y d\u1ef1ng v\u00e0 duy tr\u00ec ph\u1ea7n l\u1edbn c\u00e1c ch\u00ednh s\u00e1ch b\u1ea3o v\u1ec7 d\u1eef li\u1ec7u tr\u00ean to\u00e0n tr\u01b0\u1eddng v\u00e0 c\u00e1c ch\u00ednh s\u00e1ch li\u00ean quan \u0111\u1ebfn c\u00f4ng ty trong khu\u00f4n vi\u00ean tr\u01b0\u1eddng. \u0110\u1ec3 xem c\u00e1c ch\u00ednh s\u00e1ch b\u1ea3o v\u1ec7 d\u1eef li\u1ec7u m\u1edbi nh\u1ea5t c\u1ee7a DCU, vui l\u00f2ng xem c\u00e1c li\u00ean k\u1ebft \u1edf cu\u1ed1i trang n\u00e0y.<\/span><\/p>\n<p><span data-sheets-root=\"1\">Tr\u01b0\u1eddng \u0111\u1ea1i h\u1ecdc v\u00e0 DCU Language Services qu\u1ea3n l\u00fd m\u1ed9t l\u01b0\u1ee3ng l\u1edbn d\u1eef li\u1ec7u c\u00e1 nh\u00e2n, ch\u1ee7 y\u1ebfu nh\u01b0ng kh\u00f4ng gi\u1edbi h\u1ea1n, li\u00ean quan \u0111\u1ebfn nh\u00e2n vi\u00ean, sinh vi\u00ean v\u00e0 c\u00e1c nh\u00e0 cung c\u1ea5p b\u00ean th\u1ee9 ba. Ch\u00fang t\u00f4i coi tr\u1ecdng t\u00ednh b\u1ea3o m\u1eadt c\u1ee7a t\u1ea5t c\u1ea3 d\u1eef li\u1ec7u c\u00e1 nh\u00e2n v\u00e0 do \u0111\u00f3 th\u1ef1c hi\u1ec7n t\u1ea5t c\u1ea3 c\u00e1c b\u01b0\u1edbc h\u1ee3p l\u00fd \u0111\u1ec3 tu\u00e2n th\u1ee7 lu\u1eadt b\u1ea3o v\u1ec7 d\u1eef li\u1ec7u. Tr\u01b0\u1eddng \u0111\u1ea1i h\u1ecdc v\u00e0 DCU Language Services c\u1ed1 g\u1eafng thu th\u1eadp d\u1eef li\u1ec7u c\u00e1 nh\u00e2n ch\u1ec9 \u0111\u1ec3 \u0111\u00e1p \u1ee9ng c\u00e1c m\u1ee5c \u0111\u00edch h\u1ee3p ph\u00e1p c\u1ee5 th\u1ec3 v\u00e0 ch\u1ec9 l\u01b0u gi\u1eef d\u1eef li\u1ec7u \u0111\u00f3 trong th\u1eddi gian c\u00e1c m\u1ee5c \u0111\u00edch \u0111\u00f3 v\u1eabn c\u00f2n hi\u1ec7u l\u1ef1c. Th\u00f4ng th\u01b0\u1eddng, ch\u00fang t\u00f4i s\u1ebd kh\u00f4ng chuy\u1ec3n giao d\u1eef li\u1ec7u c\u00e1 nh\u00e2n cho b\u1ea5t k\u1ef3 b\u00ean th\u1ee9 ba n\u00e0o, tr\u1eeb khi \u0111\u01b0\u1ee3c ph\u00e1p lu\u1eadt y\u00eau c\u1ea7u, ho\u1eb7c theo ngh\u0129a v\u1ee5 ph\u00e1p l\u00fd ho\u1eb7c cho c\u00e1c m\u1ee5c \u0111\u00edch h\u1ee3p ph\u00e1p kh\u00e1c ph\u00f9 h\u1ee3p v\u1edbi quy\u1ec1n v\u00e0 l\u1ee3i \u00edch c\u1ee7a Ch\u1ee7 th\u1ec3 D\u1eef li\u1ec7u.<\/span><\/p>\n<p>N\u1ebfu d\u1eef li\u1ec7u \u0111\u01b0\u1ee3c chuy\u1ec3n cho b\u00ean th\u1ee9 ba \u0111\u1ec3 \u0111\u00e1p \u1ee9ng nhu c\u1ea7u kinh doanh v\u00e0 ho\u1ea1t \u0111\u1ed9ng, \u0111i\u1ec1u n\u00e0y s\u1ebd \u0111\u01b0\u1ee3c th\u1ecfa thu\u1eadn tr\u01b0\u1edbc v\u1edbi c\u00e1 nh\u00e2n th\u00f4ng qua h\u1ee3p \u0111\u1ed3ng ho\u1eb7c bi\u1ec3u m\u1eabu \u0111\u1ed3ng \u00fd v\u00e0 th\u00f4ng b\u00e1o.<\/p>\n<ul>\n<li style=\"font-weight: 400;\" aria-level=\"1\"><a class=\"simple-link simple-link-sm\" href=\"https:\/\/www.dcu.ie\/ocoo\/data-protection.shtml#overlay-context=ocoo\/committee-structures.shtml\" target=\"_blank\" rel=\"noopener\"><span style=\"font-weight: 400;\">Ch\u00ednh s\u00e1ch l\u01b0u gi\u1eef d\u1eef li\u1ec7u<\/span><\/a><\/li>\n<li style=\"font-weight: 400;\" aria-level=\"1\"><a class=\"simple-link simple-link-sm\" href=\"https:\/\/www.dcu.ie\/ocoo\/data-protection.shtml#overlay-context=ocoo\/committee-structures.shtml\" target=\"_blank\" rel=\"noopener\"><span style=\"font-weight: 400;\">Quy tr\u00ecnh b\u00e1o c\u00e1o vi ph\u1ea1m d\u1eef li\u1ec7u<\/span><\/a><\/li>\n<li style=\"font-weight: 400;\" aria-level=\"1\"><a class=\"simple-link simple-link-sm\" href=\"https:\/\/www.dcu.ie\/ocoo\/data-protection.shtml#overlay-context=ocoo\/committee-structures.shtml\" target=\"_blank\" rel=\"noopener\"><span style=\"font-weight: 400;\"><span data-sheets-root=\"1\">Quy tr\u00ecnh Quy\u1ec1n c\u1ee7a Ch\u1ee7 th\u1ec3 D\u1eef li\u1ec7u<\/span><\/span><\/a><\/li>\n<li style=\"font-weight: 400;\" aria-level=\"1\"><a class=\"simple-link simple-link-sm\" href=\"https:\/\/www.dcu.ie\/info\/regulations\/privacy.shtml\" target=\"_blank\" rel=\"noopener\"><span style=\"font-weight: 400;\">Tuy\u00ean b\u1ed1 v\u1ec1 quy\u1ec1n ri\u00eang t\u01b0 c\u1ee7a trang web<\/span><\/a><\/li>\n<\/ul>\n<\/div><\/div><\/div><\/div><\/div><\/div><\/section>\n","protected":false},"excerpt":{"rendered":"B\u1ea3o v\u1ec7 d\u1eef li\u1ec7uCh\u00e0o m\u1eebng b\u1ea1n \u0111\u1ebfn v\u1edbi m\u1ee5c b\u1ea3o v\u1ec7 d\u1eef li\u1ec7u c\u00e1 nh\u00e2n tr\u00ean trang web c\u1ee7a DCU Language Service. M\u1ee5c n\u00e0y c\u1ee7a trang web \u0111\u01b0\u1ee3c qu\u1ea3n l\u00fd b\u1edfi s\u1ef1 k\u1ebft h\u1ee3p gi\u1eefa c\u00e1c nh\u00f3m Marketing v\u00e0 B\u1ea3o v\u1ec7 D\u1eef li\u1ec7u c\u1ee7a DCU Language Service. T\u1ea1i DCU, \u0110\u01a1n v\u1ecb B\u1ea3o v\u1ec7 D\u1eef li\u1ec7u...","protected":false},"author":1,"featured_media":0,"parent":0,"menu_order":0,"comment_status":"closed","ping_status":"open","template":"","meta":{"_acf_changed":false,"content-type":"","inline_featured_image":false,"footnotes":""},"class_list":["post-11031","page","type-page","status-publish","hentry"],"acf":[],"yoast_head":"<!-- This site is optimized with the Yoast SEO plugin v27.3 - https:\/\/yoast.com\/product\/yoast-seo-wordpress\/ -->\n<title>Ch\u00ednh s\u00e1ch b\u1ea3o v\u1ec7 d\u1eef li\u1ec7u | DCU Advance<\/title>\n<meta name=\"description\" content=\"B\u1ea5t k\u1ef3 th\u00f4ng tin c\u00e1 nh\u00e2n n\u00e0o do Tr\u01b0\u1eddng \u0111\u1ea1i h\u1ecdc x\u1eed l\u00fd s\u1ebd \u0111\u01b0\u1ee3c x\u1eed l\u00fd theo lu\u1eadt b\u1ea3o v\u1ec7 d\u1eef li\u1ec7u c\u00f3 li\u00ean quan. Ph\u1ea7n n\u00e0y cung c\u1ea5p li\u00ean k\u1ebft \u0111\u1ebfn c\u00e1c ch\u00ednh s\u00e1ch c\u00f3 li\u00ean quan.\" \/>\n<meta name=\"robots\" content=\"index, follow, max-snippet:-1, max-image-preview:large, max-video-preview:-1\" \/>\n<link rel=\"canonical\" href=\"https:\/\/advance.dcu.ie\/data-protection-policy\/\" \/>\n<meta property=\"og:locale\" content=\"vi_VN\" \/>\n<meta property=\"og:type\" content=\"article\" \/>\n<meta property=\"og:title\" content=\"Ch\u00ednh s\u00e1ch b\u1ea3o v\u1ec7 d\u1eef li\u1ec7u | DCU Advance\" \/>\n<meta property=\"og:description\" content=\"B\u1ea5t k\u1ef3 th\u00f4ng tin c\u00e1 nh\u00e2n n\u00e0o do Tr\u01b0\u1eddng \u0111\u1ea1i h\u1ecdc x\u1eed l\u00fd s\u1ebd \u0111\u01b0\u1ee3c x\u1eed l\u00fd theo lu\u1eadt b\u1ea3o v\u1ec7 d\u1eef li\u1ec7u c\u00f3 li\u00ean quan. Ph\u1ea7n n\u00e0y cung c\u1ea5p li\u00ean k\u1ebft \u0111\u1ebfn c\u00e1c ch\u00ednh s\u00e1ch c\u00f3 li\u00ean quan.\" \/>\n<meta property=\"og:url\" content=\"https:\/\/advance.dcu.ie\/data-protection-policy\/\" \/>\n<meta property=\"og:site_name\" content=\"DCU Advance\" \/>\n<meta property=\"article:modified_time\" content=\"2025-12-10T16:21:28+00:00\" \/>\n<meta name=\"twitter:card\" content=\"summary_large_image\" \/>\n<meta name=\"twitter:label1\" content=\"Est. reading time\" \/>\n\t<meta name=\"twitter:data1\" content=\"2 minutes\" \/>\n<script type=\"application\/ld+json\" class=\"yoast-schema-graph\">{\"@context\":\"https:\\\/\\\/schema.org\",\"@graph\":[{\"@type\":\"WebPage\",\"@id\":\"https:\\\/\\\/advance.dcu.ie\\\/data-protection-policy\\\/\",\"url\":\"https:\\\/\\\/advance.dcu.ie\\\/data-protection-policy\\\/\",\"name\":\"Ch\u00ednh s\u00e1ch b\u1ea3o v\u1ec7 d\u1eef li\u1ec7u | DCU Advance\",\"isPartOf\":{\"@id\":\"https:\\\/\\\/advance.dcu.ie\\\/#website\"},\"datePublished\":\"2022-08-17T11:27:34+00:00\",\"dateModified\":\"2025-12-10T16:21:28+00:00\",\"description\":\"B\u1ea5t k\u1ef3 th\u00f4ng tin c\u00e1 nh\u00e2n n\u00e0o do Tr\u01b0\u1eddng \u0111\u1ea1i h\u1ecdc x\u1eed l\u00fd s\u1ebd \u0111\u01b0\u1ee3c x\u1eed l\u00fd theo lu\u1eadt b\u1ea3o v\u1ec7 d\u1eef li\u1ec7u c\u00f3 li\u00ean quan. Ph\u1ea7n n\u00e0y cung c\u1ea5p li\u00ean k\u1ebft \u0111\u1ebfn c\u00e1c ch\u00ednh s\u00e1ch c\u00f3 li\u00ean quan.\",\"breadcrumb\":{\"@id\":\"https:\\\/\\\/advance.dcu.ie\\\/data-protection-policy\\\/#breadcrumb\"},\"inLanguage\":\"vi-VN\",\"potentialAction\":[{\"@type\":\"ReadAction\",\"target\":[\"https:\\\/\\\/advance.dcu.ie\\\/data-protection-policy\\\/\"]}]},{\"@type\":\"BreadcrumbList\",\"@id\":\"https:\\\/\\\/advance.dcu.ie\\\/data-protection-policy\\\/#breadcrumb\",\"itemListElement\":[{\"@type\":\"ListItem\",\"position\":1,\"name\":\"Nh\u00e0\",\"item\":\"https:\\\/\\\/advance.dcu.ie\\\/vi\\\/\"},{\"@type\":\"ListItem\",\"position\":2,\"name\":\"Ch\u00ednh s\u00e1ch b\u1ea3o v\u1ec7 d\u1eef li\u1ec7u\"}]},{\"@type\":\"WebSite\",\"@id\":\"https:\\\/\\\/advance.dcu.ie\\\/#website\",\"url\":\"https:\\\/\\\/advance.dcu.ie\\\/\",\"name\":\"DCU Advance\",\"description\":\"DCU Pathway Programmes\",\"publisher\":{\"@id\":\"https:\\\/\\\/advance.dcu.ie\\\/#organization\"},\"potentialAction\":[{\"@type\":\"SearchAction\",\"target\":{\"@type\":\"EntryPoint\",\"urlTemplate\":\"https:\\\/\\\/advance.dcu.ie\\\/?s={search_term_string}\"},\"query-input\":{\"@type\":\"PropertyValueSpecification\",\"valueRequired\":true,\"valueName\":\"search_term_string\"}}],\"inLanguage\":\"vi-VN\"},{\"@type\":\"Organization\",\"@id\":\"https:\\\/\\\/advance.dcu.ie\\\/#organization\",\"name\":\"Dublin City University\",\"url\":\"https:\\\/\\\/advance.dcu.ie\\\/\",\"logo\":{\"@type\":\"ImageObject\",\"inLanguage\":\"vi-VN\",\"@id\":\"https:\\\/\\\/advance.dcu.ie\\\/#\\\/schema\\\/logo\\\/image\\\/\",\"url\":\"https:\\\/\\\/advance.dcu.ie\\\/wp-content\\\/uploads\\\/2021\\\/08\\\/dcu-int-logo.svg\",\"contentUrl\":\"https:\\\/\\\/advance.dcu.ie\\\/wp-content\\\/uploads\\\/2021\\\/08\\\/dcu-int-logo.svg\",\"width\":\"1024\",\"height\":\"1024\",\"caption\":\"Dublin City University\"},\"image\":{\"@id\":\"https:\\\/\\\/advance.dcu.ie\\\/#\\\/schema\\\/logo\\\/image\\\/\"}}]}<\/script>\n<!-- \/ Yoast SEO plugin. -->","yoast_head_json":{"title":"Ch\u00ednh s\u00e1ch b\u1ea3o v\u1ec7 d\u1eef li\u1ec7u | DCU Advance","description":"B\u1ea5t k\u1ef3 th\u00f4ng tin c\u00e1 nh\u00e2n n\u00e0o do Tr\u01b0\u1eddng \u0111\u1ea1i h\u1ecdc x\u1eed l\u00fd s\u1ebd \u0111\u01b0\u1ee3c x\u1eed l\u00fd theo lu\u1eadt b\u1ea3o v\u1ec7 d\u1eef li\u1ec7u c\u00f3 li\u00ean quan. Ph\u1ea7n n\u00e0y cung c\u1ea5p li\u00ean k\u1ebft \u0111\u1ebfn c\u00e1c ch\u00ednh s\u00e1ch c\u00f3 li\u00ean quan.","robots":{"index":"index","follow":"follow","max-snippet":"max-snippet:-1","max-image-preview":"max-image-preview:large","max-video-preview":"max-video-preview:-1"},"canonical":"https:\/\/advance.dcu.ie\/data-protection-policy\/","og_locale":"vi_VN","og_type":"article","og_title":"Ch\u00ednh s\u00e1ch b\u1ea3o v\u1ec7 d\u1eef li\u1ec7u | DCU Advance","og_description":"B\u1ea5t k\u1ef3 th\u00f4ng tin c\u00e1 nh\u00e2n n\u00e0o do Tr\u01b0\u1eddng \u0111\u1ea1i h\u1ecdc x\u1eed l\u00fd s\u1ebd \u0111\u01b0\u1ee3c x\u1eed l\u00fd theo lu\u1eadt b\u1ea3o v\u1ec7 d\u1eef li\u1ec7u c\u00f3 li\u00ean quan. Ph\u1ea7n n\u00e0y cung c\u1ea5p li\u00ean k\u1ebft \u0111\u1ebfn c\u00e1c ch\u00ednh s\u00e1ch c\u00f3 li\u00ean quan.","og_url":"https:\/\/advance.dcu.ie\/data-protection-policy\/","og_site_name":"DCU Advance","article_modified_time":"2025-12-10T16:21:28+00:00","twitter_card":"summary_large_image","twitter_misc":{"Est. reading time":"2 minutes"},"schema":{"@context":"https:\/\/schema.org","@graph":[{"@type":"WebPage","@id":"https:\/\/advance.dcu.ie\/data-protection-policy\/","url":"https:\/\/advance.dcu.ie\/data-protection-policy\/","name":"Ch\u00ednh s\u00e1ch b\u1ea3o v\u1ec7 d\u1eef li\u1ec7u | DCU Advance","isPartOf":{"@id":"https:\/\/advance.dcu.ie\/#website"},"datePublished":"2022-08-17T11:27:34+00:00","dateModified":"2025-12-10T16:21:28+00:00","description":"B\u1ea5t k\u1ef3 th\u00f4ng tin c\u00e1 nh\u00e2n n\u00e0o do Tr\u01b0\u1eddng \u0111\u1ea1i h\u1ecdc x\u1eed l\u00fd s\u1ebd \u0111\u01b0\u1ee3c x\u1eed l\u00fd theo lu\u1eadt b\u1ea3o v\u1ec7 d\u1eef li\u1ec7u c\u00f3 li\u00ean quan. Ph\u1ea7n n\u00e0y cung c\u1ea5p li\u00ean k\u1ebft \u0111\u1ebfn c\u00e1c ch\u00ednh s\u00e1ch c\u00f3 li\u00ean quan.","breadcrumb":{"@id":"https:\/\/advance.dcu.ie\/data-protection-policy\/#breadcrumb"},"inLanguage":"vi-VN","potentialAction":[{"@type":"ReadAction","target":["https:\/\/advance.dcu.ie\/data-protection-policy\/"]}]},{"@type":"BreadcrumbList","@id":"https:\/\/advance.dcu.ie\/data-protection-policy\/#breadcrumb","itemListElement":[{"@type":"ListItem","position":1,"name":"Nh\u00e0","item":"https:\/\/advance.dcu.ie\/vi\/"},{"@type":"ListItem","position":2,"name":"Ch\u00ednh s\u00e1ch b\u1ea3o v\u1ec7 d\u1eef li\u1ec7u"}]},{"@type":"WebSite","@id":"https:\/\/advance.dcu.ie\/#website","url":"https:\/\/advance.dcu.ie\/","name":"DCU Advance","description":"DCU Pathway Programmes","publisher":{"@id":"https:\/\/advance.dcu.ie\/#organization"},"potentialAction":[{"@type":"SearchAction","target":{"@type":"EntryPoint","urlTemplate":"https:\/\/advance.dcu.ie\/?s={search_term_string}"},"query-input":{"@type":"PropertyValueSpecification","valueRequired":true,"valueName":"search_term_string"}}],"inLanguage":"vi-VN"},{"@type":"Organization","@id":"https:\/\/advance.dcu.ie\/#organization","name":"Dublin City University","url":"https:\/\/advance.dcu.ie\/","logo":{"@type":"ImageObject","inLanguage":"vi-VN","@id":"https:\/\/advance.dcu.ie\/#\/schema\/logo\/image\/","url":"https:\/\/advance.dcu.ie\/wp-content\/uploads\/2021\/08\/dcu-int-logo.svg","contentUrl":"https:\/\/advance.dcu.ie\/wp-content\/uploads\/2021\/08\/dcu-int-logo.svg","width":"1024","height":"1024","caption":"Dublin City University"},"image":{"@id":"https:\/\/advance.dcu.ie\/#\/schema\/logo\/image\/"}}]}},"_links":{"self":[{"href":"https:\/\/advance.dcu.ie\/vi\/wp-json\/wp\/v2\/pages\/11031","targetHints":{"allow":["GET"]}}],"collection":[{"href":"https:\/\/advance.dcu.ie\/vi\/wp-json\/wp\/v2\/pages"}],"about":[{"href":"https:\/\/advance.dcu.ie\/vi\/wp-json\/wp\/v2\/types\/page"}],"author":[{"embeddable":true,"href":"https:\/\/advance.dcu.ie\/vi\/wp-json\/wp\/v2\/users\/1"}],"replies":[{"embeddable":true,"href":"https:\/\/advance.dcu.ie\/vi\/wp-json\/wp\/v2\/comments?post=11031"}],"version-history":[{"count":10,"href":"https:\/\/advance.dcu.ie\/vi\/wp-json\/wp\/v2\/pages\/11031\/revisions"}],"predecessor-version":[{"id":14683,"href":"https:\/\/advance.dcu.ie\/vi\/wp-json\/wp\/v2\/pages\/11031\/revisions\/14683"}],"wp:attachment":[{"href":"https:\/\/advance.dcu.ie\/vi\/wp-json\/wp\/v2\/media?parent=11031"}],"curies":[{"name":"wp","href":"https:\/\/api.w.org\/{rel}","templated":true}]}}