{"id":10963,"date":"2022-08-17T11:32:55","date_gmt":"2022-08-17T11:32:55","guid":{"rendered":"https:\/\/advance.dcu.ie\/?page_id=10963"},"modified":"2025-12-10T12:11:33","modified_gmt":"2025-12-10T12:11:33","slug":"chinh-sach-cookie","status":"publish","type":"page","link":"https:\/\/advance.dcu.ie\/vi\/chinh-sach-cookie\/","title":{"rendered":"Ch\u00ednh s\u00e1ch Cookie"},"content":{"rendered":"<section class=\"l-section wpb_row why-dcu-section eight-section student-life-container height_auto\"><div class=\"l-section-h i-cf\"><div class=\"g-cols via_grid cols_1 laptops-cols_inherit tablets-cols_inherit mobiles-cols_1 valign_top type_default\"><div class=\"wpb_column vc_column_container\"><div class=\"vc_column-inner\"><div id=\"ultimate-heading-491369eb560ea198c\" class=\"uvc-heading ult-adjust-bottom-margin ultimate-heading-491369eb560ea198c uvc-7726 l-width main-heading\" data-hspacer=\"no_spacer\"  data-halign=\"left\" style=\"text-align:left\"><div class=\"uvc-heading-spacer no_spacer\" style=\"top\"><\/div><div class=\"uvc-main-heading ult-responsive\"  data-ultimate-target='.uvc-heading.ultimate-heading-491369eb560ea198c h2'  data-responsive-json-new='{\"font-size\":\"\",\"line-height\":\"\"}' ><h2 style=\"font-weight:normal;\">Ch\u00ednh s\u00e1ch Cookie<\/h2><\/div><\/div><div class=\"wpb_text_column\"><div class=\"wpb_wrapper\"><p>Cookie l\u00e0 nh\u1eefng \u0111o\u1ea1n d\u1eef li\u1ec7u nh\u1ecf m\u00e0 m\u1ed9t trang web c\u00f3 th\u1ec3 l\u01b0u tr\u1eef tr\u00ean m\u00e1y t\u00ednh c\u1ee7a b\u1ea1n \u0111\u1ec3 ghi l\u1ea1i th\u00f4ng tin c\u01a1 b\u1ea3n, ch\u1eb3ng h\u1ea1n nh\u01b0 t\u00f9y ch\u1ecdn c\u1ee7a kh\u00e1ch truy c\u1eadp. <span data-sheets-root=\"1\">Cookie \u0111\u01b0\u1ee3c s\u1eed d\u1ee5ng \u0111\u1ec3 theo d\u00f5i th\u00f3i quen s\u1eed d\u1ee5ng, xu h\u01b0\u1edbng l\u01b0u l\u01b0\u1ee3ng truy c\u1eadp v\u00e0 h\u00e0nh vi c\u1ee7a kh\u00e1ch truy c\u1eadp. \u0110\u00f4i khi, cookie c\u0169ng \u0111\u01b0\u1ee3c c\u00e1c \u1ee9ng d\u1ee5ng tr\u1ef1c tuy\u1ebfn s\u1eed d\u1ee5ng \u0111\u1ec3 c\u1ea3i thi\u1ec7n ch\u1ee9c n\u0103ng c\u1ee7a ng\u01b0\u1eddi d\u00f9ng.<\/span><\/p>\n<p>H\u1ea7u h\u1ebft c\u00e1c tr\u00ecnh duy\u1ec7t web t\u1ef1 \u0111\u1ed9ng ch\u1ea5p nh\u1eadn cookie. B\u1ea1n c\u00f3 th\u1ec3 \u0111\u1eb7t tr\u00ecnh duy\u1ec7t c\u1ee7a m\u00ecnh t\u1eeb ch\u1ed1i cookie t\u1eeb b\u1ea5t k\u1ef3 trang web n\u00e0o b\u1ea1n truy c\u1eadp, bao g\u1ed3m c\u1ea3 trang web DCU.\u00a0 B\u1ea1n c\u1ea7n l\u01b0u \u00fd r\u1eb1ng n\u1ebfu ng\u01b0\u1eddi d\u00f9ng thi\u1ebft l\u1eadp tr\u00ecnh duy\u1ec7t c\u1ee7a m\u00ecnh \u0111\u1ec3 t\u1eeb ch\u1ed1i cookie, h\u1ecd v\u1eabn c\u00f3 th\u1ec3 s\u1eed d\u1ee5ng trang web, nh\u01b0ng ch\u1ee9c n\u0103ng c\u00f3 th\u1ec3 b\u1ecb suy gi\u1ea3m.<\/p>\n<\/div><\/div><div class=\"wpb_text_column\"><div class=\"wpb_wrapper\"><h3>Thu th\u1eadp v\u00e0 s\u1eed d\u1ee5ng th\u00f4ng tin k\u1ef9 thu\u1eadt<\/h3>\n<p><span data-sheets-root=\"1\">Trang web c\u1ee7a DCU International Academy c\u00f3 th\u1ec3 s\u1eed d\u1ee5ng cookie \u0111\u1ec3 thu th\u1eadp th\u00f4ng tin phi c\u00e1 nh\u00e2n v\u1ec1 c\u00e1ch kh\u00e1ch truy c\u1eadp s\u1eed d\u1ee5ng trang web c\u1ee7a ch\u00fang t\u00f4i ho\u1eb7c \u0111\u1ec3 ghi nh\u1edb c\u00e1c t\u00f9y ch\u1ecdn hi\u1ec3n th\u1ecb. Cookie t\u1ea1m th\u1eddi c\u0169ng c\u00f3 th\u1ec3 \u0111\u01b0\u1ee3c s\u1eed d\u1ee5ng \u1edf m\u1ed9t s\u1ed1 khu v\u1ef1c \u0111\u1ec3 k\u00edch ho\u1ea1t c\u00e1c ch\u1ee9c n\u0103ng c\u1ee5 th\u1ec3. Session cookie s\u1ebd b\u1ecb x\u00f3a sau khi b\u1ea1n \u0111\u00f3ng phi\u00ean duy\u1ec7t web.<\/span><\/p>\n<p><span data-sheets-root=\"1\">\u0110\u00f4i khi, v\u00ec m\u1ee5c \u0111\u00edch cung c\u1ea5p d\u1ecbch v\u1ee5 tr\u1ef1c tuy\u1ebfn c\u1ee7a DCU, ch\u00fang t\u00f4i ph\u1ea3i chuy\u1ec3n m\u1ed9t s\u1ed1 th\u00f4ng tin cookie cho b\u00ean th\u1ee9 ba. Nh\u1eefng cookie n\u00e0y c\u00f3 th\u1ec3 v\u1eabn t\u1ed3n t\u1ea1i sau khi phi\u00ean duy\u1ec7t web c\u1ee7a b\u1ea1n k\u1ebft th\u00fac. Th\u00f4ng tin n\u00e0y s\u1ebd kh\u00f4ng bao g\u1ed3m b\u1ea5t k\u1ef3 d\u1eef li\u1ec7u c\u00e1 nh\u00e2n n\u00e0o c\u1ee7a b\u1ea1n ho\u1eb7c th\u00f4ng tin m\u00e0 b\u1ea1n c\u00f3 th\u1ec3 d\u1ec5 d\u00e0ng nh\u1eadn d\u1ea1ng. Th\u00f4ng tin n\u00e0y c\u00f3 th\u1ec3 \u0111\u01b0\u1ee3c s\u1eed d\u1ee5ng \u0111\u1ec3 \u0111\u00e1nh gi\u00e1 vi\u1ec7c b\u1ea1n s\u1eed d\u1ee5ng trang web, bi\u00ean so\u1ea1n b\u00e1o c\u00e1o v\u1ec1 ho\u1ea1t \u0111\u1ed9ng trang web cho DCU v\u00e0 cung c\u1ea5p c\u00e1c d\u1ecbch v\u1ee5 kh\u00e1c li\u00ean quan \u0111\u1ebfn ho\u1ea1t \u0111\u1ed9ng trang web v\u00e0 vi\u1ec7c s\u1eed d\u1ee5ng internet. Th\u00f4ng tin n\u00e0y ch\u1ec9 \u0111\u01b0\u1ee3c l\u01b0u tr\u1eef v\u00e0 s\u1eed d\u1ee5ng d\u01b0\u1edbi d\u1ea1ng t\u1ed5ng h\u1ee3p v\u00e0 kh\u00f4ng \u0111\u01b0\u1ee3c s\u1eed d\u1ee5ng \u0111\u1ec3 thu th\u1eadp d\u1eef li\u1ec7u c\u00e1 nh\u00e2n ho\u1eb7c li\u00ean h\u1ec7 tr\u1ef1c ti\u1ebfp v\u1edbi b\u1ea1n, m\u00e0 thay v\u00e0o \u0111\u00f3 l\u00e0 \u0111\u1ec3 c\u1ea3i thi\u1ec7n d\u1ecbch v\u1ee5 trang web. DCU ch\u1ee7 \u0111\u1ed9ng t\u00ecm c\u00e1ch b\u1ea3o v\u1ec7 quy\u1ec1n ri\u00eang t\u01b0 c\u1ee7a ng\u01b0\u1eddi d\u00f9ng trong m\u1ecdi t\u01b0\u01a1ng t\u00e1c v\u1edbi b\u00ean th\u1ee9 ba.<\/span><\/p>\n<p>M\u1ed9t s\u1ed1 khu v\u1ef1c trong trang web c\u1ee7a DCU s\u1eed d\u1ee5ng c\u00e1c bi\u1ec3u m\u1eabu nh\u1eadp d\u1eef li\u1ec7u tr\u1ef1c tuy\u1ebfn \u0111\u1ec3 thu th\u1eadp th\u00f4ng tin c\u00e1 nh\u00e2n t\u1eeb nh\u1eefng kh\u00e1ch truy c\u1eadp web ch\u1ecdn nh\u1eadn d\u1ea1ng b\u1ea3n th\u00e2n cho m\u1ee5c \u0111\u00edch giao d\u1ecbch th\u01b0\u01a1ng m\u1ea1i \u0111i\u1ec7n t\u1eed, nh\u1eadn s\u1ea3n ph\u1ea9m, d\u1ecbch v\u1ee5 ho\u1eb7c th\u00f4ng tin. C\u00e1c khu v\u1ef1c trong DCU thu th\u1eadp d\u1eef li\u1ec7u d\u01b0\u1edbi b\u1ea5t k\u1ef3 h\u00ecnh th\u1ee9c n\u00e0o \u0111\u01b0\u1ee3c y\u00eau c\u1ea7u tu\u00e2n th\u1ee7 Tuy\u00ean b\u1ed1 v\u1ec1 quy\u1ec1n ri\u00eang t\u01b0 c\u1ee7a ch\u00fang t\u00f4i. Ch\u00fang t\u00f4i y\u00eau c\u1ea7u kh\u00f4ng c\u00f3 nhi\u1ec1u th\u00f4ng tin h\u01a1n m\u1ee9c c\u1ea7n thi\u1ebft \u0111\u1ec3 th\u1ef1c hi\u1ec7n m\u1ee5c \u0111\u00edch m\u00e0 th\u00f4ng tin \u0111ang \u0111\u01b0\u1ee3c thu th\u1eadp.<\/p>\n<p><span data-sheets-root=\"1\">Nh\u00e0 cung c\u1ea5p d\u1ecbch v\u1ee5 Internet c\u1ee7a Tr\u01b0\u1eddng c\u00f3 th\u1ec3 ghi l\u1ea1i c\u00e1c th\u00f4ng tin k\u1ef9 thu\u1eadt li\u00ean quan \u0111\u1ebfn vi\u1ec7c truy c\u1eadp trang web n\u00e0y cho m\u1ee5c \u0111\u00edch k\u1ebf to\u00e1n v\u00e0 ki\u1ec3m to\u00e1n. Th\u00f4ng tin k\u1ef9 thu\u1eadt n\u00e0y s\u1ebd ch\u1ec9 \u0111\u01b0\u1ee3c s\u1eed d\u1ee5ng cho m\u1ee5c \u0111\u00edch th\u1ed1ng k\u00ea v\u00e0 c\u00e1c m\u1ee5c \u0111\u00edch h\u00e0nh ch\u00ednh kh\u00e1c. B\u1ea1n n\u00ean l\u01b0u \u00fd r\u1eb1ng c\u00e1c th\u00f4ng tin k\u1ef9 thu\u1eadt m\u00e0 Tr\u01b0\u1eddng kh\u00f4ng th\u1ec3 li\u00ean k\u1ebft v\u1edbi b\u1ea5t k\u1ef3 c\u00e1 nh\u00e2n n\u00e0o c\u00f3 th\u1ec3 nh\u1eadn d\u1ea1ng \u0111\u01b0\u1ee3c, kh\u00f4ng c\u1ea5u th\u00e0nh `d\u1eef li\u1ec7u c\u00e1 nh\u00e2n&#8221; theo \u0110\u1ea1o lu\u1eadt B\u1ea3o v\u1ec7 D\u1eef li\u1ec7u n\u0103m 1988 v\u00e0 \u0110\u1ea1o lu\u1eadt B\u1ea3o v\u1ec7 D\u1eef li\u1ec7u (S\u1eeda \u0111\u1ed5i) n\u0103m 2003.<\/span><\/p>\n<\/div><\/div><div class=\"wpb_text_column\"><div class=\"wpb_wrapper\"><h3>Cookie c\u1ee7a ch\u00fang t\u00f4i \u0111\u01b0\u1ee3c ph\u00e2n lo\u1ea1i nh\u01b0 sau:<\/h3>\n<p>Ch\u00fang t\u00f4i s\u1eed d\u1ee5ng cookie \u0111\u1ec3 theo d\u00f5i vi\u1ec7c b\u1ea1n s\u1eed d\u1ee5ng trang web c\u1ee7a ch\u00fang t\u00f4i. \u0110i\u1ec1u n\u00e0y cho ph\u00e9p ch\u00fang t\u00f4i hi\u1ec3u c\u00e1ch b\u1ea1n s\u1eed d\u1ee5ng trang web v\u00e0 theo d\u00f5i b\u1ea5t k\u1ef3 m\u1eabu n\u00e0o li\u00ean quan \u0111\u1ebfn c\u00e1ch b\u1ea1n \u0111ang s\u1eed d\u1ee5ng trang web c\u1ee7a ch\u00fang t\u00f4i. \u0110i\u1ec1u n\u00e0y gi\u00fap ch\u00fang t\u00f4i ph\u00e1t tri\u1ec3n v\u00e0 c\u1ea3i thi\u1ec7n trang web c\u1ee7a m\u00ecnh c\u0169ng nh\u01b0 c\u00e1c s\u1ea3n ph\u1ea9m v\u00e0 \/ ho\u1eb7c d\u1ecbch v\u1ee5 \u0111\u1ec3 \u0111\u00e1p \u1ee9ng nh\u1eefng g\u00ec b\u1ea1n c\u00f3 th\u1ec3 c\u1ea7n ho\u1eb7c mu\u1ed1n.<\/p>\n<ul>\n<li><strong>B\u1eaft bu\u1ed9c c\u1ea7n thi\u1ebft:<\/strong> Cookie b\u1eaft bu\u1ed9c c\u1ea7n thi\u1ebft cho ph\u00e9p c\u00e1c ch\u1ee9c n\u0103ng c\u1ed1t l\u00f5i c\u1ee7a website ho\u1ea1t \u0111\u1ed9ng, ch\u1eb3ng h\u1ea1n nh\u01b0 \u0111\u0103ng nh\u1eadp v\u00e0 qu\u1ea3n l\u00fd t\u00e0i kho\u1ea3n. Website s\u1ebd kh\u00f4ng th\u1ec3 ho\u1ea1t \u0111\u1ed9ng \u0111\u00fang c\u00e1ch n\u1ebfu kh\u00f4ng c\u00f3 c\u00e1c cookie b\u1eaft bu\u1ed9c n\u00e0y.<\/li>\n<li><strong>Hi\u1ec7u su\u1ea5t:<\/strong> Cookie hi\u1ec7u su\u1ea5t \u0111\u01b0\u1ee3c s\u1eed d\u1ee5ng \u0111\u1ec3 xem c\u00e1ch kh\u00e1ch truy c\u1eadp s\u1eed d\u1ee5ng trang web, v\u00ed d\u1ee5: cookie ph\u00e2n t\u00edch. Nh\u1eefng cookie \u0111\u00f3 kh\u00f4ng th\u1ec3 \u0111\u01b0\u1ee3c s\u1eed d\u1ee5ng \u0111\u1ec3 tr\u1ef1c ti\u1ebfp x\u00e1c \u0111\u1ecbnh m\u1ed9t kh\u00e1ch truy c\u1eadp nh\u1ea5t \u0111\u1ecbnh.<\/li>\n<li><strong>Nh\u1eafm m\u1ee5c ti\u00eau:<\/strong> <span data-sheets-root=\"1\">Cookie nh\u1eafm m\u1ee5c ti\u00eau \u0111\u01b0\u1ee3c s\u1eed d\u1ee5ng \u0111\u1ec3 x\u00e1c \u0111\u1ecbnh kh\u00e1ch truy c\u1eadp gi\u1eefa c\u00e1c trang web kh\u00e1c nhau, v\u00ed d\u1ee5: \u0111\u1ed1i t\u00e1c n\u1ed9i dung, m\u1ea1ng banner. Nh\u1eefng cookie \u0111\u00f3 c\u00f3 th\u1ec3 \u0111\u01b0\u1ee3c c\u00e1c c\u00f4ng ty s\u1eed d\u1ee5ng \u0111\u1ec3 x\u00e2y d\u1ef1ng h\u1ed3 s\u01a1 v\u1ec1 s\u1edf th\u00edch c\u1ee7a kh\u00e1ch truy c\u1eadp ho\u1eb7c hi\u1ec3n th\u1ecb qu\u1ea3ng c\u00e1o c\u00f3 li\u00ean quan tr\u00ean c\u00e1c trang web kh\u00e1c.<\/span><\/li>\n<li><strong>Ch\u1ee9c n\u0103ng:<\/strong> Cookie ch\u1ee9c n\u0103ng \u0111\u01b0\u1ee3c s\u1eed d\u1ee5ng \u0111\u1ec3 ghi nh\u1edb th\u00f4ng tin kh\u00e1ch truy c\u1eadp tr\u00ean trang web, v\u00ed d\u1ee5: ng\u00f4n ng\u1eef, m\u00fai gi\u1edd, n\u1ed9i dung n\u00e2ng cao.<\/li>\n<\/ul>\n<\/div><\/div><div class=\"wpb_text_column\"><div class=\"wpb_wrapper\"><h3><span data-sheets-root=\"1\">C\u00e1c cookie \u0111\u00e3 li\u1ec7t k\u00ea v\u00e0 t\u00f9y ch\u1ecdn c\u00e0i \u0111\u1eb7t<br \/>\n<\/span><\/h3>\n<script type=\"text\/javascript\" charset=\"UTF-8\" data-cookiescriptreport=\"report\" src=\"\/\/report.cookie-script.com\/r\/323f0a7a7a97333c89ca850d09fc169e.js\"><\/script>\n<\/div><\/div><div class=\"wpb_text_column\"><div class=\"wpb_wrapper\"><h3><span data-sheets-root=\"1\">Ch\u1ec9 \u00e1p d\u1ee5ng ch\u00ednh s\u00e1ch tr\u1ef1c tuy\u1ebfn<br \/>\n<\/span><\/h3>\n<p>Ch\u00ednh s\u00e1ch b\u1ea3o m\u1eadt tr\u1ef1c tuy\u1ebfn n\u00e0y ch\u1ec9 \u00e1p d\u1ee5ng cho th\u00f4ng tin \u0111\u01b0\u1ee3c thu th\u1eadp th\u00f4ng qua trang web c\u1ee7a ch\u00fang t\u00f4i v\u00e0 kh\u00f4ng \u00e1p d\u1ee5ng cho th\u00f4ng tin \u0111\u01b0\u1ee3c thu th\u1eadp ngo\u1ea1i tuy\u1ebfn.<\/p>\n<h3>Ch\u00ednh s\u00e1ch b\u1ea3o v\u1ec7 d\u1eef li\u1ec7u<\/h3>\n<p>Vui l\u00f2ng truy c\u1eadp <a class=\"simple-link simple-link-sm\" href=\"https:\/\/advance.dcu.ie\/vi\/chinh-sach-bao-ve-du-lieu\/\">Data Protection Policy section<\/a> c\u1ee7a ch\u00fang t\u00f4i.<\/p>\n<h3>S\u1ef1 \u0111\u1ed3ng \u00fd c\u1ee7a b\u1ea1n<\/h3>\n<p>B\u1eb1ng c\u00e1ch s\u1eed d\u1ee5ng trang web c\u1ee7a ch\u00fang t\u00f4i, b\u1ea1n \u0111\u1ed3ng \u00fd v\u1edbi ch\u00ednh s\u00e1ch b\u1ea3o m\u1eadt c\u1ee7a ch\u00fang t\u00f4i.<\/p>\n<\/div><\/div><\/div><\/div><\/div><\/div><\/section>\n","protected":false},"excerpt":{"rendered":"Ch\u00ednh s\u00e1ch CookieCookie l\u00e0 nh\u1eefng \u0111o\u1ea1n d\u1eef li\u1ec7u nh\u1ecf m\u00e0 m\u1ed9t trang web c\u00f3 th\u1ec3 l\u01b0u tr\u1eef tr\u00ean m\u00e1y t\u00ednh c\u1ee7a b\u1ea1n \u0111\u1ec3 ghi l\u1ea1i th\u00f4ng tin c\u01a1 b\u1ea3n, ch\u1eb3ng h\u1ea1n nh\u01b0 t\u00f9y ch\u1ecdn c\u1ee7a kh\u00e1ch truy c\u1eadp. Cookie \u0111\u01b0\u1ee3c s\u1eed d\u1ee5ng \u0111\u1ec3 theo d\u00f5i th\u00f3i quen s\u1eed d\u1ee5ng, xu h\u01b0\u1edbng l\u01b0u l\u01b0\u1ee3ng truy c\u1eadp...","protected":false},"author":2,"featured_media":0,"parent":0,"menu_order":0,"comment_status":"closed","ping_status":"open","template":"","meta":{"_acf_changed":false,"content-type":"","inline_featured_image":false,"footnotes":""},"class_list":["post-10963","page","type-page","status-publish","hentry"],"acf":[],"yoast_head":"<!-- This site is optimized with the Yoast SEO plugin v27.3 - https:\/\/yoast.com\/product\/yoast-seo-wordpress\/ -->\n<title>Ch\u00ednh s\u00e1ch Cookie | DCU Advance<\/title>\n<meta name=\"description\" content=\"DCU t\u00f4n tr\u1ecdng quy\u1ec1n ri\u00eang t\u01b0 c\u1ee7a t\u1ea5t c\u1ea3 kh\u00e1ch truy c\u1eadp v\u00e0o trang web c\u1ee7a ch\u00fang t\u00f4i. Ch\u00ednh s\u00e1ch Cookie n\u00e0y ph\u00e1c th\u1ea3o ch\u00ednh s\u00e1ch c\u1ee7a ch\u00fang t\u00f4i li\u00ean quan \u0111\u1ebfn vi\u1ec7c s\u1eed d\u1ee5ng cookie tr\u00ean global.dcu.ie\" \/>\n<meta name=\"robots\" content=\"index, follow, max-snippet:-1, max-image-preview:large, max-video-preview:-1\" \/>\n<link rel=\"canonical\" href=\"https:\/\/advance.dcu.ie\/cookie-policy\/\" \/>\n<meta property=\"og:locale\" content=\"vi_VN\" \/>\n<meta property=\"og:type\" content=\"article\" \/>\n<meta property=\"og:title\" content=\"Ch\u00ednh s\u00e1ch Cookie | DCU Advance\" \/>\n<meta property=\"og:description\" content=\"DCU t\u00f4n tr\u1ecdng quy\u1ec1n ri\u00eang t\u01b0 c\u1ee7a t\u1ea5t c\u1ea3 kh\u00e1ch truy c\u1eadp v\u00e0o trang web c\u1ee7a ch\u00fang t\u00f4i. Ch\u00ednh s\u00e1ch Cookie n\u00e0y ph\u00e1c th\u1ea3o ch\u00ednh s\u00e1ch c\u1ee7a ch\u00fang t\u00f4i li\u00ean quan \u0111\u1ebfn vi\u1ec7c s\u1eed d\u1ee5ng cookie tr\u00ean global.dcu.ie\" \/>\n<meta property=\"og:url\" content=\"https:\/\/advance.dcu.ie\/cookie-policy\/\" \/>\n<meta property=\"og:site_name\" content=\"DCU Advance\" \/>\n<meta property=\"article:modified_time\" content=\"2025-12-10T12:11:33+00:00\" \/>\n<meta name=\"twitter:card\" content=\"summary_large_image\" \/>\n<meta name=\"twitter:label1\" content=\"Est. reading time\" \/>\n\t<meta name=\"twitter:data1\" content=\"5 minutes\" \/>\n<script type=\"application\/ld+json\" class=\"yoast-schema-graph\">{\"@context\":\"https:\\\/\\\/schema.org\",\"@graph\":[{\"@type\":\"WebPage\",\"@id\":\"https:\\\/\\\/advance.dcu.ie\\\/cookie-policy\\\/\",\"url\":\"https:\\\/\\\/advance.dcu.ie\\\/cookie-policy\\\/\",\"name\":\"Ch\u00ednh s\u00e1ch Cookie | DCU Advance\",\"isPartOf\":{\"@id\":\"https:\\\/\\\/advance.dcu.ie\\\/#website\"},\"datePublished\":\"2022-08-17T11:32:55+00:00\",\"dateModified\":\"2025-12-10T12:11:33+00:00\",\"description\":\"DCU t\u00f4n tr\u1ecdng quy\u1ec1n ri\u00eang t\u01b0 c\u1ee7a t\u1ea5t c\u1ea3 kh\u00e1ch truy c\u1eadp v\u00e0o trang web c\u1ee7a ch\u00fang t\u00f4i. Ch\u00ednh s\u00e1ch Cookie n\u00e0y ph\u00e1c th\u1ea3o ch\u00ednh s\u00e1ch c\u1ee7a ch\u00fang t\u00f4i li\u00ean quan \u0111\u1ebfn vi\u1ec7c s\u1eed d\u1ee5ng cookie tr\u00ean global.dcu.ie\",\"breadcrumb\":{\"@id\":\"https:\\\/\\\/advance.dcu.ie\\\/cookie-policy\\\/#breadcrumb\"},\"inLanguage\":\"vi-VN\",\"potentialAction\":[{\"@type\":\"ReadAction\",\"target\":[\"https:\\\/\\\/advance.dcu.ie\\\/cookie-policy\\\/\"]}]},{\"@type\":\"BreadcrumbList\",\"@id\":\"https:\\\/\\\/advance.dcu.ie\\\/cookie-policy\\\/#breadcrumb\",\"itemListElement\":[{\"@type\":\"ListItem\",\"position\":1,\"name\":\"Nh\u00e0\",\"item\":\"https:\\\/\\\/advance.dcu.ie\\\/vi\\\/\"},{\"@type\":\"ListItem\",\"position\":2,\"name\":\"Ch\u00ednh s\u00e1ch Cookie\"}]},{\"@type\":\"WebSite\",\"@id\":\"https:\\\/\\\/advance.dcu.ie\\\/#website\",\"url\":\"https:\\\/\\\/advance.dcu.ie\\\/\",\"name\":\"DCU Advance\",\"description\":\"DCU Pathway Programmes\",\"publisher\":{\"@id\":\"https:\\\/\\\/advance.dcu.ie\\\/#organization\"},\"potentialAction\":[{\"@type\":\"SearchAction\",\"target\":{\"@type\":\"EntryPoint\",\"urlTemplate\":\"https:\\\/\\\/advance.dcu.ie\\\/?s={search_term_string}\"},\"query-input\":{\"@type\":\"PropertyValueSpecification\",\"valueRequired\":true,\"valueName\":\"search_term_string\"}}],\"inLanguage\":\"vi-VN\"},{\"@type\":\"Organization\",\"@id\":\"https:\\\/\\\/advance.dcu.ie\\\/#organization\",\"name\":\"Dublin City University\",\"url\":\"https:\\\/\\\/advance.dcu.ie\\\/\",\"logo\":{\"@type\":\"ImageObject\",\"inLanguage\":\"vi-VN\",\"@id\":\"https:\\\/\\\/advance.dcu.ie\\\/#\\\/schema\\\/logo\\\/image\\\/\",\"url\":\"https:\\\/\\\/advance.dcu.ie\\\/wp-content\\\/uploads\\\/2021\\\/08\\\/dcu-int-logo.svg\",\"contentUrl\":\"https:\\\/\\\/advance.dcu.ie\\\/wp-content\\\/uploads\\\/2021\\\/08\\\/dcu-int-logo.svg\",\"width\":\"1024\",\"height\":\"1024\",\"caption\":\"Dublin City University\"},\"image\":{\"@id\":\"https:\\\/\\\/advance.dcu.ie\\\/#\\\/schema\\\/logo\\\/image\\\/\"}}]}<\/script>\n<!-- \/ Yoast SEO plugin. -->","yoast_head_json":{"title":"Ch\u00ednh s\u00e1ch Cookie | DCU Advance","description":"DCU t\u00f4n tr\u1ecdng quy\u1ec1n ri\u00eang t\u01b0 c\u1ee7a t\u1ea5t c\u1ea3 kh\u00e1ch truy c\u1eadp v\u00e0o trang web c\u1ee7a ch\u00fang t\u00f4i. Ch\u00ednh s\u00e1ch Cookie n\u00e0y ph\u00e1c th\u1ea3o ch\u00ednh s\u00e1ch c\u1ee7a ch\u00fang t\u00f4i li\u00ean quan \u0111\u1ebfn vi\u1ec7c s\u1eed d\u1ee5ng cookie tr\u00ean global.dcu.ie","robots":{"index":"index","follow":"follow","max-snippet":"max-snippet:-1","max-image-preview":"max-image-preview:large","max-video-preview":"max-video-preview:-1"},"canonical":"https:\/\/advance.dcu.ie\/cookie-policy\/","og_locale":"vi_VN","og_type":"article","og_title":"Ch\u00ednh s\u00e1ch Cookie | DCU Advance","og_description":"DCU t\u00f4n tr\u1ecdng quy\u1ec1n ri\u00eang t\u01b0 c\u1ee7a t\u1ea5t c\u1ea3 kh\u00e1ch truy c\u1eadp v\u00e0o trang web c\u1ee7a ch\u00fang t\u00f4i. Ch\u00ednh s\u00e1ch Cookie n\u00e0y ph\u00e1c th\u1ea3o ch\u00ednh s\u00e1ch c\u1ee7a ch\u00fang t\u00f4i li\u00ean quan \u0111\u1ebfn vi\u1ec7c s\u1eed d\u1ee5ng cookie tr\u00ean global.dcu.ie","og_url":"https:\/\/advance.dcu.ie\/cookie-policy\/","og_site_name":"DCU Advance","article_modified_time":"2025-12-10T12:11:33+00:00","twitter_card":"summary_large_image","twitter_misc":{"Est. reading time":"5 minutes"},"schema":{"@context":"https:\/\/schema.org","@graph":[{"@type":"WebPage","@id":"https:\/\/advance.dcu.ie\/cookie-policy\/","url":"https:\/\/advance.dcu.ie\/cookie-policy\/","name":"Ch\u00ednh s\u00e1ch Cookie | DCU Advance","isPartOf":{"@id":"https:\/\/advance.dcu.ie\/#website"},"datePublished":"2022-08-17T11:32:55+00:00","dateModified":"2025-12-10T12:11:33+00:00","description":"DCU t\u00f4n tr\u1ecdng quy\u1ec1n ri\u00eang t\u01b0 c\u1ee7a t\u1ea5t c\u1ea3 kh\u00e1ch truy c\u1eadp v\u00e0o trang web c\u1ee7a ch\u00fang t\u00f4i. Ch\u00ednh s\u00e1ch Cookie n\u00e0y ph\u00e1c th\u1ea3o ch\u00ednh s\u00e1ch c\u1ee7a ch\u00fang t\u00f4i li\u00ean quan \u0111\u1ebfn vi\u1ec7c s\u1eed d\u1ee5ng cookie tr\u00ean global.dcu.ie","breadcrumb":{"@id":"https:\/\/advance.dcu.ie\/cookie-policy\/#breadcrumb"},"inLanguage":"vi-VN","potentialAction":[{"@type":"ReadAction","target":["https:\/\/advance.dcu.ie\/cookie-policy\/"]}]},{"@type":"BreadcrumbList","@id":"https:\/\/advance.dcu.ie\/cookie-policy\/#breadcrumb","itemListElement":[{"@type":"ListItem","position":1,"name":"Nh\u00e0","item":"https:\/\/advance.dcu.ie\/vi\/"},{"@type":"ListItem","position":2,"name":"Ch\u00ednh s\u00e1ch Cookie"}]},{"@type":"WebSite","@id":"https:\/\/advance.dcu.ie\/#website","url":"https:\/\/advance.dcu.ie\/","name":"DCU Advance","description":"DCU Pathway Programmes","publisher":{"@id":"https:\/\/advance.dcu.ie\/#organization"},"potentialAction":[{"@type":"SearchAction","target":{"@type":"EntryPoint","urlTemplate":"https:\/\/advance.dcu.ie\/?s={search_term_string}"},"query-input":{"@type":"PropertyValueSpecification","valueRequired":true,"valueName":"search_term_string"}}],"inLanguage":"vi-VN"},{"@type":"Organization","@id":"https:\/\/advance.dcu.ie\/#organization","name":"Dublin City University","url":"https:\/\/advance.dcu.ie\/","logo":{"@type":"ImageObject","inLanguage":"vi-VN","@id":"https:\/\/advance.dcu.ie\/#\/schema\/logo\/image\/","url":"https:\/\/advance.dcu.ie\/wp-content\/uploads\/2021\/08\/dcu-int-logo.svg","contentUrl":"https:\/\/advance.dcu.ie\/wp-content\/uploads\/2021\/08\/dcu-int-logo.svg","width":"1024","height":"1024","caption":"Dublin City University"},"image":{"@id":"https:\/\/advance.dcu.ie\/#\/schema\/logo\/image\/"}}]}},"_links":{"self":[{"href":"https:\/\/advance.dcu.ie\/vi\/wp-json\/wp\/v2\/pages\/10963","targetHints":{"allow":["GET"]}}],"collection":[{"href":"https:\/\/advance.dcu.ie\/vi\/wp-json\/wp\/v2\/pages"}],"about":[{"href":"https:\/\/advance.dcu.ie\/vi\/wp-json\/wp\/v2\/types\/page"}],"author":[{"embeddable":true,"href":"https:\/\/advance.dcu.ie\/vi\/wp-json\/wp\/v2\/users\/2"}],"replies":[{"embeddable":true,"href":"https:\/\/advance.dcu.ie\/vi\/wp-json\/wp\/v2\/comments?post=10963"}],"version-history":[{"count":8,"href":"https:\/\/advance.dcu.ie\/vi\/wp-json\/wp\/v2\/pages\/10963\/revisions"}],"predecessor-version":[{"id":14647,"href":"https:\/\/advance.dcu.ie\/vi\/wp-json\/wp\/v2\/pages\/10963\/revisions\/14647"}],"wp:attachment":[{"href":"https:\/\/advance.dcu.ie\/vi\/wp-json\/wp\/v2\/media?parent=10963"}],"curies":[{"name":"wp","href":"https:\/\/api.w.org\/{rel}","templated":true}]}}