{"id":11010,"date":"2022-08-31T13:11:51","date_gmt":"2022-08-31T13:11:51","guid":{"rendered":"https:\/\/advance.dcu.ie\/?page_id=11010"},"modified":"2022-08-31T13:11:51","modified_gmt":"2022-08-31T13:11:51","slug":"tesekkurler-pmp","status":"publish","type":"page","link":"https:\/\/advance.dcu.ie\/tr\/tesekkurler-pmp\/","title":{"rendered":"Te\u015fekk\u00fcrler &#8211; PMP"},"content":{"rendered":"<section class=\"l-section wpb_row home-banner inner-page-banner height_auto width_full\"><div class=\"l-section-h i-cf\"><div class=\"g-cols via_grid cols_2 laptops-cols_inherit tablets-cols_inherit mobiles-cols_1 valign_top type_default\"><div class=\"wpb_column vc_column_container home-banner-content\"><div class=\"vc_column-inner\">[vc_raw_html el_class=&#8221;breadcrumbs&#8221;]W3dwc2VvX2JyZWFkY3J1bWJd[\/vc_raw_html]<div id=\"ultimate-heading-207269d0d90fb4df9\" class=\"uvc-heading ult-adjust-bottom-margin ultimate-heading-207269d0d90fb4df9 uvc-7435 \" data-hspacer=\"no_spacer\"  data-halign=\"left\" style=\"text-align:left\"><div class=\"uvc-heading-spacer no_spacer\" style=\"top\"><\/div><div class=\"uvc-main-heading ult-responsive\"  data-ultimate-target='.uvc-heading.ultimate-heading-207269d0d90fb4df9 h1'  data-responsive-json-new='{\"font-size\":\"\",\"line-height\":\"\"}' ><h1 style=\"font-weight:normal;\">Te\u015fekk\u00fcrler <\/h1><\/div><div class=\"uvc-sub-heading ult-responsive\"  data-ultimate-target='.uvc-heading.ultimate-heading-207269d0d90fb4df9 .uvc-sub-heading '  data-responsive-json-new='{\"font-size\":\"\",\"line-height\":\"\"}'  style=\"font-weight:normal;\">Dublin \u015eehir \u00dcniversitesi \u0130ngilizce Dil Okulu ile ileti\u015fime ge\u00e7ti\u011finiz i\u00e7in te\u015fekk\u00fcr ederiz. Ekibimizin bir \u00fcyesi sizinle k\u0131sa s\u00fcrede ileti\u015fme ge\u00e7ecek.<\/div><\/div><\/div><\/div><div class=\"wpb_column vc_column_container home-banner-image\"><div class=\"vc_column-inner\"><div class=\"w-image align_none\"><div class=\"w-image-h\"><img loading=\"lazy\" decoding=\"async\" width=\"736\" height=\"332\" src=\"https:\/\/advance.dcu.ie\/wp-content\/uploads\/2021\/10\/pathways-website-banner-internal-thank-you.jpg\" class=\"attachment-full size-full\" alt=\"\" srcset=\"https:\/\/advance.dcu.ie\/wp-content\/uploads\/2021\/10\/pathways-website-banner-internal-thank-you.jpg 736w, https:\/\/advance.dcu.ie\/wp-content\/uploads\/2021\/10\/pathways-website-banner-internal-thank-you-300x135.jpg 300w, https:\/\/advance.dcu.ie\/wp-content\/uploads\/2021\/10\/pathways-website-banner-internal-thank-you-18x8.jpg 18w\" sizes=\"auto, (max-width: 736px) 100vw, 736px\" \/><\/div><\/div><\/div><\/div><\/div><\/div><\/section><section class=\"l-section wpb_row living-dublin-section why-dcu-section first-section height_auto\"><div class=\"l-section-h i-cf\"><div class=\"g-cols via_grid cols_1 laptops-cols_inherit tablets-cols_inherit mobiles-cols_1 valign_top type_default\"><div class=\"wpb_column vc_column_container\"><div class=\"vc_column-inner\"><div id=\"ultimate-heading-291869d0d90fb730b\" class=\"uvc-heading ult-adjust-bottom-margin ultimate-heading-291869d0d90fb730b uvc-2212 l-height\" data-hspacer=\"no_spacer\"  data-halign=\"left\" style=\"text-align:left\"><div class=\"uvc-heading-spacer no_spacer\" style=\"top\"><\/div><div class=\"uvc-main-heading ult-responsive\"  data-ultimate-target='.uvc-heading.ultimate-heading-291869d0d90fb730b h2'  data-responsive-json-new='{\"font-size\":\"\",\"line-height\":\"\"}' ><h2 style=\"font-weight:normal;\">Sorunuz mu var?<\/h2><\/div><\/div><div class=\"wpb_text_column programme-text\"><div class=\"wpb_wrapper\"><p><span style=\"font-weight: 400;\">Herhangi bir sorunuz varsa l\u00fctfen <a class=\"simple-link\" href=\"https:\/\/advance.dcu.ie\/tr\/?page_id=10991\">ekibimizle ileti\u015fime ge\u00e7in<\/a>.<\/span><\/p>\n<\/div><\/div><\/div><\/div><\/div><\/div><\/section>\n","protected":false},"excerpt":{"rendered":"[vc_raw_html el_class=\"breadcrumbs\"]W3dwc2VvX2JyZWFkY3J1bWJd[\/vc_raw_html]Te\u015fekk\u00fcrler Dublin \u015eehir \u00dcniversitesi \u0130ngilizce Dil Okulu ile ileti\u015fime ge\u00e7ti\u011finiz i\u00e7in te\u015fekk\u00fcr ederiz. Ekibimizin bir \u00fcyesi sizinle k\u0131sa s\u00fcrede ileti\u015fme ge\u00e7ecek.Sorunuz mu var?Herhangi bir sorunuz varsa l\u00fctfen ekibimizle ileti\u015fime ge\u00e7in.","protected":false},"author":2,"featured_media":0,"parent":0,"menu_order":0,"comment_status":"closed","ping_status":"closed","template":"","meta":{"_acf_changed":false,"content-type":"","inline_featured_image":false,"footnotes":""},"class_list":["post-11010","page","type-page","status-publish","hentry"],"acf":[],"yoast_head":"<!-- This site is optimized with the Yoast SEO plugin v27.3 - https:\/\/yoast.com\/product\/yoast-seo-wordpress\/ -->\n<title>Te\u015fekk\u00fcrler - PMP | DCU Advance<\/title>\n<meta name=\"description\" content=\"Dublin \u015eehir \u00dcniversitesi \u0130ngilizce Dil Okulu ile ileti\u015fime ge\u00e7ti\u011finiz i\u00e7in te\u015fekk\u00fcr ederiz.\" \/>\n<meta name=\"robots\" content=\"index, follow, max-snippet:-1, max-image-preview:large, max-video-preview:-1\" \/>\n<link rel=\"canonical\" href=\"https:\/\/advance.dcu.ie\/tr\/__trashed-2\/tesekkurler-pmp\/\" \/>\n<meta property=\"og:locale\" content=\"tr_TR\" \/>\n<meta property=\"og:type\" content=\"article\" \/>\n<meta property=\"og:title\" content=\"Te\u015fekk\u00fcrler - PMP | DCU Advance\" \/>\n<meta property=\"og:description\" content=\"Dublin \u015eehir \u00dcniversitesi \u0130ngilizce Dil Okulu ile ileti\u015fime ge\u00e7ti\u011finiz i\u00e7in te\u015fekk\u00fcr ederiz.\" \/>\n<meta property=\"og:url\" content=\"https:\/\/advance.dcu.ie\/tr\/__trashed-2\/tesekkurler-pmp\/\" \/>\n<meta property=\"og:site_name\" content=\"DCU Advance\" \/>\n<meta name=\"twitter:card\" content=\"summary_large_image\" \/>\n<meta name=\"twitter:label1\" content=\"Tahmini okuma s\u00fcresi\" \/>\n\t<meta name=\"twitter:data1\" content=\"1 dakika\" \/>\n<script type=\"application\/ld+json\" class=\"yoast-schema-graph\">{\"@context\":\"https:\\\/\\\/schema.org\",\"@graph\":[{\"@type\":\"WebPage\",\"@id\":\"https:\\\/\\\/advance.dcu.ie\\\/tr\\\/__trashed-2\\\/tesekkurler-pmp\\\/\",\"url\":\"https:\\\/\\\/advance.dcu.ie\\\/tr\\\/__trashed-2\\\/tesekkurler-pmp\\\/\",\"name\":\"Te\u015fekk\u00fcrler - PMP | DCU Advance\",\"isPartOf\":{\"@id\":\"https:\\\/\\\/advance.dcu.ie\\\/#website\"},\"datePublished\":\"2022-08-31T13:11:51+00:00\",\"description\":\"Dublin \u015eehir \u00dcniversitesi \u0130ngilizce Dil Okulu ile ileti\u015fime ge\u00e7ti\u011finiz i\u00e7in te\u015fekk\u00fcr ederiz.\",\"breadcrumb\":{\"@id\":\"https:\\\/\\\/advance.dcu.ie\\\/tr\\\/__trashed-2\\\/tesekkurler-pmp\\\/#breadcrumb\"},\"inLanguage\":\"tr\",\"potentialAction\":[{\"@type\":\"ReadAction\",\"target\":[\"https:\\\/\\\/advance.dcu.ie\\\/tr\\\/__trashed-2\\\/tesekkurler-pmp\\\/\"]}]},{\"@type\":\"BreadcrumbList\",\"@id\":\"https:\\\/\\\/advance.dcu.ie\\\/tr\\\/__trashed-2\\\/tesekkurler-pmp\\\/#breadcrumb\",\"itemListElement\":[{\"@type\":\"ListItem\",\"position\":1,\"name\":\"Ana Sayfa\",\"item\":\"https:\\\/\\\/advance.dcu.ie\\\/tr\\\/\"},{\"@type\":\"ListItem\",\"position\":2,\"name\":\"Te\u015fekk\u00fcrler &#8211; PMP\"}]},{\"@type\":\"WebSite\",\"@id\":\"https:\\\/\\\/advance.dcu.ie\\\/#website\",\"url\":\"https:\\\/\\\/advance.dcu.ie\\\/\",\"name\":\"DCU Advance\",\"description\":\"DCU Pathway Programmes\",\"publisher\":{\"@id\":\"https:\\\/\\\/advance.dcu.ie\\\/#organization\"},\"potentialAction\":[{\"@type\":\"SearchAction\",\"target\":{\"@type\":\"EntryPoint\",\"urlTemplate\":\"https:\\\/\\\/advance.dcu.ie\\\/?s={search_term_string}\"},\"query-input\":{\"@type\":\"PropertyValueSpecification\",\"valueRequired\":true,\"valueName\":\"search_term_string\"}}],\"inLanguage\":\"tr\"},{\"@type\":\"Organization\",\"@id\":\"https:\\\/\\\/advance.dcu.ie\\\/#organization\",\"name\":\"Dublin City University\",\"url\":\"https:\\\/\\\/advance.dcu.ie\\\/\",\"logo\":{\"@type\":\"ImageObject\",\"inLanguage\":\"tr\",\"@id\":\"https:\\\/\\\/advance.dcu.ie\\\/#\\\/schema\\\/logo\\\/image\\\/\",\"url\":\"https:\\\/\\\/advance.dcu.ie\\\/wp-content\\\/uploads\\\/2021\\\/08\\\/dcu-int-logo.svg\",\"contentUrl\":\"https:\\\/\\\/advance.dcu.ie\\\/wp-content\\\/uploads\\\/2021\\\/08\\\/dcu-int-logo.svg\",\"width\":\"1024\",\"height\":\"1024\",\"caption\":\"Dublin City University\"},\"image\":{\"@id\":\"https:\\\/\\\/advance.dcu.ie\\\/#\\\/schema\\\/logo\\\/image\\\/\"}}]}<\/script>\n<!-- \/ Yoast SEO plugin. -->","yoast_head_json":{"title":"Te\u015fekk\u00fcrler - PMP | DCU Advance","description":"Dublin \u015eehir \u00dcniversitesi \u0130ngilizce Dil Okulu ile ileti\u015fime ge\u00e7ti\u011finiz i\u00e7in te\u015fekk\u00fcr ederiz.","robots":{"index":"index","follow":"follow","max-snippet":"max-snippet:-1","max-image-preview":"max-image-preview:large","max-video-preview":"max-video-preview:-1"},"canonical":"https:\/\/advance.dcu.ie\/tr\/__trashed-2\/tesekkurler-pmp\/","og_locale":"tr_TR","og_type":"article","og_title":"Te\u015fekk\u00fcrler - PMP | DCU Advance","og_description":"Dublin \u015eehir \u00dcniversitesi \u0130ngilizce Dil Okulu ile ileti\u015fime ge\u00e7ti\u011finiz i\u00e7in te\u015fekk\u00fcr ederiz.","og_url":"https:\/\/advance.dcu.ie\/tr\/__trashed-2\/tesekkurler-pmp\/","og_site_name":"DCU Advance","twitter_card":"summary_large_image","twitter_misc":{"Tahmini okuma s\u00fcresi":"1 dakika"},"schema":{"@context":"https:\/\/schema.org","@graph":[{"@type":"WebPage","@id":"https:\/\/advance.dcu.ie\/tr\/__trashed-2\/tesekkurler-pmp\/","url":"https:\/\/advance.dcu.ie\/tr\/__trashed-2\/tesekkurler-pmp\/","name":"Te\u015fekk\u00fcrler - PMP | DCU Advance","isPartOf":{"@id":"https:\/\/advance.dcu.ie\/#website"},"datePublished":"2022-08-31T13:11:51+00:00","description":"Dublin \u015eehir \u00dcniversitesi \u0130ngilizce Dil Okulu ile ileti\u015fime ge\u00e7ti\u011finiz i\u00e7in te\u015fekk\u00fcr ederiz.","breadcrumb":{"@id":"https:\/\/advance.dcu.ie\/tr\/__trashed-2\/tesekkurler-pmp\/#breadcrumb"},"inLanguage":"tr","potentialAction":[{"@type":"ReadAction","target":["https:\/\/advance.dcu.ie\/tr\/__trashed-2\/tesekkurler-pmp\/"]}]},{"@type":"BreadcrumbList","@id":"https:\/\/advance.dcu.ie\/tr\/__trashed-2\/tesekkurler-pmp\/#breadcrumb","itemListElement":[{"@type":"ListItem","position":1,"name":"Ana Sayfa","item":"https:\/\/advance.dcu.ie\/tr\/"},{"@type":"ListItem","position":2,"name":"Te\u015fekk\u00fcrler &#8211; PMP"}]},{"@type":"WebSite","@id":"https:\/\/advance.dcu.ie\/#website","url":"https:\/\/advance.dcu.ie\/","name":"DCU Advance","description":"DCU Pathway Programmes","publisher":{"@id":"https:\/\/advance.dcu.ie\/#organization"},"potentialAction":[{"@type":"SearchAction","target":{"@type":"EntryPoint","urlTemplate":"https:\/\/advance.dcu.ie\/?s={search_term_string}"},"query-input":{"@type":"PropertyValueSpecification","valueRequired":true,"valueName":"search_term_string"}}],"inLanguage":"tr"},{"@type":"Organization","@id":"https:\/\/advance.dcu.ie\/#organization","name":"Dublin City University","url":"https:\/\/advance.dcu.ie\/","logo":{"@type":"ImageObject","inLanguage":"tr","@id":"https:\/\/advance.dcu.ie\/#\/schema\/logo\/image\/","url":"https:\/\/advance.dcu.ie\/wp-content\/uploads\/2021\/08\/dcu-int-logo.svg","contentUrl":"https:\/\/advance.dcu.ie\/wp-content\/uploads\/2021\/08\/dcu-int-logo.svg","width":"1024","height":"1024","caption":"Dublin City University"},"image":{"@id":"https:\/\/advance.dcu.ie\/#\/schema\/logo\/image\/"}}]}},"_links":{"self":[{"href":"https:\/\/advance.dcu.ie\/tr\/wp-json\/wp\/v2\/pages\/11010","targetHints":{"allow":["GET"]}}],"collection":[{"href":"https:\/\/advance.dcu.ie\/tr\/wp-json\/wp\/v2\/pages"}],"about":[{"href":"https:\/\/advance.dcu.ie\/tr\/wp-json\/wp\/v2\/types\/page"}],"author":[{"embeddable":true,"href":"https:\/\/advance.dcu.ie\/tr\/wp-json\/wp\/v2\/users\/2"}],"replies":[{"embeddable":true,"href":"https:\/\/advance.dcu.ie\/tr\/wp-json\/wp\/v2\/comments?post=11010"}],"version-history":[{"count":2,"href":"https:\/\/advance.dcu.ie\/tr\/wp-json\/wp\/v2\/pages\/11010\/revisions"}],"predecessor-version":[{"id":11012,"href":"https:\/\/advance.dcu.ie\/tr\/wp-json\/wp\/v2\/pages\/11010\/revisions\/11012"}],"wp:attachment":[{"href":"https:\/\/advance.dcu.ie\/tr\/wp-json\/wp\/v2\/media?parent=11010"}],"curies":[{"name":"wp","href":"https:\/\/api.w.org\/{rel}","templated":true}]}}