{"id":10994,"date":"2022-08-31T11:44:15","date_gmt":"2022-08-31T11:44:15","guid":{"rendered":"https:\/\/advance.dcu.ie\/?page_id=10994"},"modified":"2022-08-31T11:44:15","modified_gmt":"2022-08-31T11:44:15","slug":"indirmeler","status":"publish","type":"page","link":"https:\/\/advance.dcu.ie\/tr\/indirmeler\/","title":{"rendered":"\u0130ndirmeler"},"content":{"rendered":"<section class=\"l-section wpb_row home-banner inner-page-banner height_auto width_full\"><div class=\"l-section-h i-cf\"><div class=\"g-cols via_grid cols_2 laptops-cols_inherit tablets-cols_inherit mobiles-cols_1 valign_top type_default\"><div class=\"wpb_column vc_column_container home-banner-content\"><div class=\"vc_column-inner\">[vc_raw_html el_class=&#8221;breadcrumbs&#8221;]W3dwc2VvX2JyZWFkY3J1bWJd[\/vc_raw_html]<div id=\"ultimate-heading-914269e92991da380\" class=\"uvc-heading ult-adjust-bottom-margin ultimate-heading-914269e92991da380 uvc-2133 \" data-hspacer=\"no_spacer\"  data-halign=\"left\" style=\"text-align:left\"><div class=\"uvc-heading-spacer no_spacer\" style=\"top\"><\/div><div class=\"uvc-main-heading ult-responsive\"  data-ultimate-target='.uvc-heading.ultimate-heading-914269e92991da380 h1'  data-responsive-json-new='{\"font-size\":\"\",\"line-height\":\"\"}' ><h1 style=\"font-weight:normal;\">\u0130ndirmeler<\/h1><\/div><div class=\"uvc-sub-heading ult-responsive\"  data-ultimate-target='.uvc-heading.ultimate-heading-914269e92991da380 .uvc-sub-heading '  data-responsive-json-new='{\"font-size\":\"\",\"line-height\":\"\"}'  style=\"font-weight:normal;\">DCU\u2019nun indirmeler sayfas\u0131na g\u00f6r\u00fcnt\u00fcleyip bizden en son haberleri al\u0131n.<\/div><\/div><\/div><\/div><div class=\"wpb_column vc_column_container home-banner-image\"><div class=\"vc_column-inner\"><div class=\"w-image align_none\"><div class=\"w-image-h\"><img loading=\"lazy\" decoding=\"async\" width=\"1000\" height=\"451\" src=\"https:\/\/advance.dcu.ie\/wp-content\/uploads\/2021\/10\/download-dover-dcu-web.jpg\" class=\"attachment-full size-full\" alt=\"\" srcset=\"https:\/\/advance.dcu.ie\/wp-content\/uploads\/2021\/10\/download-dover-dcu-web.jpg 1000w, https:\/\/advance.dcu.ie\/wp-content\/uploads\/2021\/10\/download-dover-dcu-web-300x135.jpg 300w, https:\/\/advance.dcu.ie\/wp-content\/uploads\/2021\/10\/download-dover-dcu-web-18x8.jpg 18w\" sizes=\"auto, (max-width: 1000px) 100vw, 1000px\" \/><\/div><\/div><\/div><\/div><\/div><\/div><\/section><section class=\"l-section wpb_row living-dublin-section why-dcu-section first-section height_auto\"><div class=\"l-section-h i-cf\"><div class=\"g-cols via_grid cols_1 laptops-cols_inherit tablets-cols_inherit mobiles-cols_1 valign_top type_default\"><div class=\"wpb_column vc_column_container\"><div class=\"vc_column-inner\"><div id=\"ultimate-heading-746569e92991dc37e\" class=\"uvc-heading ult-adjust-bottom-margin ultimate-heading-746569e92991dc37e uvc-3728 l-height\" data-hspacer=\"no_spacer\"  data-halign=\"left\" style=\"text-align:left\"><div class=\"uvc-heading-spacer no_spacer\" style=\"top\"><\/div><div class=\"uvc-main-heading ult-responsive\"  data-ultimate-target='.uvc-heading.ultimate-heading-746569e92991dc37e h2'  data-responsive-json-new='{\"font-size\":\"\",\"line-height\":\"\"}' ><h2 style=\"font-weight:normal;\">DCU'dan en son bro\u015f\u00fcrleri edinin<\/h2><\/div><div class=\"uvc-sub-heading ult-responsive\"  data-ultimate-target='.uvc-heading.ultimate-heading-746569e92991dc37e .uvc-sub-heading '  data-responsive-json-new='{\"font-size\":\"\",\"line-height\":\"\"}'  style=\"font-weight:normal;\"><span style=\"font-weight: 400;\">Belgelerimizden hepsini g\u00f6r\u00fcnt\u00fclemek amac\u0131yla l\u00fctfen istenen belgeyi indirmek i\u00e7in a\u015fa\u011f\u0131daki d\u00fc\u011fmelere t\u0131klay\u0131n.<\/span><\/div><\/div><\/div><\/div><\/div><\/div><\/section><section class=\"l-section wpb_row living-dublin-section why-dcu-section first-section height_auto\"><div class=\"l-section-h i-cf\"><div class=\"g-cols via_grid cols_2 laptops-cols_inherit tablets-cols_inherit mobiles-cols_1 valign_top type_default\"><div class=\"wpb_column vc_column_container\"><div class=\"vc_column-inner\"><div id=\"ultimate-heading-543669e92991dc85c\" class=\"uvc-heading ult-adjust-bottom-margin ultimate-heading-543669e92991dc85c uvc-2603 l-width\" data-hspacer=\"no_spacer\"  data-halign=\"left\" style=\"text-align:left\"><div class=\"uvc-heading-spacer no_spacer\" style=\"top\"><\/div><div class=\"uvc-main-heading ult-responsive\"  data-ultimate-target='.uvc-heading.ultimate-heading-543669e92991dc85c h4'  data-responsive-json-new='{\"font-size\":\"\",\"line-height\":\"\"}' ><h4 style=\"font-weight:normal;\">Bro\u015f\u00fcr - Uluslararas\u0131 Haz\u0131rl\u0131k Y\u0131l\u0131 Program\u0131<\/h4><\/div><\/div><\/div><\/div><div class=\"wpb_column vc_column_container\"><div class=\"vc_column-inner\"><div class=\"w-btn-wrapper align_none\"><a class=\"w-btn us-btn-style_1 us_custom_68cda339 primary-button grey-button secondary\" title=\"\u0130ndir\" target=\"_blank\" href=\"https:\/\/advance.dcu.ie\/wp-content\/uploads\/2021\/10\/IFY_Brochure_2021.pdf\" rel=\"noopener\"><span class=\"w-btn-label\">\u0130ndir<\/span><\/a><\/div><\/div><\/div><\/div><\/div><\/section><section class=\"l-section wpb_row living-dublin-section why-dcu-section first-section height_auto\"><div class=\"l-section-h i-cf\"><div class=\"g-cols via_grid cols_2 laptops-cols_inherit tablets-cols_inherit mobiles-cols_1 valign_top type_default\"><div class=\"wpb_column vc_column_container\"><div class=\"vc_column-inner\"><div id=\"ultimate-heading-413269e92991ddde0\" class=\"uvc-heading ult-adjust-bottom-margin ultimate-heading-413269e92991ddde0 uvc-166 l-width\" data-hspacer=\"no_spacer\"  data-halign=\"left\" style=\"text-align:left\"><div class=\"uvc-heading-spacer no_spacer\" style=\"top\"><\/div><div class=\"uvc-main-heading ult-responsive\"  data-ultimate-target='.uvc-heading.ultimate-heading-413269e92991ddde0 h4'  data-responsive-json-new='{\"font-size\":\"\",\"line-height\":\"\"}' ><h4 style=\"font-weight:normal;\">Ba\u015fvuru Formu - Haz\u0131rl\u0131k Program\u0131 - IO10 lisans<\/h4><\/div><\/div><\/div><\/div><div class=\"wpb_column vc_column_container\"><div class=\"vc_column-inner\"><div class=\"w-btn-wrapper align_none\"><a class=\"w-btn us-btn-style_1 us_custom_68cda339 primary-button grey-button secondary\" title=\"\u0130ndir\" target=\"_blank\" href=\"https:\/\/advance.dcu.ie\/wp-content\/uploads\/2021\/10\/IO10-undergraduate-application-form-20-21-V2.docx\" rel=\"noopener\"><span class=\"w-btn-label\">\u0130ndir<\/span><\/a><\/div><\/div><\/div><\/div><\/div><\/section><section class=\"l-section wpb_row living-dublin-section why-dcu-section first-section height_auto\"><div class=\"l-section-h i-cf\"><div class=\"g-cols via_grid cols_2 laptops-cols_inherit tablets-cols_inherit mobiles-cols_1 valign_top type_default\"><div class=\"wpb_column vc_column_container\"><div class=\"vc_column-inner\"><div id=\"ultimate-heading-360369e92991de2e4\" class=\"uvc-heading ult-adjust-bottom-margin ultimate-heading-360369e92991de2e4 uvc-4212 l-width\" data-hspacer=\"no_spacer\"  data-halign=\"left\" style=\"text-align:left\"><div class=\"uvc-heading-spacer no_spacer\" style=\"top\"><\/div><div class=\"uvc-main-heading ult-responsive\"  data-ultimate-target='.uvc-heading.ultimate-heading-360369e92991de2e4 h4'  data-responsive-json-new='{\"font-size\":\"\",\"line-height\":\"\"}' ><h4 style=\"font-weight:normal;\">Bro\u015f\u00fcr - D\u00f6nem \u00d6ncesi<\/h4><\/div><\/div><\/div><\/div><div class=\"wpb_column vc_column_container\"><div class=\"vc_column-inner\"><div class=\"w-btn-wrapper align_none\"><a class=\"w-btn us-btn-style_1 us_custom_68cda339 primary-button grey-button secondary\" title=\"\u0130ndir\" target=\"_blank\" href=\"https:\/\/advance.dcu.ie\/wp-content\/uploads\/2021\/11\/Handout_courses_presessional2022.pdf\" rel=\"noopener\"><span class=\"w-btn-label\">\u0130ndir<\/span><\/a><\/div><\/div><\/div><\/div><\/div><\/section><section class=\"l-section wpb_row living-dublin-section why-dcu-section first-section height_auto\"><div class=\"l-section-h i-cf\"><div class=\"g-cols via_grid cols_2 laptops-cols_inherit tablets-cols_inherit mobiles-cols_1 valign_top type_default\"><div class=\"wpb_column vc_column_container\"><div class=\"vc_column-inner\"><div id=\"ultimate-heading-609369e92991de882\" class=\"uvc-heading ult-adjust-bottom-margin ultimate-heading-609369e92991de882 uvc-8789 l-width\" data-hspacer=\"no_spacer\"  data-halign=\"left\" style=\"text-align:left\"><div class=\"uvc-heading-spacer no_spacer\" style=\"top\"><\/div><div class=\"uvc-main-heading ult-responsive\"  data-ultimate-target='.uvc-heading.ultimate-heading-609369e92991de882 h4'  data-responsive-json-new='{\"font-size\":\"\",\"line-height\":\"\"}' ><h4 style=\"font-weight:normal;\">Kitap\u00e7\u0131k - DCU IFY Giri\u015f Ko\u015fullar\u0131<\/h4><\/div><\/div><\/div><\/div><div class=\"wpb_column vc_column_container\"><div class=\"vc_column-inner\"><div class=\"w-btn-wrapper align_none\"><a class=\"w-btn us-btn-style_1 us_custom_68cda339 primary-button grey-button secondary\" title=\"\u0130ndir\" target=\"_blank\" href=\"https:\/\/advance.dcu.ie\/wp-content\/uploads\/2021\/10\/12-05-2021-Booklet-DCU-Foundation-Year-Entry-Requirements.pdf\" rel=\"noopener\"><span class=\"w-btn-label\">\u0130ndir<\/span><\/a><\/div><\/div><\/div><\/div><\/div><\/section><section class=\"l-section wpb_row living-dublin-section why-dcu-section first-section height_auto\"><div class=\"l-section-h i-cf\"><div class=\"g-cols via_grid cols_2 laptops-cols_inherit tablets-cols_inherit mobiles-cols_1 valign_top type_default\"><div class=\"wpb_column vc_column_container\"><div class=\"vc_column-inner\"><div id=\"ultimate-heading-526669e92991ded67\" class=\"uvc-heading ult-adjust-bottom-margin ultimate-heading-526669e92991ded67 uvc-5250 l-width\" data-hspacer=\"no_spacer\"  data-halign=\"left\" style=\"text-align:left\"><div class=\"uvc-heading-spacer no_spacer\" style=\"top\"><\/div><div class=\"uvc-main-heading ult-responsive\"  data-ultimate-target='.uvc-heading.ultimate-heading-526669e92991ded67 h4'  data-responsive-json-new='{\"font-size\":\"\",\"line-height\":\"\"}' ><h4 style=\"font-weight:normal;\">Bireysel \u00d6\u011frenci Kay\u0131tlar\u0131 i\u00e7in H\u00fck\u00fcm ve Ko\u015fullar<\/h4><\/div><\/div><\/div><\/div><div class=\"wpb_column vc_column_container\"><div class=\"vc_column-inner\"><div class=\"w-btn-wrapper align_none\"><a class=\"w-btn us-btn-style_1 us_custom_68cda339 primary-button grey-button secondary\" title=\"\u0130ndir\" target=\"_blank\" href=\"https:\/\/advance.dcu.ie\/wp-content\/uploads\/2021\/10\/2018-07-31-dcu-ls-terms-and-conditions_2018.pdf\" rel=\"noopener\"><span class=\"w-btn-label\">\u0130ndir<\/span><\/a><\/div><\/div><\/div><\/div><\/div><\/section><section class=\"l-section wpb_row living-dublin-section why-dcu-section first-section height_auto\"><div class=\"l-section-h i-cf\"><div class=\"g-cols via_grid cols_2 laptops-cols_inherit tablets-cols_inherit mobiles-cols_1 valign_top type_default\"><div class=\"wpb_column vc_column_container\"><div class=\"vc_column-inner\"><div id=\"ultimate-heading-143869e92991df226\" class=\"uvc-heading ult-adjust-bottom-margin ultimate-heading-143869e92991df226 uvc-5578 l-width\" data-hspacer=\"no_spacer\"  data-halign=\"left\" style=\"text-align:left\"><div class=\"uvc-heading-spacer no_spacer\" style=\"top\"><\/div><div class=\"uvc-main-heading ult-responsive\"  data-ultimate-target='.uvc-heading.ultimate-heading-143869e92991df226 h4'  data-responsive-json-new='{\"font-size\":\"\",\"line-height\":\"\"}' ><h4 style=\"font-weight:normal;\">Grup Programlar\u0131 i\u00e7in H\u00fck\u00fcm ve Ko\u015fullar<\/h4><\/div><\/div><\/div><\/div><div class=\"wpb_column vc_column_container\"><div class=\"vc_column-inner\"><div class=\"w-btn-wrapper align_none\"><a class=\"w-btn us-btn-style_1 us_custom_68cda339 primary-button grey-button secondary\" title=\"\u0130ndir\" target=\"_blank\" href=\"https:\/\/advance.dcu.ie\/wp-content\/uploads\/2021\/10\/DCU-LS-Group-Terms-and-Conditions-2020.pdf\" rel=\"noopener\"><span class=\"w-btn-label\">\u0130ndir<\/span><\/a><\/div><\/div><\/div><\/div><\/div><\/section><section class=\"l-section wpb_row why-dcu-section fourth-section has-info-box height_auto\"><div class=\"l-section-h i-cf\"><div class=\"g-cols via_grid cols_2 laptops-cols_inherit tablets-cols_inherit mobiles-cols_1 valign_top type_default\"><div class=\"wpb_column vc_column_container\"><div class=\"vc_column-inner\"><div id=\"ultimate-heading-399669e92991df8bc\" class=\"uvc-heading ult-adjust-bottom-margin ultimate-heading-399669e92991df8bc uvc-8130 l-width\" data-hspacer=\"no_spacer\"  data-halign=\"left\" style=\"text-align:left\"><div class=\"uvc-heading-spacer no_spacer\" style=\"top\"><\/div><div class=\"uvc-main-heading ult-responsive\"  data-ultimate-target='.uvc-heading.ultimate-heading-399669e92991df8bc h3'  data-responsive-json-new='{\"font-size\":\"\",\"line-height\":\"\"}' ><h3 style=\"font-weight:normal;\">Ba\u015fka sorunuz mu var?<\/h3><\/div><div class=\"uvc-sub-heading ult-responsive\"  data-ultimate-target='.uvc-heading.ultimate-heading-399669e92991df8bc .uvc-sub-heading '  data-responsive-json-new='{\"font-size\":\"\",\"line-height\":\"\"}'  style=\"font-weight:normal;\"><span style=\"font-weight: 400;\">Program tekliflerimiz hakk\u0131nda daha fazla bilgi edinmek isterseniz ekibimizle ileti\u015fime ge\u00e7ebilirsiniz.<\/span><\/div><\/div><\/div><\/div><div class=\"wpb_column vc_column_container\"><div class=\"vc_column-inner\"><div class=\"w-btn-wrapper align_none\"><a class=\"w-btn us-btn-style_1 us_custom_68cda339 primary-button red-button\" title=\"\u0130leti\u015fime Ge\u00e7in\" href=\"https:\/\/advance.dcu.ie\/tr\/iletisime-gecin\"><span class=\"w-btn-label\">\u0130leti\u015fime Ge\u00e7in<\/span><\/a><\/div><\/div><\/div><\/div><\/div><\/section>\n","protected":false},"excerpt":{"rendered":"[vc_raw_html el_class=\"breadcrumbs\"]W3dwc2VvX2JyZWFkY3J1bWJd[\/vc_raw_html]\u0130ndirmelerDCU\u2019nun indirmeler sayfas\u0131na g\u00f6r\u00fcnt\u00fcleyip bizden en son haberleri al\u0131n.DCU'dan en son bro\u015f\u00fcrleri edininBelgelerimizden hepsini g\u00f6r\u00fcnt\u00fclemek amac\u0131yla l\u00fctfen istenen belgeyi indirmek i\u00e7in a\u015fa\u011f\u0131daki d\u00fc\u011fmelere t\u0131klay\u0131n.Bro\u015f\u00fcr - Uluslararas\u0131 Haz\u0131rl\u0131k Y\u0131l\u0131 Program\u0131\u0130ndirBa\u015fvuru Formu - Haz\u0131rl\u0131k Program\u0131 - IO10 lisans\u0130ndirBro\u015f\u00fcr - D\u00f6nem \u00d6ncesi\u0130ndirKitap\u00e7\u0131k - DCU IFY Giri\u015f Ko\u015fullar\u0131\u0130ndirBireysel \u00d6\u011frenci Kay\u0131tlar\u0131 i\u00e7in H\u00fck\u00fcm ve Ko\u015fullar\u0130ndirGrup Programlar\u0131 i\u00e7in H\u00fck\u00fcm ve...","protected":false},"author":2,"featured_media":0,"parent":0,"menu_order":0,"comment_status":"closed","ping_status":"closed","template":"","meta":{"_acf_changed":false,"content-type":"","inline_featured_image":false,"footnotes":""},"class_list":["post-10994","page","type-page","status-publish","hentry"],"acf":[],"yoast_head":"<!-- This site is optimized with the Yoast SEO plugin v27.3 - https:\/\/yoast.com\/product\/yoast-seo-wordpress\/ -->\n<title>\u0130ndirmeler | DCU Advance<\/title>\n<meta name=\"description\" content=\"DCU\u2019nun indirmeler sayfas\u0131na g\u00f6r\u00fcnt\u00fcleyip bizden en son haberleri al\u0131n.\" \/>\n<meta name=\"robots\" content=\"index, follow, max-snippet:-1, max-image-preview:large, max-video-preview:-1\" \/>\n<link rel=\"canonical\" href=\"https:\/\/advance.dcu.ie\/tr\/indirmeler\/\" \/>\n<meta property=\"og:locale\" content=\"tr_TR\" \/>\n<meta property=\"og:type\" content=\"article\" \/>\n<meta property=\"og:title\" content=\"\u0130ndirmeler | DCU Advance\" \/>\n<meta property=\"og:description\" content=\"DCU\u2019nun indirmeler sayfas\u0131na g\u00f6r\u00fcnt\u00fcleyip bizden en son haberleri al\u0131n.\" \/>\n<meta property=\"og:url\" content=\"https:\/\/advance.dcu.ie\/tr\/indirmeler\/\" \/>\n<meta property=\"og:site_name\" content=\"DCU Advance\" \/>\n<meta name=\"twitter:card\" content=\"summary_large_image\" \/>\n<meta name=\"twitter:label1\" content=\"Tahmini okuma s\u00fcresi\" \/>\n\t<meta name=\"twitter:data1\" content=\"1 dakika\" \/>\n<script type=\"application\/ld+json\" class=\"yoast-schema-graph\">{\"@context\":\"https:\\\/\\\/schema.org\",\"@graph\":[{\"@type\":\"WebPage\",\"@id\":\"https:\\\/\\\/advance.dcu.ie\\\/tr\\\/indirmeler\\\/\",\"url\":\"https:\\\/\\\/advance.dcu.ie\\\/tr\\\/indirmeler\\\/\",\"name\":\"\u0130ndirmeler | DCU Advance\",\"isPartOf\":{\"@id\":\"https:\\\/\\\/advance.dcu.ie\\\/#website\"},\"datePublished\":\"2022-08-31T11:44:15+00:00\",\"description\":\"DCU\u2019nun indirmeler sayfas\u0131na g\u00f6r\u00fcnt\u00fcleyip bizden en son haberleri al\u0131n.\",\"breadcrumb\":{\"@id\":\"https:\\\/\\\/advance.dcu.ie\\\/tr\\\/indirmeler\\\/#breadcrumb\"},\"inLanguage\":\"tr\",\"potentialAction\":[{\"@type\":\"ReadAction\",\"target\":[\"https:\\\/\\\/advance.dcu.ie\\\/tr\\\/indirmeler\\\/\"]}]},{\"@type\":\"BreadcrumbList\",\"@id\":\"https:\\\/\\\/advance.dcu.ie\\\/tr\\\/indirmeler\\\/#breadcrumb\",\"itemListElement\":[{\"@type\":\"ListItem\",\"position\":1,\"name\":\"Ana Sayfa\",\"item\":\"https:\\\/\\\/advance.dcu.ie\\\/tr\\\/\"},{\"@type\":\"ListItem\",\"position\":2,\"name\":\"\u0130ndirmeler\"}]},{\"@type\":\"WebSite\",\"@id\":\"https:\\\/\\\/advance.dcu.ie\\\/#website\",\"url\":\"https:\\\/\\\/advance.dcu.ie\\\/\",\"name\":\"DCU Advance\",\"description\":\"DCU Pathway Programmes\",\"publisher\":{\"@id\":\"https:\\\/\\\/advance.dcu.ie\\\/#organization\"},\"potentialAction\":[{\"@type\":\"SearchAction\",\"target\":{\"@type\":\"EntryPoint\",\"urlTemplate\":\"https:\\\/\\\/advance.dcu.ie\\\/?s={search_term_string}\"},\"query-input\":{\"@type\":\"PropertyValueSpecification\",\"valueRequired\":true,\"valueName\":\"search_term_string\"}}],\"inLanguage\":\"tr\"},{\"@type\":\"Organization\",\"@id\":\"https:\\\/\\\/advance.dcu.ie\\\/#organization\",\"name\":\"Dublin City University\",\"url\":\"https:\\\/\\\/advance.dcu.ie\\\/\",\"logo\":{\"@type\":\"ImageObject\",\"inLanguage\":\"tr\",\"@id\":\"https:\\\/\\\/advance.dcu.ie\\\/#\\\/schema\\\/logo\\\/image\\\/\",\"url\":\"https:\\\/\\\/advance.dcu.ie\\\/wp-content\\\/uploads\\\/2021\\\/08\\\/dcu-int-logo.svg\",\"contentUrl\":\"https:\\\/\\\/advance.dcu.ie\\\/wp-content\\\/uploads\\\/2021\\\/08\\\/dcu-int-logo.svg\",\"width\":\"1024\",\"height\":\"1024\",\"caption\":\"Dublin City University\"},\"image\":{\"@id\":\"https:\\\/\\\/advance.dcu.ie\\\/#\\\/schema\\\/logo\\\/image\\\/\"}}]}<\/script>\n<!-- \/ Yoast SEO plugin. -->","yoast_head_json":{"title":"\u0130ndirmeler | DCU Advance","description":"DCU\u2019nun indirmeler sayfas\u0131na g\u00f6r\u00fcnt\u00fcleyip bizden en son haberleri al\u0131n.","robots":{"index":"index","follow":"follow","max-snippet":"max-snippet:-1","max-image-preview":"max-image-preview:large","max-video-preview":"max-video-preview:-1"},"canonical":"https:\/\/advance.dcu.ie\/tr\/indirmeler\/","og_locale":"tr_TR","og_type":"article","og_title":"\u0130ndirmeler | DCU Advance","og_description":"DCU\u2019nun indirmeler sayfas\u0131na g\u00f6r\u00fcnt\u00fcleyip bizden en son haberleri al\u0131n.","og_url":"https:\/\/advance.dcu.ie\/tr\/indirmeler\/","og_site_name":"DCU Advance","twitter_card":"summary_large_image","twitter_misc":{"Tahmini okuma s\u00fcresi":"1 dakika"},"schema":{"@context":"https:\/\/schema.org","@graph":[{"@type":"WebPage","@id":"https:\/\/advance.dcu.ie\/tr\/indirmeler\/","url":"https:\/\/advance.dcu.ie\/tr\/indirmeler\/","name":"\u0130ndirmeler | DCU Advance","isPartOf":{"@id":"https:\/\/advance.dcu.ie\/#website"},"datePublished":"2022-08-31T11:44:15+00:00","description":"DCU\u2019nun indirmeler sayfas\u0131na g\u00f6r\u00fcnt\u00fcleyip bizden en son haberleri al\u0131n.","breadcrumb":{"@id":"https:\/\/advance.dcu.ie\/tr\/indirmeler\/#breadcrumb"},"inLanguage":"tr","potentialAction":[{"@type":"ReadAction","target":["https:\/\/advance.dcu.ie\/tr\/indirmeler\/"]}]},{"@type":"BreadcrumbList","@id":"https:\/\/advance.dcu.ie\/tr\/indirmeler\/#breadcrumb","itemListElement":[{"@type":"ListItem","position":1,"name":"Ana Sayfa","item":"https:\/\/advance.dcu.ie\/tr\/"},{"@type":"ListItem","position":2,"name":"\u0130ndirmeler"}]},{"@type":"WebSite","@id":"https:\/\/advance.dcu.ie\/#website","url":"https:\/\/advance.dcu.ie\/","name":"DCU Advance","description":"DCU Pathway Programmes","publisher":{"@id":"https:\/\/advance.dcu.ie\/#organization"},"potentialAction":[{"@type":"SearchAction","target":{"@type":"EntryPoint","urlTemplate":"https:\/\/advance.dcu.ie\/?s={search_term_string}"},"query-input":{"@type":"PropertyValueSpecification","valueRequired":true,"valueName":"search_term_string"}}],"inLanguage":"tr"},{"@type":"Organization","@id":"https:\/\/advance.dcu.ie\/#organization","name":"Dublin City University","url":"https:\/\/advance.dcu.ie\/","logo":{"@type":"ImageObject","inLanguage":"tr","@id":"https:\/\/advance.dcu.ie\/#\/schema\/logo\/image\/","url":"https:\/\/advance.dcu.ie\/wp-content\/uploads\/2021\/08\/dcu-int-logo.svg","contentUrl":"https:\/\/advance.dcu.ie\/wp-content\/uploads\/2021\/08\/dcu-int-logo.svg","width":"1024","height":"1024","caption":"Dublin City University"},"image":{"@id":"https:\/\/advance.dcu.ie\/#\/schema\/logo\/image\/"}}]}},"_links":{"self":[{"href":"https:\/\/advance.dcu.ie\/tr\/wp-json\/wp\/v2\/pages\/10994","targetHints":{"allow":["GET"]}}],"collection":[{"href":"https:\/\/advance.dcu.ie\/tr\/wp-json\/wp\/v2\/pages"}],"about":[{"href":"https:\/\/advance.dcu.ie\/tr\/wp-json\/wp\/v2\/types\/page"}],"author":[{"embeddable":true,"href":"https:\/\/advance.dcu.ie\/tr\/wp-json\/wp\/v2\/users\/2"}],"replies":[{"embeddable":true,"href":"https:\/\/advance.dcu.ie\/tr\/wp-json\/wp\/v2\/comments?post=10994"}],"version-history":[{"count":3,"href":"https:\/\/advance.dcu.ie\/tr\/wp-json\/wp\/v2\/pages\/10994\/revisions"}],"predecessor-version":[{"id":11178,"href":"https:\/\/advance.dcu.ie\/tr\/wp-json\/wp\/v2\/pages\/10994\/revisions\/11178"}],"wp:attachment":[{"href":"https:\/\/advance.dcu.ie\/tr\/wp-json\/wp\/v2\/media?parent=10994"}],"curies":[{"name":"wp","href":"https:\/\/api.w.org\/{rel}","templated":true}]}}