{"id":10991,"date":"2022-08-17T10:07:28","date_gmt":"2022-08-17T10:07:28","guid":{"rendered":"https:\/\/advance.dcu.ie\/?page_id=10991"},"modified":"2023-12-07T16:29:58","modified_gmt":"2023-12-07T16:29:58","slug":"iletisime-gecin","status":"publish","type":"page","link":"https:\/\/advance.dcu.ie\/tr\/iletisime-gecin\/","title":{"rendered":"\u0130leti\u015fime Ge\u00e7in"},"content":{"rendered":"<section class=\"l-section wpb_row home-banner inner-page-banner height_auto width_full\"><div class=\"l-section-h i-cf\"><div class=\"g-cols via_grid cols_2 laptops-cols_inherit tablets-cols_inherit mobiles-cols_1 valign_top type_default\"><div class=\"wpb_column vc_column_container home-banner-content\"><div class=\"vc_column-inner\">[vc_raw_html el_class=&#8221;breadcrumbs&#8221;]W3dwc2VvX2JyZWFkY3J1bWJd[\/vc_raw_html]<div id=\"ultimate-heading-897169e0450f3b156\" class=\"uvc-heading ult-adjust-bottom-margin ultimate-heading-897169e0450f3b156 uvc-6360 \" data-hspacer=\"no_spacer\"  data-halign=\"left\" style=\"text-align:left\"><div class=\"uvc-heading-spacer no_spacer\" style=\"top\"><\/div><div class=\"uvc-main-heading ult-responsive\"  data-ultimate-target='.uvc-heading.ultimate-heading-897169e0450f3b156 h1'  data-responsive-json-new='{\"font-size\":\"\",\"line-height\":\"\"}' ><h1 style=\"font-weight:normal;\">\u0130leti\u015fime Ge\u00e7in<\/h1><\/div><div class=\"uvc-sub-heading ult-responsive\"  data-ultimate-target='.uvc-heading.ultimate-heading-897169e0450f3b156 .uvc-sub-heading '  data-responsive-json-new='{\"font-size\":\"\",\"line-height\":\"\"}'  style=\"font-weight:normal;\">Programlar\u0131m\u0131z hakk\u0131nda her sorunuz i\u00e7in yard\u0131mc\u0131 olmaktan mutluluk duyar\u0131z. Bize nas\u0131l ula\u015fabilece\u011finiz a\u015fa\u011f\u0131da bulunmaktad\u0131r.<\/div><\/div><\/div><\/div><div class=\"wpb_column vc_column_container home-banner-image\"><div class=\"vc_column-inner\"><div class=\"w-image align_none\"><div class=\"w-image-h\"><img loading=\"lazy\" decoding=\"async\" width=\"1000\" height=\"451\" src=\"https:\/\/advance.dcu.ie\/wp-content\/uploads\/2021\/10\/contact-us-cover-dcu.jpg\" class=\"attachment-full size-full\" alt=\"\" srcset=\"https:\/\/advance.dcu.ie\/wp-content\/uploads\/2021\/10\/contact-us-cover-dcu.jpg 1000w, https:\/\/advance.dcu.ie\/wp-content\/uploads\/2021\/10\/contact-us-cover-dcu-300x135.jpg 300w, https:\/\/advance.dcu.ie\/wp-content\/uploads\/2021\/10\/contact-us-cover-dcu-18x8.jpg 18w\" sizes=\"auto, (max-width: 1000px) 100vw, 1000px\" \/><\/div><\/div><\/div><\/div><\/div><\/div><\/section><section class=\"l-section wpb_row living-dublin-section why-dcu-section first-section height_auto\"><div class=\"l-section-h i-cf\"><div class=\"g-cols via_grid cols_1 laptops-cols_inherit tablets-cols_inherit mobiles-cols_1 valign_top type_default\"><div class=\"wpb_column vc_column_container\"><div class=\"vc_column-inner\"><div id=\"ultimate-heading-351169e0450f3cc53\" class=\"uvc-heading ult-adjust-bottom-margin ultimate-heading-351169e0450f3cc53 uvc-4677 l-height\" data-hspacer=\"no_spacer\"  data-halign=\"left\" style=\"text-align:left\"><div class=\"uvc-heading-spacer no_spacer\" style=\"top\"><\/div><div class=\"uvc-main-heading ult-responsive\"  data-ultimate-target='.uvc-heading.ultimate-heading-351169e0450f3cc53 h2'  data-responsive-json-new='{\"font-size\":\"\",\"line-height\":\"\"}' ><h2 style=\"font-weight:normal;\">Size yard\u0131mc\u0131 olmaya haz\u0131r\u0131z<\/h2><\/div><div class=\"uvc-sub-heading ult-responsive\"  data-ultimate-target='.uvc-heading.ultimate-heading-351169e0450f3cc53 .uvc-sub-heading '  data-responsive-json-new='{\"font-size\":\"\",\"line-height\":\"\"}'  style=\"font-weight:normal;\"><span style=\"font-weight: 400;\">Uluslararas\u0131 haz\u0131rl\u0131k programlar\u0131 hakk\u0131nda daha fazla bilgi edinmek istiyorsan\u0131z bizimle ileti\u015fime ge\u00e7ebilirsiniz:<\/span><\/div><\/div><\/div><\/div><\/div><\/div><\/section><section class=\"l-section wpb_row us_custom_abf1115f living-dublin-section why-dcu-section first-section height_auto\"><div class=\"l-section-h i-cf\"><div class=\"g-cols via_grid cols_2 laptops-cols_inherit tablets-cols_inherit mobiles-cols_1 valign_top type_default\"><div class=\"wpb_column vc_column_container\"><div class=\"vc_column-inner\"><div id=\"ultimate-heading-562969e0450f3d03a\" class=\"uvc-heading ult-adjust-bottom-margin ultimate-heading-562969e0450f3d03a uvc-194 l-width\" data-hspacer=\"no_spacer\"  data-halign=\"left\" style=\"text-align:left\"><div class=\"uvc-heading-spacer no_spacer\" style=\"top\"><\/div><div class=\"uvc-main-heading ult-responsive\"  data-ultimate-target='.uvc-heading.ultimate-heading-562969e0450f3d03a h4'  data-responsive-json-new='{\"font-size\":\"\",\"line-height\":\"\"}' ><h4 style=\"font-weight:normal;\">Sat\u0131\u015f Ekibi \/ Kurs Talepleri \/ Ortakl\u0131klar<\/h4><\/div><div class=\"uvc-sub-heading ult-responsive\"  data-ultimate-target='.uvc-heading.ultimate-heading-562969e0450f3d03a .uvc-sub-heading '  data-responsive-json-new='{\"font-size\":\"\",\"line-height\":\"\"}'  style=\"font-weight:normal;\">T: +353 (01) 700 5678 E: <a class=\"simple-link\" href=\"mailto:intl.pathways@dcu.ie\">intl.pathways@dcu.ie<\/a><\/div><\/div><\/div><\/div><div class=\"wpb_column vc_column_container\"><div class=\"vc_column-inner\"><div id=\"ultimate-heading-824169e0450f3d17e\" class=\"uvc-heading ult-adjust-bottom-margin ultimate-heading-824169e0450f3d17e uvc-1140 l-width\" data-hspacer=\"no_spacer\"  data-halign=\"left\" style=\"text-align:left\"><div class=\"uvc-heading-spacer no_spacer\" style=\"top\"><\/div><div class=\"uvc-main-heading ult-responsive\"  data-ultimate-target='.uvc-heading.ultimate-heading-824169e0450f3d17e h4'  data-responsive-json-new='{\"font-size\":\"\",\"line-height\":\"\"}' ><h4 style=\"font-weight:normal;\">Akademik Ekip<\/h4><\/div><div class=\"uvc-sub-heading ult-responsive\"  data-ultimate-target='.uvc-heading.ultimate-heading-824169e0450f3d17e .uvc-sub-heading '  data-responsive-json-new='{\"font-size\":\"\",\"line-height\":\"\"}'  style=\"font-weight:normal;\">T: +353 (01) 700 6413<\/div><\/div><\/div><\/div><\/div><\/div><\/section><section class=\"l-section wpb_row why-dcu-section second-section has-info-box height_auto\"><div class=\"l-section-h i-cf\"><div class=\"g-cols via_grid cols_1 laptops-cols_inherit tablets-cols_inherit mobiles-cols_1 valign_top type_default\" style=\"grid-gap:0;\"><div class=\"wpb_column vc_column_container\"><div class=\"vc_column-inner\"><div class=\"g-cols wpb_row image-info-box image-left-box via_grid cols_2 laptops-cols_inherit tablets-cols_inherit mobiles-cols_1 valign_top type_default\" style=\"grid-gap:0;\"><div class=\"wpb_column vc_column_container image-col\"><div class=\"vc_column-inner\"><div id='wrap_map_69e0450f3da22' class='ultimate-map-wrapper ult-adjust-bottom-margin hidden' style=' height:400px;'><div id='map_69e0450f3da22' data-map_override='0' class='ultimate_google_map wpb_content_element ' style='width:100%;height:400px;'><\/div><\/div><script type='text\/javascript'>\r\n\t\t\t(function($) {\r\n  \t\t\t'use strict';\r\n\t\t\tvar map_map_69e0450f3da22 = null;\r\n\t\t\tvar coordinate_map_69e0450f3da22;\r\n\t\t\tvar isDraggable = $(document).width() > 641 ? true : true;\r\n\t\t\ttry\r\n\t\t\t{\r\n\t\t\t\tvar map_map_69e0450f3da22 = null;\r\n\t\t\t\tvar coordinate_map_69e0450f3da22;\r\n\t\t\t\tcoordinate_map_69e0450f3da22=new google.maps.LatLng(53.38576683002766, -6.25879738465474);\r\n\t\t\t\tvar mapOptions=\r\n\t\t\t\t{\r\n\t\t\t\t\tzoom: 14,\r\n\t\t\t\t\tcenter: coordinate_map_69e0450f3da22,\r\n\t\t\t\t\tscaleControl: true,\r\n\t\t\t\t\tstreetViewControl: false,\r\n\t\t\t\t\tmapTypeControl: false,\r\n\t\t\t\t\tpanControl: false,\r\n\t\t\t\t\tzoomControl: true,\r\n\t\t\t\t\tscrollwheel: true,\r\n\t\t\t\t\tdraggable: isDraggable,\r\n\t\t\t\t\tzoomControlOptions: {\r\n\t\t\t\t\t\tposition: google.maps.ControlPosition.RIGHT_BOTTOM\r\n\t\t\t\t\t},mapTypeId: google.maps.MapTypeId.ROADMAP,};var map_map_69e0450f3da22 = new google.maps.Map(document.getElementById('map_69e0450f3da22'),mapOptions);\r\n\t\t\t\t\t\tvar x = 'infowindow_open_value';\r\n\t\t\t\t\t\tvar marker_map_69e0450f3da22 = new google.maps.Marker({\r\n\t\t\t\t\t\tposition: new google.maps.LatLng(53.38576683002766, -6.25879738465474),\r\n\t\t\t\t\t\tanimation:  google.maps.Animation.DROP,\r\n\t\t\t\t\t\tmap: map_map_69e0450f3da22,\r\n\t\t\t\t\t\ticon: ''\r\n\t\t\t\t\t});var infowindow = new google.maps.InfoWindow();\r\n\t\t\t\t\t\t\tinfowindow.setContent('<div class=\"map_info_text\" style=\\'color:#000;\\'>Dublin City University, Collins Ave Ext, Whitehall, Dublin 9<\/div>');google.maps.event.addListener(marker_map_69e0450f3da22, 'click', function() {\r\n\t\t\t\t\t\t\t\tinfowindow.open(map_map_69e0450f3da22,marker_map_69e0450f3da22);\r\n\t\t\t\t\t\t  \t});}\r\n\t\t\tcatch(e){};\r\n\t\t\tjQuery(document).ready(function($){\r\n\t\t\t\tgoogle.maps.event.trigger(map_map_69e0450f3da22, 'resize');\r\n\t\t\t\t$(window).resize(function(){\r\n\t\t\t\t\tgoogle.maps.event.trigger(map_map_69e0450f3da22, 'resize');\r\n\t\t\t\t\tif(map_map_69e0450f3da22!=null)\r\n\t\t\t\t\t\tmap_map_69e0450f3da22.setCenter(coordinate_map_69e0450f3da22);\r\n\t\t\t\t});\r\n\t\t\t\t$('.ui-tabs').bind('tabsactivate', function(event, ui) {\r\n\t\t\t\t   if($(this).find('.ultimate-map-wrapper').length > 0)\r\n\t\t\t\t\t{\r\n\t\t\t\t\t\tsetTimeout(function(){\r\n\t\t\t\t\t\t\t$(window).trigger('resize');\r\n\t\t\t\t\t\t},200);\r\n\t\t\t\t\t}\r\n\t\t\t\t});\r\n\t\t\t\t$('.ui-accordion').bind('accordionactivate', function(event, ui) {\r\n\t\t\t\t   if($(this).find('.ultimate-map-wrapper').length > 0)\r\n\t\t\t\t\t{\r\n\t\t\t\t\t\tsetTimeout(function(){\r\n\t\t\t\t\t\t\t$(window).trigger('resize');\r\n\t\t\t\t\t\t},200);\r\n\t\t\t\t\t}\r\n\t\t\t\t});\r\n\t\t\t\t$(window).on('load',function(){\r\n\t\t\t\t\tsetTimeout(function(){\r\n\t\t\t\t\t\t$(window).trigger('resize');\r\n\t\t\t\t\t},200);\r\n\t\t\t\t});\r\n\t\t\t\t$('.ult_exp_section').select(function(){\r\n\t\t\t\t\tif($(map_map_69e0450f3da22).parents('.ult_exp_section'))\r\n\t\t\t\t\t{\r\n\t\t\t\t\t\tsetTimeout(function(){\r\n\t\t\t\t\t\t\t$(window).trigger('resize');\r\n\t\t\t\t\t\t},200);\r\n\t\t\t\t\t}\r\n\t\t\t\t});\r\n\t\t\t\t$(document).on('onUVCModalPopupOpen', function(){\r\n\t\t\t\t\tif($(map_map_69e0450f3da22).parents('.ult_modal-content'))\r\n\t\t\t\t\t{\r\n\t\t\t\t\t\tsetTimeout(function(){\r\n\t\t\t\t\t\t\t$(window).trigger('resize');\r\n\t\t\t\t\t\t},200);\r\n\t\t\t\t\t}\r\n\t\t\t\t});\r\n\t\t\t\t$(document).on('click','.ult_tab_li',function(){\r\n\t\t\t\t\t$(window).trigger('resize');\r\n\t\t\t\t\tsetTimeout(function(){\r\n\t\t\t\t\t\t$(window).trigger('resize');\r\n\t\t\t\t\t},200);\r\n\t\t\t\t});\r\n\t\t\t});\r\n\t\t\tfunction toggleBounce() {\r\n\t\t\t  if (marker_map_69e0450f3da22.getAnimation() != null) {\r\n\t\t\t\tmarker_map_69e0450f3da22.setAnimation(null);\r\n\t\t\t  } else {\r\n\t\t\t\tmarker_map_69e0450f3da22.setAnimation(google.maps.Animation.BOUNCE);\r\n\t\t\t  }\r\n\t\t\t}\r\n\t\t\t})(jQuery);\r\n\t\t\t<\/script><div class=\"w-html\"><iframe src=\"https:\/\/www.google.com\/maps\/embed?pb=!1m18!1m12!1m3!1d19036.997509526114!2d-6.2587970020094685!3d53.385764438360845!2m3!1f0!2f0!3f0!3m2!1i1024!2i768!4f13.1!3m3!1m2!1s0x48670e1b2f9d5d03%3A0x12bb45984107c2a8!2sDublin%20City%20University!5e0!3m2!1sen!2sus!4v1636644736648!5m2!1sen!2sus\" width=\"545\" height=\"400\" style=\"border:0;\" allowfullscreen=\"\" loading=\"lazy\"><\/iframe><\/div><\/div><\/div><div class=\"wpb_column vc_column_container content-col\"><div class=\"vc_column-inner\"><div id=\"ultimate-heading-226869e0450f3dd29\" class=\"uvc-heading ult-adjust-bottom-margin ultimate-heading-226869e0450f3dd29 uvc-2735 l-width\" data-hspacer=\"no_spacer\"  data-halign=\"left\" style=\"text-align:left\"><div class=\"uvc-heading-spacer no_spacer\" style=\"top\"><\/div><div class=\"uvc-main-heading ult-responsive\"  data-ultimate-target='.uvc-heading.ultimate-heading-226869e0450f3dd29 h3'  data-responsive-json-new='{\"font-size\":\"\",\"line-height\":\"\"}' ><h3 style=\"font-weight:normal;\">DCU Ofisi Konumu<\/h3><\/div><div class=\"uvc-sub-heading ult-responsive\"  data-ultimate-target='.uvc-heading.ultimate-heading-226869e0450f3dd29 .uvc-sub-heading '  data-responsive-json-new='{\"font-size\":\"\",\"line-height\":\"\"}'  style=\"font-weight:normal;\"><strong>Dublin City University International Academy<\/strong><br \/>\nDublin City University \u2013 Glasnevin Campus<br \/>\nCollins Avenue Extension<br \/>\nInvent Building<br \/>\nDublin 9 &#8211; D09 PH2K<\/div><\/div><div class=\"w-btn-wrapper align_none\"><a class=\"w-btn us-btn-style_1 primary-button red-button\" target=\"_blank\" href=\"https:\/\/advance.dcu.ie\/wp-content\/uploads\/2021\/10\/glasnevin_campus_2019.pdf\" rel=\"noopener\"><span class=\"w-btn-label\">Glasnevin Kamp\u00fcs Haritas\u0131n\u0131 \u0130ndir<\/span><\/a><\/div><\/div><\/div><\/div><\/div><\/div><\/div><\/div><\/section><section class=\"l-section wpb_row us_custom_3352664f living-dublin-section why-dcu-section first-section height_auto\"><div class=\"l-section-h i-cf\"><div class=\"g-cols via_grid cols_1 laptops-cols_inherit tablets-cols_inherit mobiles-cols_1 valign_top type_default\"><div class=\"wpb_column vc_column_container\"><div class=\"vc_column-inner\"><div id=\"ultimate-heading-464369e0450f3e69d\" class=\"uvc-heading ult-adjust-bottom-margin ultimate-heading-464369e0450f3e69d uvc-1603 l-width main-heading\" data-hspacer=\"no_spacer\"  data-halign=\"left\" style=\"text-align:left\"><div class=\"uvc-heading-spacer no_spacer\" style=\"top\"><\/div><div class=\"uvc-main-heading ult-responsive\"  data-ultimate-target='.uvc-heading.ultimate-heading-464369e0450f3e69d h3'  data-responsive-json-new='{\"font-size\":\"\",\"line-height\":\"\"}' ><h3 style=\"font-weight:normal;\">\u00c7evrimi\u00e7i Sorgu Formu<\/h3><\/div><div class=\"uvc-sub-heading ult-responsive\"  data-ultimate-target='.uvc-heading.ultimate-heading-464369e0450f3e69d .uvc-sub-heading '  data-responsive-json-new='{\"font-size\":\"\",\"line-height\":\"\"}'  style=\"font-weight:normal;\">L\u00fctfen a\u015fa\u011f\u0131daki bilgi formunu doldurun, ekibimizden bir ki\u015fi en k\u0131sa s\u00fcrede size geri d\u00f6necektir.<\/div><\/div><\/div><\/div><div class=\"wpb_column vc_column_container\"><div class=\"vc_column-inner\"><div class=\"w-html\"><script charset=\"utf-8\" type=\"text\/javascript\" src=\"\/\/js.hsforms.net\/forms\/v2.js\"><\/script>\n<script>\n  hbspt.forms.create({\n    region: \"na1\",\n    portalId: \"7894775\",\n    formId: \"6783bc8f-9e68-453f-b28d-d139e131e00a\"\n  });\n<\/script><\/div><\/div><\/div><\/div><\/div><\/section>\n","protected":false},"excerpt":{"rendered":"[vc_raw_html el_class=\"breadcrumbs\"]W3dwc2VvX2JyZWFkY3J1bWJd[\/vc_raw_html]\u0130leti\u015fime Ge\u00e7inProgramlar\u0131m\u0131z hakk\u0131nda her sorunuz i\u00e7in yard\u0131mc\u0131 olmaktan mutluluk duyar\u0131z. Bize nas\u0131l ula\u015fabilece\u011finiz a\u015fa\u011f\u0131da bulunmaktad\u0131r.Size yard\u0131mc\u0131 olmaya haz\u0131r\u0131zUluslararas\u0131 haz\u0131rl\u0131k programlar\u0131 hakk\u0131nda daha fazla bilgi edinmek istiyorsan\u0131z bizimle ileti\u015fime ge\u00e7ebilirsiniz:Sat\u0131\u015f Ekibi \/ Kurs Talepleri \/ Ortakl\u0131klarT: +353 (01) 700 5678 E: intl.pathways@dcu.ieAkademik EkipT: +353 (01) 700 6413DCU Ofisi KonumuDublin City University International Academy Dublin City...","protected":false},"author":2,"featured_media":0,"parent":0,"menu_order":0,"comment_status":"closed","ping_status":"closed","template":"","meta":{"_acf_changed":false,"content-type":"","inline_featured_image":false,"footnotes":""},"class_list":["post-10991","page","type-page","status-publish","hentry"],"acf":[],"yoast_head":"<!-- This site is optimized with the Yoast SEO plugin v27.3 - https:\/\/yoast.com\/product\/yoast-seo-wordpress\/ -->\n<title>\u0130leti\u015fime Ge\u00e7in | DCU Advance<\/title>\n<meta name=\"description\" content=\"Uluslararas\u0131 haz\u0131rl\u0131k programlar\u0131 hakk\u0131nda daha fazla bilgi edinmek istiyorsan\u0131z bizimle ileti\u015fime ge\u00e7ebilirsiniz. Bize nas\u0131l ula\u015fabilece\u011finiz a\u015fa\u011f\u0131da bulunmaktad\u0131r.\" \/>\n<meta name=\"robots\" content=\"index, follow, max-snippet:-1, max-image-preview:large, max-video-preview:-1\" \/>\n<link rel=\"canonical\" href=\"https:\/\/advance.dcu.ie\/tr\/iletisime-gecin\/\" \/>\n<meta property=\"og:locale\" content=\"tr_TR\" \/>\n<meta property=\"og:type\" content=\"article\" \/>\n<meta property=\"og:title\" content=\"\u0130leti\u015fime Ge\u00e7in | DCU Advance\" \/>\n<meta property=\"og:description\" content=\"Uluslararas\u0131 haz\u0131rl\u0131k programlar\u0131 hakk\u0131nda daha fazla bilgi edinmek istiyorsan\u0131z bizimle ileti\u015fime ge\u00e7ebilirsiniz. Bize nas\u0131l ula\u015fabilece\u011finiz a\u015fa\u011f\u0131da bulunmaktad\u0131r.\" \/>\n<meta property=\"og:url\" content=\"https:\/\/advance.dcu.ie\/tr\/iletisime-gecin\/\" \/>\n<meta property=\"og:site_name\" content=\"DCU Advance\" \/>\n<meta property=\"article:modified_time\" content=\"2023-12-07T16:29:58+00:00\" \/>\n<meta name=\"twitter:card\" content=\"summary_large_image\" \/>\n<meta name=\"twitter:label1\" content=\"Tahmini okuma s\u00fcresi\" \/>\n\t<meta name=\"twitter:data1\" content=\"1 dakika\" \/>\n<script type=\"application\/ld+json\" class=\"yoast-schema-graph\">{\"@context\":\"https:\\\/\\\/schema.org\",\"@graph\":[{\"@type\":\"WebPage\",\"@id\":\"https:\\\/\\\/advance.dcu.ie\\\/tr\\\/iletisime-gecin\\\/\",\"url\":\"https:\\\/\\\/advance.dcu.ie\\\/tr\\\/iletisime-gecin\\\/\",\"name\":\"\u0130leti\u015fime Ge\u00e7in | DCU Advance\",\"isPartOf\":{\"@id\":\"https:\\\/\\\/advance.dcu.ie\\\/#website\"},\"datePublished\":\"2022-08-17T10:07:28+00:00\",\"dateModified\":\"2023-12-07T16:29:58+00:00\",\"description\":\"Uluslararas\u0131 haz\u0131rl\u0131k programlar\u0131 hakk\u0131nda daha fazla bilgi edinmek istiyorsan\u0131z bizimle ileti\u015fime ge\u00e7ebilirsiniz. Bize nas\u0131l ula\u015fabilece\u011finiz a\u015fa\u011f\u0131da bulunmaktad\u0131r.\",\"breadcrumb\":{\"@id\":\"https:\\\/\\\/advance.dcu.ie\\\/tr\\\/iletisime-gecin\\\/#breadcrumb\"},\"inLanguage\":\"tr\",\"potentialAction\":[{\"@type\":\"ReadAction\",\"target\":[\"https:\\\/\\\/advance.dcu.ie\\\/tr\\\/iletisime-gecin\\\/\"]}]},{\"@type\":\"BreadcrumbList\",\"@id\":\"https:\\\/\\\/advance.dcu.ie\\\/tr\\\/iletisime-gecin\\\/#breadcrumb\",\"itemListElement\":[{\"@type\":\"ListItem\",\"position\":1,\"name\":\"Ana Sayfa\",\"item\":\"https:\\\/\\\/advance.dcu.ie\\\/tr\\\/\"},{\"@type\":\"ListItem\",\"position\":2,\"name\":\"\u0130leti\u015fime Ge\u00e7in\"}]},{\"@type\":\"WebSite\",\"@id\":\"https:\\\/\\\/advance.dcu.ie\\\/#website\",\"url\":\"https:\\\/\\\/advance.dcu.ie\\\/\",\"name\":\"DCU Advance\",\"description\":\"DCU Pathway Programmes\",\"publisher\":{\"@id\":\"https:\\\/\\\/advance.dcu.ie\\\/#organization\"},\"potentialAction\":[{\"@type\":\"SearchAction\",\"target\":{\"@type\":\"EntryPoint\",\"urlTemplate\":\"https:\\\/\\\/advance.dcu.ie\\\/?s={search_term_string}\"},\"query-input\":{\"@type\":\"PropertyValueSpecification\",\"valueRequired\":true,\"valueName\":\"search_term_string\"}}],\"inLanguage\":\"tr\"},{\"@type\":\"Organization\",\"@id\":\"https:\\\/\\\/advance.dcu.ie\\\/#organization\",\"name\":\"Dublin City University\",\"url\":\"https:\\\/\\\/advance.dcu.ie\\\/\",\"logo\":{\"@type\":\"ImageObject\",\"inLanguage\":\"tr\",\"@id\":\"https:\\\/\\\/advance.dcu.ie\\\/#\\\/schema\\\/logo\\\/image\\\/\",\"url\":\"https:\\\/\\\/advance.dcu.ie\\\/wp-content\\\/uploads\\\/2021\\\/08\\\/dcu-int-logo.svg\",\"contentUrl\":\"https:\\\/\\\/advance.dcu.ie\\\/wp-content\\\/uploads\\\/2021\\\/08\\\/dcu-int-logo.svg\",\"width\":\"1024\",\"height\":\"1024\",\"caption\":\"Dublin City University\"},\"image\":{\"@id\":\"https:\\\/\\\/advance.dcu.ie\\\/#\\\/schema\\\/logo\\\/image\\\/\"}}]}<\/script>\n<!-- \/ Yoast SEO plugin. -->","yoast_head_json":{"title":"\u0130leti\u015fime Ge\u00e7in | DCU Advance","description":"Uluslararas\u0131 haz\u0131rl\u0131k programlar\u0131 hakk\u0131nda daha fazla bilgi edinmek istiyorsan\u0131z bizimle ileti\u015fime ge\u00e7ebilirsiniz. Bize nas\u0131l ula\u015fabilece\u011finiz a\u015fa\u011f\u0131da bulunmaktad\u0131r.","robots":{"index":"index","follow":"follow","max-snippet":"max-snippet:-1","max-image-preview":"max-image-preview:large","max-video-preview":"max-video-preview:-1"},"canonical":"https:\/\/advance.dcu.ie\/tr\/iletisime-gecin\/","og_locale":"tr_TR","og_type":"article","og_title":"\u0130leti\u015fime Ge\u00e7in | DCU Advance","og_description":"Uluslararas\u0131 haz\u0131rl\u0131k programlar\u0131 hakk\u0131nda daha fazla bilgi edinmek istiyorsan\u0131z bizimle ileti\u015fime ge\u00e7ebilirsiniz. Bize nas\u0131l ula\u015fabilece\u011finiz a\u015fa\u011f\u0131da bulunmaktad\u0131r.","og_url":"https:\/\/advance.dcu.ie\/tr\/iletisime-gecin\/","og_site_name":"DCU Advance","article_modified_time":"2023-12-07T16:29:58+00:00","twitter_card":"summary_large_image","twitter_misc":{"Tahmini okuma s\u00fcresi":"1 dakika"},"schema":{"@context":"https:\/\/schema.org","@graph":[{"@type":"WebPage","@id":"https:\/\/advance.dcu.ie\/tr\/iletisime-gecin\/","url":"https:\/\/advance.dcu.ie\/tr\/iletisime-gecin\/","name":"\u0130leti\u015fime Ge\u00e7in | DCU Advance","isPartOf":{"@id":"https:\/\/advance.dcu.ie\/#website"},"datePublished":"2022-08-17T10:07:28+00:00","dateModified":"2023-12-07T16:29:58+00:00","description":"Uluslararas\u0131 haz\u0131rl\u0131k programlar\u0131 hakk\u0131nda daha fazla bilgi edinmek istiyorsan\u0131z bizimle ileti\u015fime ge\u00e7ebilirsiniz. Bize nas\u0131l ula\u015fabilece\u011finiz a\u015fa\u011f\u0131da bulunmaktad\u0131r.","breadcrumb":{"@id":"https:\/\/advance.dcu.ie\/tr\/iletisime-gecin\/#breadcrumb"},"inLanguage":"tr","potentialAction":[{"@type":"ReadAction","target":["https:\/\/advance.dcu.ie\/tr\/iletisime-gecin\/"]}]},{"@type":"BreadcrumbList","@id":"https:\/\/advance.dcu.ie\/tr\/iletisime-gecin\/#breadcrumb","itemListElement":[{"@type":"ListItem","position":1,"name":"Ana Sayfa","item":"https:\/\/advance.dcu.ie\/tr\/"},{"@type":"ListItem","position":2,"name":"\u0130leti\u015fime Ge\u00e7in"}]},{"@type":"WebSite","@id":"https:\/\/advance.dcu.ie\/#website","url":"https:\/\/advance.dcu.ie\/","name":"DCU Advance","description":"DCU Pathway Programmes","publisher":{"@id":"https:\/\/advance.dcu.ie\/#organization"},"potentialAction":[{"@type":"SearchAction","target":{"@type":"EntryPoint","urlTemplate":"https:\/\/advance.dcu.ie\/?s={search_term_string}"},"query-input":{"@type":"PropertyValueSpecification","valueRequired":true,"valueName":"search_term_string"}}],"inLanguage":"tr"},{"@type":"Organization","@id":"https:\/\/advance.dcu.ie\/#organization","name":"Dublin City University","url":"https:\/\/advance.dcu.ie\/","logo":{"@type":"ImageObject","inLanguage":"tr","@id":"https:\/\/advance.dcu.ie\/#\/schema\/logo\/image\/","url":"https:\/\/advance.dcu.ie\/wp-content\/uploads\/2021\/08\/dcu-int-logo.svg","contentUrl":"https:\/\/advance.dcu.ie\/wp-content\/uploads\/2021\/08\/dcu-int-logo.svg","width":"1024","height":"1024","caption":"Dublin City University"},"image":{"@id":"https:\/\/advance.dcu.ie\/#\/schema\/logo\/image\/"}}]}},"_links":{"self":[{"href":"https:\/\/advance.dcu.ie\/tr\/wp-json\/wp\/v2\/pages\/10991","targetHints":{"allow":["GET"]}}],"collection":[{"href":"https:\/\/advance.dcu.ie\/tr\/wp-json\/wp\/v2\/pages"}],"about":[{"href":"https:\/\/advance.dcu.ie\/tr\/wp-json\/wp\/v2\/types\/page"}],"author":[{"embeddable":true,"href":"https:\/\/advance.dcu.ie\/tr\/wp-json\/wp\/v2\/users\/2"}],"replies":[{"embeddable":true,"href":"https:\/\/advance.dcu.ie\/tr\/wp-json\/wp\/v2\/comments?post=10991"}],"version-history":[{"count":4,"href":"https:\/\/advance.dcu.ie\/tr\/wp-json\/wp\/v2\/pages\/10991\/revisions"}],"predecessor-version":[{"id":12336,"href":"https:\/\/advance.dcu.ie\/tr\/wp-json\/wp\/v2\/pages\/10991\/revisions\/12336"}],"wp:attachment":[{"href":"https:\/\/advance.dcu.ie\/tr\/wp-json\/wp\/v2\/media?parent=10991"}],"curies":[{"name":"wp","href":"https:\/\/api.w.org\/{rel}","templated":true}]}}