{"id":10971,"date":"2022-08-17T10:12:13","date_gmt":"2022-08-17T10:12:13","guid":{"rendered":"https:\/\/advance.dcu.ie\/?page_id=10971"},"modified":"2024-05-16T08:37:15","modified_gmt":"2024-05-16T08:37:15","slug":"veri-koruma-politikasi","status":"publish","type":"page","link":"https:\/\/advance.dcu.ie\/tr\/veri-koruma-politikasi\/","title":{"rendered":"Veri Koruma Politikas\u0131"},"content":{"rendered":"<section class=\"l-section wpb_row why-dcu-section eight-section student-life-container height_auto\"><div class=\"l-section-h i-cf\"><div class=\"g-cols via_grid cols_1 laptops-cols_inherit tablets-cols_inherit mobiles-cols_1 valign_top type_default\"><div class=\"wpb_column vc_column_container\"><div class=\"vc_column-inner\"><div id=\"ultimate-heading-766269e92b97f2d44\" class=\"uvc-heading ult-adjust-bottom-margin ultimate-heading-766269e92b97f2d44 uvc-5015 l-width main-heading\" data-hspacer=\"no_spacer\"  data-halign=\"left\" style=\"text-align:left\"><div class=\"uvc-heading-spacer no_spacer\" style=\"top\"><\/div><div class=\"uvc-main-heading ult-responsive\"  data-ultimate-target='.uvc-heading.ultimate-heading-766269e92b97f2d44 h2'  data-responsive-json-new='{\"font-size\":\"\",\"line-height\":\"\"}' ><h2 style=\"font-weight:normal;\">Veri Koruma<\/h2><\/div><\/div><div class=\"wpb_text_column\"><div class=\"wpb_wrapper\"><p>DCU Dil Hizmetleri web sitesinin ki\u015fisel veri koruma b\u00f6l\u00fcm\u00fcne ho\u015f geldiniz. Web sitesinin bu b\u00f6l\u00fcm\u00fc, DCU Dil Hizmetleri Pazarlama ve Veri Koruma ekipleri taraf\u0131ndan y\u00f6netilmektedir. Merkezi olarak DCU&#8217;da bulunan \u00dcniversitenin Veri Koruma Birimi, Ba\u015f Operasyon G\u00f6revlisi Ofisi b\u00fcnyesinde \u00fcniversite genelinde ve kamp\u00fcs \u015firketimizle ilgili olan veri koruma politikalar\u0131n\u0131n b\u00fcy\u00fck bir k\u0131sm\u0131n\u0131 olu\u015fturmaktan ve s\u00fcrd\u00fcrmekten sorumludur. G\u00fcncel DCU veri koruma politikalar\u0131n\u0131 g\u00f6r\u00fcnt\u00fclemek i\u00e7in l\u00fctfen bu sayfan\u0131n a\u015fa\u011f\u0131s\u0131ndaki ba\u011flant\u0131lara g\u00f6z at\u0131n.<\/p>\n<p>\u00dcniversite ve DCU Dil Hizmetleri \u00f6ncelikle personel, \u00f6\u011frenciler ve \u00fc\u00e7\u00fcnc\u00fc taraf tedarik\u00e7ilerle ilgili olanlar d\u00e2hil olup bunlarla s\u0131n\u0131rl\u0131 olmaks\u0131z\u0131n pek \u00e7ok ki\u015fisel veriyi y\u00f6netiyor. Ki\u015fisel verilerin gizlili\u011fini ciddiye al\u0131yoruz, dolay\u0131s\u0131yla veri koruma mevzuat\u0131na uymak i\u00e7in t\u00fcm makul ad\u0131mlar\u0131 at\u0131yoruz. \u00dcniversite ve DCU Dil Hizmetleri, ki\u015fisel verileri yaln\u0131zca belirli me\u015fru ama\u00e7lar\u0131 kar\u015f\u0131lamak i\u00e7in toplama ve bu verileri yaln\u0131zca bu ama\u00e7lar ge\u00e7erli oldu\u011fu s\u00fcrece saklama amac\u0131n\u0131 ta\u015f\u0131r. Normal ko\u015fullarda, yasalar\u0131n gerektirdi\u011fi durumlar veya yasal y\u00fck\u00fcml\u00fcl\u00fckler ya da Veri \u00d6znesinin haklar\u0131 ve \u00e7\u0131karlar\u0131 ile g\u00f6zetilen di\u011fer me\u015fru ama\u00e7lar d\u0131\u015f\u0131nda herhangi bir \u00fc\u00e7\u00fcnc\u00fc tarafa ki\u015fisel veriler aktar\u0131lmaz.<\/p>\n<p>\u0130\u015f ve operasyonel ihtiya\u00e7lar\u0131 kar\u015f\u0131lamak amac\u0131yla veriler \u00fc\u00e7\u00fcnc\u00fc taraflara aktar\u0131lmadan \u00f6nce ilgili ki\u015fiyle s\u00f6zle\u015fme veya r\u0131za formu ve bildirim yoluyla kararla\u015ft\u0131r\u0131l\u0131r.<\/p>\n<ul>\n<li style=\"font-weight: 400;\" aria-level=\"1\"><a class=\"simple-link simple-link-sm\" href=\"https:\/\/www.dcu.ie\/policies\/data-privacy-policy\" target=\"_blank\" rel=\"noopener\"><span style=\"font-weight: 400;\">Veri Saklama Politikas\u0131<\/span><\/a><\/li>\n<li style=\"font-weight: 400;\" aria-level=\"1\"><a class=\"simple-link simple-link-sm\" href=\"https:\/\/www.dcu.ie\/policies\/data-privacy-policy\" target=\"_blank\" rel=\"noopener\"><span style=\"font-weight: 400;\">Veri \u0130hlalini Bildirme Prosed\u00fcr\u00fc<\/span><\/a><\/li>\n<li style=\"font-weight: 400;\" aria-level=\"1\"><a class=\"simple-link simple-link-sm\" href=\"https:\/\/www.dcu.ie\/policies\/data-privacy-policy\" target=\"_blank\" rel=\"noopener\"><span style=\"font-weight: 400;\">Veri Sahibi Haklar\u0131 Prosed\u00fcr\u00fc<\/span><\/a><\/li>\n<li style=\"font-weight: 400;\" aria-level=\"1\"><a class=\"simple-link simple-link-sm\" href=\"https:\/\/www.dcu.ie\/policies\/data-privacy-policy\" target=\"_blank\" rel=\"noopener\"><span style=\"font-weight: 400;\">Web Sitesi Gizlilik Bildirimi<\/span><\/a><\/li>\n<\/ul>\n<\/div><\/div><\/div><\/div><\/div><\/div><\/section>\n","protected":false},"excerpt":{"rendered":"Veri KorumaDCU Dil Hizmetleri web sitesinin ki\u015fisel veri koruma b\u00f6l\u00fcm\u00fcne ho\u015f geldiniz. Web sitesinin bu b\u00f6l\u00fcm\u00fc, DCU Dil Hizmetleri Pazarlama ve Veri Koruma ekipleri taraf\u0131ndan y\u00f6netilmektedir. Merkezi olarak DCU&#8217;da bulunan \u00dcniversitenin Veri Koruma Birimi, Ba\u015f Operasyon G\u00f6revlisi Ofisi b\u00fcnyesinde \u00fcniversite genelinde ve kamp\u00fcs \u015firketimizle ilgili olan veri koruma politikalar\u0131n\u0131n b\u00fcy\u00fck bir k\u0131sm\u0131n\u0131 olu\u015fturmaktan ve s\u00fcrd\u00fcrmekten...","protected":false},"author":1,"featured_media":0,"parent":0,"menu_order":0,"comment_status":"closed","ping_status":"open","template":"","meta":{"_acf_changed":false,"content-type":"","inline_featured_image":false,"footnotes":""},"class_list":["post-10971","page","type-page","status-publish","hentry"],"acf":[],"yoast_head":"<!-- This site is optimized with the Yoast SEO plugin v27.3 - https:\/\/yoast.com\/product\/yoast-seo-wordpress\/ -->\n<title>Veri Koruma Politikas\u0131 | DCU Advance<\/title>\n<meta name=\"description\" content=\"\u00dcniversite taraf\u0131ndan i\u015flenen her t\u00fcrl\u00fc ki\u015fisel bilgi, ilgili Veri koruma mevzuat\u0131na uygun olarak ele al\u0131n\u0131r. Bu b\u00f6l\u00fcm, ilgili politikalar\u0131n ba\u011flant\u0131lar\u0131n\u0131 i\u00e7erir.\" \/>\n<meta name=\"robots\" content=\"index, follow, max-snippet:-1, max-image-preview:large, max-video-preview:-1\" \/>\n<link rel=\"canonical\" href=\"https:\/\/advance.dcu.ie\/tr\/veri-koruma-politikasi\/\" \/>\n<meta property=\"og:locale\" content=\"tr_TR\" \/>\n<meta property=\"og:type\" content=\"article\" \/>\n<meta property=\"og:title\" content=\"Veri Koruma Politikas\u0131 | DCU Advance\" \/>\n<meta property=\"og:description\" content=\"\u00dcniversite taraf\u0131ndan i\u015flenen her t\u00fcrl\u00fc ki\u015fisel bilgi, ilgili Veri koruma mevzuat\u0131na uygun olarak ele al\u0131n\u0131r. Bu b\u00f6l\u00fcm, ilgili politikalar\u0131n ba\u011flant\u0131lar\u0131n\u0131 i\u00e7erir.\" \/>\n<meta property=\"og:url\" content=\"https:\/\/advance.dcu.ie\/tr\/veri-koruma-politikasi\/\" \/>\n<meta property=\"og:site_name\" content=\"DCU Advance\" \/>\n<meta property=\"article:modified_time\" content=\"2024-05-16T08:37:15+00:00\" \/>\n<meta name=\"twitter:card\" content=\"summary_large_image\" \/>\n<meta name=\"twitter:label1\" content=\"Tahmini okuma s\u00fcresi\" \/>\n\t<meta name=\"twitter:data1\" content=\"1 dakika\" \/>\n<script type=\"application\/ld+json\" class=\"yoast-schema-graph\">{\"@context\":\"https:\\\/\\\/schema.org\",\"@graph\":[{\"@type\":\"WebPage\",\"@id\":\"https:\\\/\\\/advance.dcu.ie\\\/tr\\\/veri-koruma-politikasi\\\/\",\"url\":\"https:\\\/\\\/advance.dcu.ie\\\/tr\\\/veri-koruma-politikasi\\\/\",\"name\":\"Veri Koruma Politikas\u0131 | DCU Advance\",\"isPartOf\":{\"@id\":\"https:\\\/\\\/advance.dcu.ie\\\/#website\"},\"datePublished\":\"2022-08-17T10:12:13+00:00\",\"dateModified\":\"2024-05-16T08:37:15+00:00\",\"description\":\"\u00dcniversite taraf\u0131ndan i\u015flenen her t\u00fcrl\u00fc ki\u015fisel bilgi, ilgili Veri koruma mevzuat\u0131na uygun olarak ele al\u0131n\u0131r. Bu b\u00f6l\u00fcm, ilgili politikalar\u0131n ba\u011flant\u0131lar\u0131n\u0131 i\u00e7erir.\",\"breadcrumb\":{\"@id\":\"https:\\\/\\\/advance.dcu.ie\\\/tr\\\/veri-koruma-politikasi\\\/#breadcrumb\"},\"inLanguage\":\"tr\",\"potentialAction\":[{\"@type\":\"ReadAction\",\"target\":[\"https:\\\/\\\/advance.dcu.ie\\\/tr\\\/veri-koruma-politikasi\\\/\"]}]},{\"@type\":\"BreadcrumbList\",\"@id\":\"https:\\\/\\\/advance.dcu.ie\\\/tr\\\/veri-koruma-politikasi\\\/#breadcrumb\",\"itemListElement\":[{\"@type\":\"ListItem\",\"position\":1,\"name\":\"Ana Sayfa\",\"item\":\"https:\\\/\\\/advance.dcu.ie\\\/tr\\\/\"},{\"@type\":\"ListItem\",\"position\":2,\"name\":\"Veri Koruma Politikas\u0131\"}]},{\"@type\":\"WebSite\",\"@id\":\"https:\\\/\\\/advance.dcu.ie\\\/#website\",\"url\":\"https:\\\/\\\/advance.dcu.ie\\\/\",\"name\":\"DCU Advance\",\"description\":\"DCU Pathway Programmes\",\"publisher\":{\"@id\":\"https:\\\/\\\/advance.dcu.ie\\\/#organization\"},\"potentialAction\":[{\"@type\":\"SearchAction\",\"target\":{\"@type\":\"EntryPoint\",\"urlTemplate\":\"https:\\\/\\\/advance.dcu.ie\\\/?s={search_term_string}\"},\"query-input\":{\"@type\":\"PropertyValueSpecification\",\"valueRequired\":true,\"valueName\":\"search_term_string\"}}],\"inLanguage\":\"tr\"},{\"@type\":\"Organization\",\"@id\":\"https:\\\/\\\/advance.dcu.ie\\\/#organization\",\"name\":\"Dublin City University\",\"url\":\"https:\\\/\\\/advance.dcu.ie\\\/\",\"logo\":{\"@type\":\"ImageObject\",\"inLanguage\":\"tr\",\"@id\":\"https:\\\/\\\/advance.dcu.ie\\\/#\\\/schema\\\/logo\\\/image\\\/\",\"url\":\"https:\\\/\\\/advance.dcu.ie\\\/wp-content\\\/uploads\\\/2021\\\/08\\\/dcu-int-logo.svg\",\"contentUrl\":\"https:\\\/\\\/advance.dcu.ie\\\/wp-content\\\/uploads\\\/2021\\\/08\\\/dcu-int-logo.svg\",\"width\":\"1024\",\"height\":\"1024\",\"caption\":\"Dublin City University\"},\"image\":{\"@id\":\"https:\\\/\\\/advance.dcu.ie\\\/#\\\/schema\\\/logo\\\/image\\\/\"}}]}<\/script>\n<!-- \/ Yoast SEO plugin. -->","yoast_head_json":{"title":"Veri Koruma Politikas\u0131 | DCU Advance","description":"\u00dcniversite taraf\u0131ndan i\u015flenen her t\u00fcrl\u00fc ki\u015fisel bilgi, ilgili Veri koruma mevzuat\u0131na uygun olarak ele al\u0131n\u0131r. Bu b\u00f6l\u00fcm, ilgili politikalar\u0131n ba\u011flant\u0131lar\u0131n\u0131 i\u00e7erir.","robots":{"index":"index","follow":"follow","max-snippet":"max-snippet:-1","max-image-preview":"max-image-preview:large","max-video-preview":"max-video-preview:-1"},"canonical":"https:\/\/advance.dcu.ie\/tr\/veri-koruma-politikasi\/","og_locale":"tr_TR","og_type":"article","og_title":"Veri Koruma Politikas\u0131 | DCU Advance","og_description":"\u00dcniversite taraf\u0131ndan i\u015flenen her t\u00fcrl\u00fc ki\u015fisel bilgi, ilgili Veri koruma mevzuat\u0131na uygun olarak ele al\u0131n\u0131r. Bu b\u00f6l\u00fcm, ilgili politikalar\u0131n ba\u011flant\u0131lar\u0131n\u0131 i\u00e7erir.","og_url":"https:\/\/advance.dcu.ie\/tr\/veri-koruma-politikasi\/","og_site_name":"DCU Advance","article_modified_time":"2024-05-16T08:37:15+00:00","twitter_card":"summary_large_image","twitter_misc":{"Tahmini okuma s\u00fcresi":"1 dakika"},"schema":{"@context":"https:\/\/schema.org","@graph":[{"@type":"WebPage","@id":"https:\/\/advance.dcu.ie\/tr\/veri-koruma-politikasi\/","url":"https:\/\/advance.dcu.ie\/tr\/veri-koruma-politikasi\/","name":"Veri Koruma Politikas\u0131 | DCU Advance","isPartOf":{"@id":"https:\/\/advance.dcu.ie\/#website"},"datePublished":"2022-08-17T10:12:13+00:00","dateModified":"2024-05-16T08:37:15+00:00","description":"\u00dcniversite taraf\u0131ndan i\u015flenen her t\u00fcrl\u00fc ki\u015fisel bilgi, ilgili Veri koruma mevzuat\u0131na uygun olarak ele al\u0131n\u0131r. Bu b\u00f6l\u00fcm, ilgili politikalar\u0131n ba\u011flant\u0131lar\u0131n\u0131 i\u00e7erir.","breadcrumb":{"@id":"https:\/\/advance.dcu.ie\/tr\/veri-koruma-politikasi\/#breadcrumb"},"inLanguage":"tr","potentialAction":[{"@type":"ReadAction","target":["https:\/\/advance.dcu.ie\/tr\/veri-koruma-politikasi\/"]}]},{"@type":"BreadcrumbList","@id":"https:\/\/advance.dcu.ie\/tr\/veri-koruma-politikasi\/#breadcrumb","itemListElement":[{"@type":"ListItem","position":1,"name":"Ana Sayfa","item":"https:\/\/advance.dcu.ie\/tr\/"},{"@type":"ListItem","position":2,"name":"Veri Koruma Politikas\u0131"}]},{"@type":"WebSite","@id":"https:\/\/advance.dcu.ie\/#website","url":"https:\/\/advance.dcu.ie\/","name":"DCU Advance","description":"DCU Pathway Programmes","publisher":{"@id":"https:\/\/advance.dcu.ie\/#organization"},"potentialAction":[{"@type":"SearchAction","target":{"@type":"EntryPoint","urlTemplate":"https:\/\/advance.dcu.ie\/?s={search_term_string}"},"query-input":{"@type":"PropertyValueSpecification","valueRequired":true,"valueName":"search_term_string"}}],"inLanguage":"tr"},{"@type":"Organization","@id":"https:\/\/advance.dcu.ie\/#organization","name":"Dublin City University","url":"https:\/\/advance.dcu.ie\/","logo":{"@type":"ImageObject","inLanguage":"tr","@id":"https:\/\/advance.dcu.ie\/#\/schema\/logo\/image\/","url":"https:\/\/advance.dcu.ie\/wp-content\/uploads\/2021\/08\/dcu-int-logo.svg","contentUrl":"https:\/\/advance.dcu.ie\/wp-content\/uploads\/2021\/08\/dcu-int-logo.svg","width":"1024","height":"1024","caption":"Dublin City University"},"image":{"@id":"https:\/\/advance.dcu.ie\/#\/schema\/logo\/image\/"}}]}},"_links":{"self":[{"href":"https:\/\/advance.dcu.ie\/tr\/wp-json\/wp\/v2\/pages\/10971","targetHints":{"allow":["GET"]}}],"collection":[{"href":"https:\/\/advance.dcu.ie\/tr\/wp-json\/wp\/v2\/pages"}],"about":[{"href":"https:\/\/advance.dcu.ie\/tr\/wp-json\/wp\/v2\/types\/page"}],"author":[{"embeddable":true,"href":"https:\/\/advance.dcu.ie\/tr\/wp-json\/wp\/v2\/users\/1"}],"replies":[{"embeddable":true,"href":"https:\/\/advance.dcu.ie\/tr\/wp-json\/wp\/v2\/comments?post=10971"}],"version-history":[{"count":5,"href":"https:\/\/advance.dcu.ie\/tr\/wp-json\/wp\/v2\/pages\/10971\/revisions"}],"predecessor-version":[{"id":13118,"href":"https:\/\/advance.dcu.ie\/tr\/wp-json\/wp\/v2\/pages\/10971\/revisions\/13118"}],"wp:attachment":[{"href":"https:\/\/advance.dcu.ie\/tr\/wp-json\/wp\/v2\/media?parent=10971"}],"curies":[{"name":"wp","href":"https:\/\/api.w.org\/{rel}","templated":true}]}}