{"id":10960,"date":"2022-08-17T10:13:02","date_gmt":"2022-08-17T10:13:02","guid":{"rendered":"https:\/\/advance.dcu.ie\/?page_id=10960"},"modified":"2022-08-17T10:13:02","modified_gmt":"2022-08-17T10:13:02","slug":"cerez-politikasi","status":"publish","type":"page","link":"https:\/\/advance.dcu.ie\/tr\/cerez-politikasi\/","title":{"rendered":"\u00c7erez Politikas\u0131"},"content":{"rendered":"<section class=\"l-section wpb_row why-dcu-section eight-section student-life-container height_auto\"><div class=\"l-section-h i-cf\"><div class=\"g-cols via_grid cols_1 laptops-cols_inherit tablets-cols_inherit mobiles-cols_1 valign_top type_default\"><div class=\"wpb_column vc_column_container\"><div class=\"vc_column-inner\"><div id=\"ultimate-heading-875669e92b9951331\" class=\"uvc-heading ult-adjust-bottom-margin ultimate-heading-875669e92b9951331 uvc-1617 l-width main-heading\" data-hspacer=\"no_spacer\"  data-halign=\"left\" style=\"text-align:left\"><div class=\"uvc-heading-spacer no_spacer\" style=\"top\"><\/div><div class=\"uvc-main-heading ult-responsive\"  data-ultimate-target='.uvc-heading.ultimate-heading-875669e92b9951331 h2'  data-responsive-json-new='{\"font-size\":\"\",\"line-height\":\"\"}' ><h2 style=\"font-weight:normal;\">\u00c7erez Politikas\u0131<\/h2><\/div><\/div><div class=\"wpb_text_column\"><div class=\"wpb_wrapper\"><p>Bir web sitesinin, ziyaret\u00e7i tercihleri gibi temel bilgileri kaydetmek i\u00e7in bilgisayar\u0131n\u0131zda saklayabilece\u011fi k\u00fc\u00e7\u00fck veri par\u00e7ac\u0131klar\u0131na \u00e7erez denir. \u00c7erezler kullan\u0131m kal\u0131plar\u0131n\u0131, trafik e\u011filimlerini ve ziyaret\u00e7i davran\u0131\u015f\u0131n\u0131 izlemek i\u00e7in kullan\u0131l\u0131r. Bazen \u00e7evrimi\u00e7i uygulamalar taraf\u0131ndan kullan\u0131c\u0131 i\u015flevselli\u011fini geli\u015ftirmek i\u00e7in de kullan\u0131l\u0131r.<\/p>\n<p>Bir\u00e7ok web taray\u0131c\u0131 \u00e7erezleri otomatik olarak kabul eder. Taray\u0131c\u0131n\u0131z\u0131, DCU web sitesi de d\u00e2hil olmak \u00fczere ziyaret etti\u011finiz herhangi bir web sitesinden gelen \u00e7erezleri reddedecek \u015fekilde ayarlayabilirsiniz.\u00a0 Kullan\u0131c\u0131 taray\u0131c\u0131s\u0131n\u0131 \u00e7erezleri kabul etmeyecek \u015fekilde ayarlarsa web sitesini kullanmaya devam edebilir. Ancak baz\u0131 i\u015flevlerin d\u00fczg\u00fcn \u00e7al\u0131\u015fmamas\u0131 m\u00fcmk\u00fcnd\u00fcr.<\/p>\n<\/div><\/div><div class=\"wpb_text_column\"><div class=\"wpb_wrapper\"><h3>Teknik bilgilerin toplanmas\u0131 ve kullan\u0131m\u0131<\/h3>\n<p>\u00c7erezler, ziyaret\u00e7ilerin web sitemizi nas\u0131l kulland\u0131\u011f\u0131na dair ki\u015fisel olmayan bilgileri toplamak veya g\u00f6r\u00fcnt\u00fcleme tercihlerini hat\u0131rlamak i\u00e7in DCU Dil Hizmetleri taraf\u0131ndan kullan\u0131labilir. Belirli i\u015flevleri etkinle\u015ftirmek amac\u0131yla baz\u0131 alanlarda ge\u00e7ici oturum \u00e7erezleri de kullan\u0131labilir. Oturum \u00e7erezleri, taray\u0131c\u0131 oturumunuzu sonland\u0131rd\u0131\u011f\u0131n\u0131zda silinir. Bazen DCU \u00e7evrimi\u00e7i hizmetlerine ait ama\u00e7lar do\u011frultusunda baz\u0131 \u00e7erez bilgilerini \u00fc\u00e7\u00fcnc\u00fc taraflara iletmemiz gerekir. Bu \u00e7erezler, taray\u0131c\u0131 oturumunuzu kapatt\u0131ktan sonra da kalabilir. Bu bilgiler, ki\u015fisel verilerinizi veya kolayca tan\u0131mlanabilece\u011finiz bilgileri i\u00e7ermez. Bu bilgiler, web sitesini kullan\u0131m\u0131n\u0131z\u0131 de\u011ferlendirmek, DCU i\u00e7in web sitesi etkinli\u011fi hakk\u0131nda raporlar derlemek ve web sitesi etkinli\u011fi ve internet kullan\u0131m\u0131 ile ilgili di\u011fer hizmetleri sa\u011flamak i\u00e7in kullan\u0131labilir. Veriler b\u00fct\u00fcn halde toplan\u0131p saklan\u0131r. Ki\u015fisel verilerinizi elde etmek veya sizinle ileti\u015fim kurmak i\u00e7in de\u011fil, web sitesi hizmetlerinin geli\u015ftirilmesi amac\u0131yla kullan\u0131l\u0131l\u0131r. DCU, \u00fc\u00e7\u00fcnc\u00fc taraflarla etkile\u015fimde kullan\u0131c\u0131 gizlili\u011fini etken bir bi\u00e7imde korumaya \u00e7al\u0131\u015f\u0131r. DCU web sitesindeki baz\u0131 b\u00f6l\u00fcmler, e-ticaret veya \u00fcr\u00fcn, hizmet ya da bilgi almak amac\u0131yla kendilerini tan\u0131mlamay\u0131 se\u00e7en web ziyaret\u00e7ilerinden ki\u015fisel bilgiler toplamak i\u00e7in \u00e7evrimi\u00e7i veri giri\u015f formlar\u0131n\u0131 kullan\u0131r. DCU i\u00e7indeki herhangi bir t\u00fcrden veri toplayan alanlar\u0131n Gizlilik Bildirimimize uymas\u0131 gerekir. Bilgilerin toplanma amac\u0131na ula\u015fmak i\u00e7in gerekenden daha fazla bilgi talep edilmez. Bu web sitesine yap\u0131lan ziyaretlerle ilgili teknik ayr\u0131nt\u0131lar, muhasebe ve denetim amac\u0131yla \u00dcniversitenin internet servis sa\u011flay\u0131c\u0131s\u0131 taraf\u0131ndan kaydedilebilir. Bu teknik bilgiler sadece istatiksel ve di\u011fer idari ama\u00e7lar do\u011frultusunda kullan\u0131l\u0131r. \u00dcniversitenin kimli\u011fi belirlenebilir herhangi bir ki\u015fiyle ili\u015fkilendiremedi\u011fi teknik detaylar\u0131n, 1988 tarihli Veri Koruma Yasas\u0131 ve ayn\u0131 yasan\u0131n 2003 tarihli de\u011fi\u015fiklikleri uyar\u0131nca \u201cki\u015fisel veri\u201d niteli\u011fi ta\u015f\u0131mad\u0131\u011f\u0131n\u0131 unutmay\u0131n<\/p>\n<\/div><\/div><div class=\"wpb_text_column\"><div class=\"wpb_wrapper\"><h3>\u00c7erezlerimiz a\u015fa\u011f\u0131daki gibi s\u0131n\u0131fland\u0131r\u0131lm\u0131\u015ft\u0131r:<\/h3>\n<p>Web sitemizi kullan\u0131m\u0131n\u0131z\u0131 takip etmek i\u00e7in \u00e7erezleri kullan\u0131yoruz. B\u00f6ylece siteyi nas\u0131l kulland\u0131\u011f\u0131n\u0131z\u0131 anlamam\u0131z\u0131 ve web sitemizi kullan\u0131m\u0131n\u0131za ili\u015fkin t\u00fcm modelleri izlememizi sa\u011flan\u0131r. Bu, gerek duyabilece\u011finiz veya isteyebilece\u011finiz \u015feylere yan\u0131t olarak web sitemizin yan\u0131 s\u0131ra \u00fcr\u00fcn ve\/veya hizmetlerimizi geli\u015ftirmemize ve iyile\u015ftirmemize imkan tan\u0131r<\/p>\n<ul>\n<li><strong>Mutlak Gereken:<\/strong> Mutlak gereken \u00e7erezler kullan\u0131c\u0131 giri\u015fi ve hesap y\u00f6netimi gibi temel web sitesi i\u015flevlerine izin verir. Web sitesi mutlak gereken \u00e7erezler olmadan d\u00fczg\u00fcn kullan\u0131lmayabilir.<\/li>\n<li><strong>Performans:<\/strong> Performans \u00e7erezleri ziyaret\u00e7ilerin web sitesini nas\u0131l kulland\u0131\u011f\u0131n\u0131 g\u00f6rmek i\u00e7in kullan\u0131l\u0131r. \u00d6r. analiz \u00e7erezleri. Bu \u00e7erezler, belirli bir ziyaret\u00e7iyi do\u011frudan tan\u0131mlamak i\u00e7in kullan\u0131lamaz.<\/li>\n<li><strong>Hedefleme:<\/strong> Hedefleme \u00e7erezleri, \u00e7erik ortaklar\u0131, afi\u015f a\u011flar\u0131 gibi farkl\u0131 web siteleri aras\u0131ndaki ziyaret\u00e7ileri tespit etmek i\u00e7in kullan\u0131l\u0131r. Bu \u00e7erezler, \u015firketler taraf\u0131ndan, ziyaret\u00e7ilerin ilgi alanlar\u0131na y\u00f6nelik profil olu\u015fturmak veya di\u011fer web sitelerde alakal\u0131 reklamlar g\u00f6stermek i\u00e7in kullan\u0131labilir.<\/li>\n<li><strong>\u0130\u015flevsellik:<\/strong> \u0130\u015flevsellik \u00e7erezleri, dil, saat dilimi, geli\u015ftirilmi\u015f i\u00e7erik gibi web sitesindeki ziyaret\u00e7i bilgilerini hat\u0131rlamak i\u00e7in kullan\u0131l\u0131r.<\/li>\n<\/ul>\n<\/div><\/div><div class=\"wpb_text_column\"><div class=\"wpb_wrapper\"><h3><b>Listelenen \u00c7erezler ve Tercih Se\u00e7enekleri<\/b><\/h3>\n<script type=\"text\/javascript\" charset=\"UTF-8\" data-cookiescriptreport=\"report\" src=\"\/\/report.cookie-script.com\/r\/323f0a7a7a97333c89ca850d09fc169e.js\"><\/script>\n<\/div><\/div><div class=\"wpb_text_column\"><div class=\"wpb_wrapper\"><h3>Sadece \u00c7evrimi\u00e7i Politikas\u0131<\/h3>\n<p>Bu \u00e7evrimi\u00e7i gizlilik politikas\u0131, \u00e7evrimd\u0131\u015f\u0131 olarak toplanan bilgiler i\u00e7in de\u011fil, yaln\u0131zca web sitemiz arac\u0131l\u0131\u011f\u0131yla toplanan bilgiler i\u00e7in ge\u00e7erlidir.<\/p>\n<h3>Veri Koruma Politikas\u0131<\/h3>\n<p>Ayr\u0131ca <a class=\"simple-link simple-link-sm\" href=\"https:\/\/advance.dcu.ie\/tr\/veri-koruma-politikasi\/\">Veri Koruma Politikas\u0131 b\u00f6l\u00fcm\u00fcn\u00fc<\/a> ziyaret edebilirsiniz.<\/p>\n<h3>Onay\u0131n\u0131z<\/h3>\n<p>Bu siteyi kullanarak gizlilik politikam\u0131z\u0131 kabul etmi\u015f olursunuz.<\/p>\n<\/div><\/div><\/div><\/div><\/div><\/div><\/section>\n","protected":false},"excerpt":{"rendered":"\u00c7erez Politikas\u0131Bir web sitesinin, ziyaret\u00e7i tercihleri gibi temel bilgileri kaydetmek i\u00e7in bilgisayar\u0131n\u0131zda saklayabilece\u011fi k\u00fc\u00e7\u00fck veri par\u00e7ac\u0131klar\u0131na \u00e7erez denir. \u00c7erezler kullan\u0131m kal\u0131plar\u0131n\u0131, trafik e\u011filimlerini ve ziyaret\u00e7i davran\u0131\u015f\u0131n\u0131 izlemek i\u00e7in kullan\u0131l\u0131r. Bazen \u00e7evrimi\u00e7i uygulamalar taraf\u0131ndan kullan\u0131c\u0131 i\u015flevselli\u011fini geli\u015ftirmek i\u00e7in de kullan\u0131l\u0131r. Bir\u00e7ok web taray\u0131c\u0131 \u00e7erezleri otomatik olarak kabul eder. Taray\u0131c\u0131n\u0131z\u0131, DCU web sitesi de d\u00e2hil olmak \u00fczere...","protected":false},"author":2,"featured_media":0,"parent":0,"menu_order":0,"comment_status":"closed","ping_status":"open","template":"","meta":{"_acf_changed":false,"content-type":"","inline_featured_image":false,"footnotes":""},"class_list":["post-10960","page","type-page","status-publish","hentry"],"acf":[],"yoast_head":"<!-- This site is optimized with the Yoast SEO plugin v27.3 - https:\/\/yoast.com\/product\/yoast-seo-wordpress\/ -->\n<title>\u00c7erez Politikas\u0131 | DCU Advance<\/title>\n<meta name=\"description\" content=\"DCU, web sitemize gelen ziyaret\u00e7ilerin gizlili\u011fine sayg\u0131 g\u00f6sterir. Bu \u00c7erez Politkas\u0131, global.dcu.ie adresindeki \u00e7erez kullan\u0131ma ili\u015fkin ilkeleri \u00f6zetleme niteli\u011fi ta\u015f\u0131r.\" \/>\n<meta name=\"robots\" content=\"index, follow, max-snippet:-1, max-image-preview:large, max-video-preview:-1\" \/>\n<link rel=\"canonical\" href=\"https:\/\/advance.dcu.ie\/tr\/cerez-politikasi\/\" \/>\n<meta property=\"og:locale\" content=\"tr_TR\" \/>\n<meta property=\"og:type\" content=\"article\" \/>\n<meta property=\"og:title\" content=\"\u00c7erez Politikas\u0131 | DCU Advance\" \/>\n<meta property=\"og:description\" content=\"DCU, web sitemize gelen ziyaret\u00e7ilerin gizlili\u011fine sayg\u0131 g\u00f6sterir. Bu \u00c7erez Politkas\u0131, global.dcu.ie adresindeki \u00e7erez kullan\u0131ma ili\u015fkin ilkeleri \u00f6zetleme niteli\u011fi ta\u015f\u0131r.\" \/>\n<meta property=\"og:url\" content=\"https:\/\/advance.dcu.ie\/tr\/cerez-politikasi\/\" \/>\n<meta property=\"og:site_name\" content=\"DCU Advance\" \/>\n<meta name=\"twitter:card\" content=\"summary_large_image\" \/>\n<meta name=\"twitter:label1\" content=\"Tahmini okuma s\u00fcresi\" \/>\n\t<meta name=\"twitter:data1\" content=\"3 dakika\" \/>\n<script type=\"application\/ld+json\" class=\"yoast-schema-graph\">{\"@context\":\"https:\\\/\\\/schema.org\",\"@graph\":[{\"@type\":\"WebPage\",\"@id\":\"https:\\\/\\\/advance.dcu.ie\\\/tr\\\/cerez-politikasi\\\/\",\"url\":\"https:\\\/\\\/advance.dcu.ie\\\/tr\\\/cerez-politikasi\\\/\",\"name\":\"\u00c7erez Politikas\u0131 | DCU Advance\",\"isPartOf\":{\"@id\":\"https:\\\/\\\/advance.dcu.ie\\\/#website\"},\"datePublished\":\"2022-08-17T10:13:02+00:00\",\"description\":\"DCU, web sitemize gelen ziyaret\u00e7ilerin gizlili\u011fine sayg\u0131 g\u00f6sterir. Bu \u00c7erez Politkas\u0131, global.dcu.ie adresindeki \u00e7erez kullan\u0131ma ili\u015fkin ilkeleri \u00f6zetleme niteli\u011fi ta\u015f\u0131r.\",\"breadcrumb\":{\"@id\":\"https:\\\/\\\/advance.dcu.ie\\\/tr\\\/cerez-politikasi\\\/#breadcrumb\"},\"inLanguage\":\"tr\",\"potentialAction\":[{\"@type\":\"ReadAction\",\"target\":[\"https:\\\/\\\/advance.dcu.ie\\\/tr\\\/cerez-politikasi\\\/\"]}]},{\"@type\":\"BreadcrumbList\",\"@id\":\"https:\\\/\\\/advance.dcu.ie\\\/tr\\\/cerez-politikasi\\\/#breadcrumb\",\"itemListElement\":[{\"@type\":\"ListItem\",\"position\":1,\"name\":\"Ana Sayfa\",\"item\":\"https:\\\/\\\/advance.dcu.ie\\\/tr\\\/\"},{\"@type\":\"ListItem\",\"position\":2,\"name\":\"\u00c7erez Politikas\u0131\"}]},{\"@type\":\"WebSite\",\"@id\":\"https:\\\/\\\/advance.dcu.ie\\\/#website\",\"url\":\"https:\\\/\\\/advance.dcu.ie\\\/\",\"name\":\"DCU Advance\",\"description\":\"DCU Pathway Programmes\",\"publisher\":{\"@id\":\"https:\\\/\\\/advance.dcu.ie\\\/#organization\"},\"potentialAction\":[{\"@type\":\"SearchAction\",\"target\":{\"@type\":\"EntryPoint\",\"urlTemplate\":\"https:\\\/\\\/advance.dcu.ie\\\/?s={search_term_string}\"},\"query-input\":{\"@type\":\"PropertyValueSpecification\",\"valueRequired\":true,\"valueName\":\"search_term_string\"}}],\"inLanguage\":\"tr\"},{\"@type\":\"Organization\",\"@id\":\"https:\\\/\\\/advance.dcu.ie\\\/#organization\",\"name\":\"Dublin City University\",\"url\":\"https:\\\/\\\/advance.dcu.ie\\\/\",\"logo\":{\"@type\":\"ImageObject\",\"inLanguage\":\"tr\",\"@id\":\"https:\\\/\\\/advance.dcu.ie\\\/#\\\/schema\\\/logo\\\/image\\\/\",\"url\":\"https:\\\/\\\/advance.dcu.ie\\\/wp-content\\\/uploads\\\/2021\\\/08\\\/dcu-int-logo.svg\",\"contentUrl\":\"https:\\\/\\\/advance.dcu.ie\\\/wp-content\\\/uploads\\\/2021\\\/08\\\/dcu-int-logo.svg\",\"width\":\"1024\",\"height\":\"1024\",\"caption\":\"Dublin City University\"},\"image\":{\"@id\":\"https:\\\/\\\/advance.dcu.ie\\\/#\\\/schema\\\/logo\\\/image\\\/\"}}]}<\/script>\n<!-- \/ Yoast SEO plugin. -->","yoast_head_json":{"title":"\u00c7erez Politikas\u0131 | DCU Advance","description":"DCU, web sitemize gelen ziyaret\u00e7ilerin gizlili\u011fine sayg\u0131 g\u00f6sterir. Bu \u00c7erez Politkas\u0131, global.dcu.ie adresindeki \u00e7erez kullan\u0131ma ili\u015fkin ilkeleri \u00f6zetleme niteli\u011fi ta\u015f\u0131r.","robots":{"index":"index","follow":"follow","max-snippet":"max-snippet:-1","max-image-preview":"max-image-preview:large","max-video-preview":"max-video-preview:-1"},"canonical":"https:\/\/advance.dcu.ie\/tr\/cerez-politikasi\/","og_locale":"tr_TR","og_type":"article","og_title":"\u00c7erez Politikas\u0131 | DCU Advance","og_description":"DCU, web sitemize gelen ziyaret\u00e7ilerin gizlili\u011fine sayg\u0131 g\u00f6sterir. Bu \u00c7erez Politkas\u0131, global.dcu.ie adresindeki \u00e7erez kullan\u0131ma ili\u015fkin ilkeleri \u00f6zetleme niteli\u011fi ta\u015f\u0131r.","og_url":"https:\/\/advance.dcu.ie\/tr\/cerez-politikasi\/","og_site_name":"DCU Advance","twitter_card":"summary_large_image","twitter_misc":{"Tahmini okuma s\u00fcresi":"3 dakika"},"schema":{"@context":"https:\/\/schema.org","@graph":[{"@type":"WebPage","@id":"https:\/\/advance.dcu.ie\/tr\/cerez-politikasi\/","url":"https:\/\/advance.dcu.ie\/tr\/cerez-politikasi\/","name":"\u00c7erez Politikas\u0131 | DCU Advance","isPartOf":{"@id":"https:\/\/advance.dcu.ie\/#website"},"datePublished":"2022-08-17T10:13:02+00:00","description":"DCU, web sitemize gelen ziyaret\u00e7ilerin gizlili\u011fine sayg\u0131 g\u00f6sterir. Bu \u00c7erez Politkas\u0131, global.dcu.ie adresindeki \u00e7erez kullan\u0131ma ili\u015fkin ilkeleri \u00f6zetleme niteli\u011fi ta\u015f\u0131r.","breadcrumb":{"@id":"https:\/\/advance.dcu.ie\/tr\/cerez-politikasi\/#breadcrumb"},"inLanguage":"tr","potentialAction":[{"@type":"ReadAction","target":["https:\/\/advance.dcu.ie\/tr\/cerez-politikasi\/"]}]},{"@type":"BreadcrumbList","@id":"https:\/\/advance.dcu.ie\/tr\/cerez-politikasi\/#breadcrumb","itemListElement":[{"@type":"ListItem","position":1,"name":"Ana Sayfa","item":"https:\/\/advance.dcu.ie\/tr\/"},{"@type":"ListItem","position":2,"name":"\u00c7erez Politikas\u0131"}]},{"@type":"WebSite","@id":"https:\/\/advance.dcu.ie\/#website","url":"https:\/\/advance.dcu.ie\/","name":"DCU Advance","description":"DCU Pathway Programmes","publisher":{"@id":"https:\/\/advance.dcu.ie\/#organization"},"potentialAction":[{"@type":"SearchAction","target":{"@type":"EntryPoint","urlTemplate":"https:\/\/advance.dcu.ie\/?s={search_term_string}"},"query-input":{"@type":"PropertyValueSpecification","valueRequired":true,"valueName":"search_term_string"}}],"inLanguage":"tr"},{"@type":"Organization","@id":"https:\/\/advance.dcu.ie\/#organization","name":"Dublin City University","url":"https:\/\/advance.dcu.ie\/","logo":{"@type":"ImageObject","inLanguage":"tr","@id":"https:\/\/advance.dcu.ie\/#\/schema\/logo\/image\/","url":"https:\/\/advance.dcu.ie\/wp-content\/uploads\/2021\/08\/dcu-int-logo.svg","contentUrl":"https:\/\/advance.dcu.ie\/wp-content\/uploads\/2021\/08\/dcu-int-logo.svg","width":"1024","height":"1024","caption":"Dublin City University"},"image":{"@id":"https:\/\/advance.dcu.ie\/#\/schema\/logo\/image\/"}}]}},"_links":{"self":[{"href":"https:\/\/advance.dcu.ie\/tr\/wp-json\/wp\/v2\/pages\/10960","targetHints":{"allow":["GET"]}}],"collection":[{"href":"https:\/\/advance.dcu.ie\/tr\/wp-json\/wp\/v2\/pages"}],"about":[{"href":"https:\/\/advance.dcu.ie\/tr\/wp-json\/wp\/v2\/types\/page"}],"author":[{"embeddable":true,"href":"https:\/\/advance.dcu.ie\/tr\/wp-json\/wp\/v2\/users\/2"}],"replies":[{"embeddable":true,"href":"https:\/\/advance.dcu.ie\/tr\/wp-json\/wp\/v2\/comments?post=10960"}],"version-history":[{"count":5,"href":"https:\/\/advance.dcu.ie\/tr\/wp-json\/wp\/v2\/pages\/10960\/revisions"}],"predecessor-version":[{"id":11118,"href":"https:\/\/advance.dcu.ie\/tr\/wp-json\/wp\/v2\/pages\/10960\/revisions\/11118"}],"wp:attachment":[{"href":"https:\/\/advance.dcu.ie\/tr\/wp-json\/wp\/v2\/media?parent=10960"}],"curies":[{"name":"wp","href":"https:\/\/api.w.org\/{rel}","templated":true}]}}