{"id":12851,"date":"2024-05-13T09:20:07","date_gmt":"2024-05-13T09:20:07","guid":{"rendered":"https:\/\/advance.dcu.ie\/?page_id=12851"},"modified":"2024-05-13T09:20:07","modified_gmt":"2024-05-13T09:20:07","slug":"obrigado-formulario-de-solicitacao-on-line-para-ify","status":"publish","type":"page","link":"https:\/\/advance.dcu.ie\/pt-br\/programa-anual-de-preparacao-internacional\/formulario-de-solicitacao-on-line-para-ify\/obrigado-formulario-de-solicitacao-on-line-para-ify\/","title":{"rendered":"Obrigado \u2013 Formul\u00e1rio de Solicita\u00e7\u00e3o On-line para IFY"},"content":{"rendered":"<section class=\"l-section wpb_row home-banner inner-page-banner height_auto width_full\"><div class=\"l-section-h i-cf\"><div class=\"g-cols via_grid cols_2 laptops-cols_inherit tablets-cols_inherit mobiles-cols_1 valign_top type_default\"><div class=\"wpb_column vc_column_container home-banner-content\"><div class=\"vc_column-inner\">[vc_raw_html el_class=&#8221;breadcrumbs&#8221;]W3dwc2VvX2JyZWFkY3J1bWJd[\/vc_raw_html]<div id=\"ultimate-heading-886969e2478a35a16\" class=\"uvc-heading ult-adjust-bottom-margin ultimate-heading-886969e2478a35a16 uvc-3618 \" data-hspacer=\"no_spacer\"  data-halign=\"left\" style=\"text-align:left\"><div class=\"uvc-heading-spacer no_spacer\" style=\"top\"><\/div><div class=\"uvc-main-heading ult-responsive\"  data-ultimate-target='.uvc-heading.ultimate-heading-886969e2478a35a16 h1'  data-responsive-json-new='{\"font-size\":\"\",\"line-height\":\"\"}' ><h1 style=\"font-weight:normal;\">Obrigado<\/h1><\/div><div class=\"uvc-sub-heading ult-responsive\"  data-ultimate-target='.uvc-heading.ultimate-heading-886969e2478a35a16 .uvc-sub-heading '  data-responsive-json-new='{\"font-size\":\"\",\"line-height\":\"\"}'  style=\"font-weight:normal;\">Obrigado por enviar sua solicita\u00e7\u00e3o para a Dublin City University. Um membro da equipe entrar\u00e1 em contato com voc\u00ea em breve.<\/div><\/div><\/div><\/div><div class=\"wpb_column vc_column_container home-banner-image\"><div class=\"vc_column-inner\"><div class=\"w-image align_none\"><div class=\"w-image-h\"><img loading=\"lazy\" decoding=\"async\" width=\"736\" height=\"332\" src=\"https:\/\/advance.dcu.ie\/wp-content\/uploads\/2021\/10\/pathways-website-banner-internal-thank-you.jpg\" class=\"attachment-full size-full\" alt=\"\" srcset=\"https:\/\/advance.dcu.ie\/wp-content\/uploads\/2021\/10\/pathways-website-banner-internal-thank-you.jpg 736w, https:\/\/advance.dcu.ie\/wp-content\/uploads\/2021\/10\/pathways-website-banner-internal-thank-you-300x135.jpg 300w, https:\/\/advance.dcu.ie\/wp-content\/uploads\/2021\/10\/pathways-website-banner-internal-thank-you-18x8.jpg 18w\" sizes=\"auto, (max-width: 736px) 100vw, 736px\" \/><\/div><\/div><\/div><\/div><\/div><\/div><\/section><section class=\"l-section wpb_row living-dublin-section why-dcu-section first-section height_auto\"><div class=\"l-section-h i-cf\"><div class=\"g-cols via_grid cols_1 laptops-cols_inherit tablets-cols_inherit mobiles-cols_1 valign_top type_default\"><div class=\"wpb_column vc_column_container\"><div class=\"vc_column-inner\"><div id=\"ultimate-heading-235369e2478a3829c\" class=\"uvc-heading ult-adjust-bottom-margin ultimate-heading-235369e2478a3829c uvc-908 l-height\" data-hspacer=\"no_spacer\"  data-halign=\"left\" style=\"text-align:left\"><div class=\"uvc-heading-spacer no_spacer\" style=\"top\"><\/div><div class=\"uvc-main-heading ult-responsive\"  data-ultimate-target='.uvc-heading.ultimate-heading-235369e2478a3829c h2'  data-responsive-json-new='{\"font-size\":\"\",\"line-height\":\"\"}' ><h2 style=\"font-weight:normal;\">Alguma d\u00favida?<\/h2><\/div><\/div><div class=\"wpb_text_column programme-text\"><div class=\"wpb_wrapper\"><p><span style=\"font-weight: 400;\">Se tiver alguma d\u00favida <a class=\"simple-link\" href=\"https:\/\/advance.dcu.ie\/pt-br\/?page_id=12727\">fale com a nossa equipe<\/a>.<\/span><\/p>\n<\/div><\/div><\/div><\/div><\/div><\/div><\/section>\n","protected":false},"excerpt":{"rendered":"[vc_raw_html el_class=\"breadcrumbs\"]W3dwc2VvX2JyZWFkY3J1bWJd[\/vc_raw_html]ObrigadoObrigado por enviar sua solicita\u00e7\u00e3o para a Dublin City University. Um membro da equipe entrar\u00e1 em contato com voc\u00ea em breve.Alguma d\u00favida?Se tiver alguma d\u00favida fale com a nossa equipe.","protected":false},"author":2,"featured_media":0,"parent":12837,"menu_order":0,"comment_status":"closed","ping_status":"closed","template":"","meta":{"_acf_changed":false,"content-type":"","inline_featured_image":false,"footnotes":""},"class_list":["post-12851","page","type-page","status-publish","hentry"],"acf":[],"yoast_head":"<!-- This site is optimized with the Yoast SEO plugin v27.3 - https:\/\/yoast.com\/product\/yoast-seo-wordpress\/ -->\n<title>Obrigado \u2013 Formul\u00e1rio de Solicita\u00e7\u00e3o On-line para IFY | DCU Advance<\/title>\n<meta name=\"description\" content=\"Obrigado por enviar sua solicita\u00e7\u00e3o para a Dublin City University.\" \/>\n<meta name=\"robots\" content=\"index, follow, max-snippet:-1, max-image-preview:large, max-video-preview:-1\" \/>\n<link rel=\"canonical\" href=\"https:\/\/advance.dcu.ie\/pt-br\/programa-anual-de-preparacao-internacional\/formulario-de-solicitacao-on-line-para-ify\/obrigado-formulario-de-solicitacao-on-line-para-ify\/\" \/>\n<meta property=\"og:locale\" content=\"pt_BR\" \/>\n<meta property=\"og:type\" content=\"article\" \/>\n<meta property=\"og:title\" content=\"Obrigado \u2013 Formul\u00e1rio de Solicita\u00e7\u00e3o On-line para IFY | DCU Advance\" \/>\n<meta property=\"og:description\" content=\"Obrigado por enviar sua solicita\u00e7\u00e3o para a Dublin City University.\" \/>\n<meta property=\"og:url\" content=\"https:\/\/advance.dcu.ie\/pt-br\/programa-anual-de-preparacao-internacional\/formulario-de-solicitacao-on-line-para-ify\/obrigado-formulario-de-solicitacao-on-line-para-ify\/\" \/>\n<meta property=\"og:site_name\" content=\"DCU Advance\" \/>\n<meta name=\"twitter:card\" content=\"summary_large_image\" \/>\n<meta name=\"twitter:label1\" content=\"Est. reading time\" \/>\n\t<meta name=\"twitter:data1\" content=\"1 minute\" \/>\n<script type=\"application\/ld+json\" class=\"yoast-schema-graph\">{\"@context\":\"https:\\\/\\\/schema.org\",\"@graph\":[{\"@type\":\"WebPage\",\"@id\":\"https:\\\/\\\/advance.dcu.ie\\\/pt-br\\\/programa-anual-de-preparacao-internacional\\\/formulario-de-solicitacao-on-line-para-ify\\\/obrigado-formulario-de-solicitacao-on-line-para-ify\\\/\",\"url\":\"https:\\\/\\\/advance.dcu.ie\\\/pt-br\\\/programa-anual-de-preparacao-internacional\\\/formulario-de-solicitacao-on-line-para-ify\\\/obrigado-formulario-de-solicitacao-on-line-para-ify\\\/\",\"name\":\"Obrigado \u2013 Formul\u00e1rio de Solicita\u00e7\u00e3o On-line para IFY | DCU Advance\",\"isPartOf\":{\"@id\":\"https:\\\/\\\/advance.dcu.ie\\\/#website\"},\"datePublished\":\"2024-05-13T09:20:07+00:00\",\"description\":\"Obrigado por enviar sua solicita\u00e7\u00e3o para a Dublin City University.\",\"breadcrumb\":{\"@id\":\"https:\\\/\\\/advance.dcu.ie\\\/pt-br\\\/programa-anual-de-preparacao-internacional\\\/formulario-de-solicitacao-on-line-para-ify\\\/obrigado-formulario-de-solicitacao-on-line-para-ify\\\/#breadcrumb\"},\"inLanguage\":\"pt-BR\",\"potentialAction\":[{\"@type\":\"ReadAction\",\"target\":[\"https:\\\/\\\/advance.dcu.ie\\\/pt-br\\\/programa-anual-de-preparacao-internacional\\\/formulario-de-solicitacao-on-line-para-ify\\\/obrigado-formulario-de-solicitacao-on-line-para-ify\\\/\"]}]},{\"@type\":\"BreadcrumbList\",\"@id\":\"https:\\\/\\\/advance.dcu.ie\\\/pt-br\\\/programa-anual-de-preparacao-internacional\\\/formulario-de-solicitacao-on-line-para-ify\\\/obrigado-formulario-de-solicitacao-on-line-para-ify\\\/#breadcrumb\",\"itemListElement\":[{\"@type\":\"ListItem\",\"position\":1,\"name\":\"Home\",\"item\":\"https:\\\/\\\/advance.dcu.ie\\\/pt-br\\\/\"},{\"@type\":\"ListItem\",\"position\":2,\"name\":\"Programa Anual de Prepara\u00e7\u00e3o Internacional\",\"item\":\"https:\\\/\\\/advance.dcu.ie\\\/pt-br\\\/programa-anual-de-preparacao-internacional\\\/\"},{\"@type\":\"ListItem\",\"position\":3,\"name\":\"Formul\u00e1rio de Solicita\u00e7\u00e3o On-line para IFY\",\"item\":\"https:\\\/\\\/advance.dcu.ie\\\/pt-br\\\/programa-anual-de-preparacao-internacional\\\/formulario-de-solicitacao-on-line-para-ify\\\/\"},{\"@type\":\"ListItem\",\"position\":4,\"name\":\"Obrigado \u2013 Formul\u00e1rio de Solicita\u00e7\u00e3o On-line para IFY\"}]},{\"@type\":\"WebSite\",\"@id\":\"https:\\\/\\\/advance.dcu.ie\\\/#website\",\"url\":\"https:\\\/\\\/advance.dcu.ie\\\/\",\"name\":\"DCU Advance\",\"description\":\"DCU Pathway Programmes\",\"publisher\":{\"@id\":\"https:\\\/\\\/advance.dcu.ie\\\/#organization\"},\"potentialAction\":[{\"@type\":\"SearchAction\",\"target\":{\"@type\":\"EntryPoint\",\"urlTemplate\":\"https:\\\/\\\/advance.dcu.ie\\\/?s={search_term_string}\"},\"query-input\":{\"@type\":\"PropertyValueSpecification\",\"valueRequired\":true,\"valueName\":\"search_term_string\"}}],\"inLanguage\":\"pt-BR\"},{\"@type\":\"Organization\",\"@id\":\"https:\\\/\\\/advance.dcu.ie\\\/#organization\",\"name\":\"Dublin City University\",\"url\":\"https:\\\/\\\/advance.dcu.ie\\\/\",\"logo\":{\"@type\":\"ImageObject\",\"inLanguage\":\"pt-BR\",\"@id\":\"https:\\\/\\\/advance.dcu.ie\\\/#\\\/schema\\\/logo\\\/image\\\/\",\"url\":\"https:\\\/\\\/advance.dcu.ie\\\/wp-content\\\/uploads\\\/2021\\\/08\\\/dcu-int-logo.svg\",\"contentUrl\":\"https:\\\/\\\/advance.dcu.ie\\\/wp-content\\\/uploads\\\/2021\\\/08\\\/dcu-int-logo.svg\",\"width\":\"1024\",\"height\":\"1024\",\"caption\":\"Dublin City University\"},\"image\":{\"@id\":\"https:\\\/\\\/advance.dcu.ie\\\/#\\\/schema\\\/logo\\\/image\\\/\"}}]}<\/script>\n<!-- \/ Yoast SEO plugin. -->","yoast_head_json":{"title":"Obrigado \u2013 Formul\u00e1rio de Solicita\u00e7\u00e3o On-line para IFY | DCU Advance","description":"Obrigado por enviar sua solicita\u00e7\u00e3o para a Dublin City University.","robots":{"index":"index","follow":"follow","max-snippet":"max-snippet:-1","max-image-preview":"max-image-preview:large","max-video-preview":"max-video-preview:-1"},"canonical":"https:\/\/advance.dcu.ie\/pt-br\/programa-anual-de-preparacao-internacional\/formulario-de-solicitacao-on-line-para-ify\/obrigado-formulario-de-solicitacao-on-line-para-ify\/","og_locale":"pt_BR","og_type":"article","og_title":"Obrigado \u2013 Formul\u00e1rio de Solicita\u00e7\u00e3o On-line para IFY | DCU Advance","og_description":"Obrigado por enviar sua solicita\u00e7\u00e3o para a Dublin City University.","og_url":"https:\/\/advance.dcu.ie\/pt-br\/programa-anual-de-preparacao-internacional\/formulario-de-solicitacao-on-line-para-ify\/obrigado-formulario-de-solicitacao-on-line-para-ify\/","og_site_name":"DCU Advance","twitter_card":"summary_large_image","twitter_misc":{"Est. reading time":"1 minute"},"schema":{"@context":"https:\/\/schema.org","@graph":[{"@type":"WebPage","@id":"https:\/\/advance.dcu.ie\/pt-br\/programa-anual-de-preparacao-internacional\/formulario-de-solicitacao-on-line-para-ify\/obrigado-formulario-de-solicitacao-on-line-para-ify\/","url":"https:\/\/advance.dcu.ie\/pt-br\/programa-anual-de-preparacao-internacional\/formulario-de-solicitacao-on-line-para-ify\/obrigado-formulario-de-solicitacao-on-line-para-ify\/","name":"Obrigado \u2013 Formul\u00e1rio de Solicita\u00e7\u00e3o On-line para IFY | DCU Advance","isPartOf":{"@id":"https:\/\/advance.dcu.ie\/#website"},"datePublished":"2024-05-13T09:20:07+00:00","description":"Obrigado por enviar sua solicita\u00e7\u00e3o para a Dublin City University.","breadcrumb":{"@id":"https:\/\/advance.dcu.ie\/pt-br\/programa-anual-de-preparacao-internacional\/formulario-de-solicitacao-on-line-para-ify\/obrigado-formulario-de-solicitacao-on-line-para-ify\/#breadcrumb"},"inLanguage":"pt-BR","potentialAction":[{"@type":"ReadAction","target":["https:\/\/advance.dcu.ie\/pt-br\/programa-anual-de-preparacao-internacional\/formulario-de-solicitacao-on-line-para-ify\/obrigado-formulario-de-solicitacao-on-line-para-ify\/"]}]},{"@type":"BreadcrumbList","@id":"https:\/\/advance.dcu.ie\/pt-br\/programa-anual-de-preparacao-internacional\/formulario-de-solicitacao-on-line-para-ify\/obrigado-formulario-de-solicitacao-on-line-para-ify\/#breadcrumb","itemListElement":[{"@type":"ListItem","position":1,"name":"Home","item":"https:\/\/advance.dcu.ie\/pt-br\/"},{"@type":"ListItem","position":2,"name":"Programa Anual de Prepara\u00e7\u00e3o Internacional","item":"https:\/\/advance.dcu.ie\/pt-br\/programa-anual-de-preparacao-internacional\/"},{"@type":"ListItem","position":3,"name":"Formul\u00e1rio de Solicita\u00e7\u00e3o On-line para IFY","item":"https:\/\/advance.dcu.ie\/pt-br\/programa-anual-de-preparacao-internacional\/formulario-de-solicitacao-on-line-para-ify\/"},{"@type":"ListItem","position":4,"name":"Obrigado \u2013 Formul\u00e1rio de Solicita\u00e7\u00e3o On-line para IFY"}]},{"@type":"WebSite","@id":"https:\/\/advance.dcu.ie\/#website","url":"https:\/\/advance.dcu.ie\/","name":"DCU Advance","description":"DCU Pathway Programmes","publisher":{"@id":"https:\/\/advance.dcu.ie\/#organization"},"potentialAction":[{"@type":"SearchAction","target":{"@type":"EntryPoint","urlTemplate":"https:\/\/advance.dcu.ie\/?s={search_term_string}"},"query-input":{"@type":"PropertyValueSpecification","valueRequired":true,"valueName":"search_term_string"}}],"inLanguage":"pt-BR"},{"@type":"Organization","@id":"https:\/\/advance.dcu.ie\/#organization","name":"Dublin City University","url":"https:\/\/advance.dcu.ie\/","logo":{"@type":"ImageObject","inLanguage":"pt-BR","@id":"https:\/\/advance.dcu.ie\/#\/schema\/logo\/image\/","url":"https:\/\/advance.dcu.ie\/wp-content\/uploads\/2021\/08\/dcu-int-logo.svg","contentUrl":"https:\/\/advance.dcu.ie\/wp-content\/uploads\/2021\/08\/dcu-int-logo.svg","width":"1024","height":"1024","caption":"Dublin City University"},"image":{"@id":"https:\/\/advance.dcu.ie\/#\/schema\/logo\/image\/"}}]}},"_links":{"self":[{"href":"https:\/\/advance.dcu.ie\/pt-br\/wp-json\/wp\/v2\/pages\/12851","targetHints":{"allow":["GET"]}}],"collection":[{"href":"https:\/\/advance.dcu.ie\/pt-br\/wp-json\/wp\/v2\/pages"}],"about":[{"href":"https:\/\/advance.dcu.ie\/pt-br\/wp-json\/wp\/v2\/types\/page"}],"author":[{"embeddable":true,"href":"https:\/\/advance.dcu.ie\/pt-br\/wp-json\/wp\/v2\/users\/2"}],"replies":[{"embeddable":true,"href":"https:\/\/advance.dcu.ie\/pt-br\/wp-json\/wp\/v2\/comments?post=12851"}],"version-history":[{"count":3,"href":"https:\/\/advance.dcu.ie\/pt-br\/wp-json\/wp\/v2\/pages\/12851\/revisions"}],"predecessor-version":[{"id":12898,"href":"https:\/\/advance.dcu.ie\/pt-br\/wp-json\/wp\/v2\/pages\/12851\/revisions\/12898"}],"up":[{"embeddable":true,"href":"https:\/\/advance.dcu.ie\/pt-br\/wp-json\/wp\/v2\/pages\/12837"}],"wp:attachment":[{"href":"https:\/\/advance.dcu.ie\/pt-br\/wp-json\/wp\/v2\/media?parent=12851"}],"curies":[{"name":"wp","href":"https:\/\/api.w.org\/{rel}","templated":true}]}}