{"id":12837,"date":"2024-05-13T09:20:50","date_gmt":"2024-05-13T09:20:50","guid":{"rendered":"https:\/\/advance.dcu.ie\/?page_id=12837"},"modified":"2024-05-13T09:20:50","modified_gmt":"2024-05-13T09:20:50","slug":"formulario-de-solicitacao-on-line-para-ify","status":"publish","type":"page","link":"https:\/\/advance.dcu.ie\/pt-br\/programa-anual-de-preparacao-internacional\/formulario-de-solicitacao-on-line-para-ify\/","title":{"rendered":"Formul\u00e1rio de Solicita\u00e7\u00e3o On-line para IFY"},"content":{"rendered":"<section class=\"l-section wpb_row height_auto width_full\"><div class=\"l-section-h i-cf\"><div class=\"g-cols via_grid cols_1 laptops-cols_inherit tablets-cols_inherit mobiles-cols_1 valign_top type_default\"><div class=\"wpb_column vc_column_container\"><div class=\"vc_column-inner\"><\/div><\/div><\/div><\/div><\/section><section class=\"l-section wpb_row height_auto width_full\"><div class=\"l-section-h i-cf\"><div class=\"g-cols via_grid cols_1 laptops-cols_inherit tablets-cols_inherit mobiles-cols_1 valign_top type_default\"><div class=\"wpb_column vc_column_container\"><div class=\"vc_column-inner\">\t\t<section id=\"form-section\" class=\"form-section fullwidth-container\">\n\n\t\t\t<div class=\"form-container\">\n\n\t\t\t\t\t\t\t\t\t<h2>Gradua\u00e7\u00e3o \u2013 Formul\u00e1rio de solicita\u00e7\u00e3o<\/h2>\n\t\t\t\t\n\t\t\t\t\t\t\t\t\t<p>Preencha com aten\u00e7\u00e3o todas as se\u00e7\u00f5es deste formul\u00e1rio corretamente.<\/p>\n<p>Caso tenha alguma d\u00favida ou precise de ajuda, fale conosco.<\/p>\n\t\t\t\t\n\n\t\t\t\t\t\t\t\t\t<div class=\"form\"><script charset=\"utf-8\" type=\"text\/javascript\" src=\"\/\/js.hsforms.net\/forms\/embed\/v2.js\"><\/script>\n<script>\n  hbspt.forms.create({\n    region: \"na1\",\n    portalId: \"7894775\",\n    formId: \"3daae0d6-5252-4b67-9636-24bd54dad5a1\"\n  });\n<\/script><\/div>\n\t\t\t\t\n\t\t\t<\/div>\n\n\n\t\t<\/section>\n\n\n\n\n\t<\/div><\/div><\/div><\/div><\/section><section class=\"l-section wpb_row living-dublin-section why-dcu-section first-section height_auto\"><div class=\"l-section-h i-cf\"><div class=\"g-cols via_grid cols_2 laptops-cols_inherit tablets-cols_inherit mobiles-cols_1 valign_top type_default\"><div class=\"wpb_column vc_column_container\"><div class=\"vc_column-inner\"><div id=\"ultimate-heading-391169e25e789a5e4\" class=\"uvc-heading ult-adjust-bottom-margin ultimate-heading-391169e25e789a5e4 uvc-6471 l-width\" data-hspacer=\"no_spacer\"  data-halign=\"left\" style=\"text-align:left\"><div class=\"uvc-heading-spacer no_spacer\" style=\"top\"><\/div><div class=\"uvc-main-heading ult-responsive\"  data-ultimate-target='.uvc-heading.ultimate-heading-391169e25e789a5e4 h4'  data-responsive-json-new='{\"font-size\":\"\",\"line-height\":\"\"}' ><h4 style=\"font-weight:normal;\">Formul\u00e1rio de Solicita\u00e7\u00e3o \u2013 Curso Preparat\u00f3rio \u2013 Gradua\u00e7\u00e3o IO10<\/h4><\/div><\/div><\/div><\/div><div class=\"wpb_column vc_column_container\"><div class=\"vc_column-inner\"><div class=\"w-btn-wrapper align_none\"><a class=\"w-btn us-btn-style_1 us_custom_68cda339 primary-button grey-button secondary\" title=\"Baixar\" target=\"_blank\" href=\"https:\/\/advance.dcu.ie\/wp-content\/uploads\/2023\/07\/Io10-Form-2023-NoM.docx\" rel=\"noopener\"><span class=\"w-btn-label\">Baixar<\/span><\/a><\/div><\/div><\/div><\/div><\/div><\/section>\n","protected":false},"excerpt":{"rendered":"Gradua\u00e7\u00e3o \u2013 Formul\u00e1rio de solicita\u00e7\u00e3o Preencha com aten\u00e7\u00e3o todas as se\u00e7\u00f5es deste formul\u00e1rio corretamente. Caso tenha alguma d\u00favida ou precise de ajuda, fale conosco. Formul\u00e1rio de Solicita\u00e7\u00e3o \u2013 Curso Preparat\u00f3rio \u2013 Gradua\u00e7\u00e3o IO10Baixar","protected":false},"author":2,"featured_media":0,"parent":12615,"menu_order":0,"comment_status":"closed","ping_status":"closed","template":"","meta":{"_acf_changed":false,"content-type":"","inline_featured_image":false,"footnotes":""},"class_list":["post-12837","page","type-page","status-publish","hentry"],"acf":[],"yoast_head":"<!-- This site is optimized with the Yoast SEO plugin v27.3 - https:\/\/yoast.com\/product\/yoast-seo-wordpress\/ -->\n<title>Formul\u00e1rio de Solicita\u00e7\u00e3o On-line para IFY | DCU Advance<\/title>\n<meta name=\"robots\" content=\"index, follow, max-snippet:-1, max-image-preview:large, max-video-preview:-1\" \/>\n<link rel=\"canonical\" href=\"https:\/\/advance.dcu.ie\/pt-br\/programa-anual-de-preparacao-internacional\/formulario-de-solicitacao-on-line-para-ify\/\" \/>\n<meta property=\"og:locale\" content=\"pt_BR\" \/>\n<meta property=\"og:type\" content=\"article\" \/>\n<meta property=\"og:title\" content=\"Formul\u00e1rio de Solicita\u00e7\u00e3o On-line para IFY | DCU Advance\" \/>\n<meta property=\"og:url\" content=\"https:\/\/advance.dcu.ie\/pt-br\/programa-anual-de-preparacao-internacional\/formulario-de-solicitacao-on-line-para-ify\/\" \/>\n<meta property=\"og:site_name\" content=\"DCU Advance\" \/>\n<meta name=\"twitter:card\" content=\"summary_large_image\" \/>\n<meta name=\"twitter:label1\" content=\"Est. reading time\" \/>\n\t<meta name=\"twitter:data1\" content=\"1 minute\" \/>\n<script type=\"application\/ld+json\" class=\"yoast-schema-graph\">{\"@context\":\"https:\\\/\\\/schema.org\",\"@graph\":[{\"@type\":\"WebPage\",\"@id\":\"https:\\\/\\\/advance.dcu.ie\\\/pt-br\\\/programa-anual-de-preparacao-internacional\\\/formulario-de-solicitacao-on-line-para-ify\\\/\",\"url\":\"https:\\\/\\\/advance.dcu.ie\\\/pt-br\\\/programa-anual-de-preparacao-internacional\\\/formulario-de-solicitacao-on-line-para-ify\\\/\",\"name\":\"Formul\u00e1rio de Solicita\u00e7\u00e3o On-line para IFY | DCU Advance\",\"isPartOf\":{\"@id\":\"https:\\\/\\\/advance.dcu.ie\\\/#website\"},\"datePublished\":\"2024-05-13T09:20:50+00:00\",\"breadcrumb\":{\"@id\":\"https:\\\/\\\/advance.dcu.ie\\\/pt-br\\\/programa-anual-de-preparacao-internacional\\\/formulario-de-solicitacao-on-line-para-ify\\\/#breadcrumb\"},\"inLanguage\":\"pt-BR\",\"potentialAction\":[{\"@type\":\"ReadAction\",\"target\":[\"https:\\\/\\\/advance.dcu.ie\\\/pt-br\\\/programa-anual-de-preparacao-internacional\\\/formulario-de-solicitacao-on-line-para-ify\\\/\"]}]},{\"@type\":\"BreadcrumbList\",\"@id\":\"https:\\\/\\\/advance.dcu.ie\\\/pt-br\\\/programa-anual-de-preparacao-internacional\\\/formulario-de-solicitacao-on-line-para-ify\\\/#breadcrumb\",\"itemListElement\":[{\"@type\":\"ListItem\",\"position\":1,\"name\":\"Home\",\"item\":\"https:\\\/\\\/advance.dcu.ie\\\/pt-br\\\/\"},{\"@type\":\"ListItem\",\"position\":2,\"name\":\"Programa Anual de Prepara\u00e7\u00e3o Internacional\",\"item\":\"https:\\\/\\\/advance.dcu.ie\\\/pt-br\\\/programa-anual-de-preparacao-internacional\\\/\"},{\"@type\":\"ListItem\",\"position\":3,\"name\":\"Formul\u00e1rio de Solicita\u00e7\u00e3o On-line para IFY\"}]},{\"@type\":\"WebSite\",\"@id\":\"https:\\\/\\\/advance.dcu.ie\\\/#website\",\"url\":\"https:\\\/\\\/advance.dcu.ie\\\/\",\"name\":\"DCU Advance\",\"description\":\"DCU Pathway Programmes\",\"publisher\":{\"@id\":\"https:\\\/\\\/advance.dcu.ie\\\/#organization\"},\"potentialAction\":[{\"@type\":\"SearchAction\",\"target\":{\"@type\":\"EntryPoint\",\"urlTemplate\":\"https:\\\/\\\/advance.dcu.ie\\\/?s={search_term_string}\"},\"query-input\":{\"@type\":\"PropertyValueSpecification\",\"valueRequired\":true,\"valueName\":\"search_term_string\"}}],\"inLanguage\":\"pt-BR\"},{\"@type\":\"Organization\",\"@id\":\"https:\\\/\\\/advance.dcu.ie\\\/#organization\",\"name\":\"Dublin City University\",\"url\":\"https:\\\/\\\/advance.dcu.ie\\\/\",\"logo\":{\"@type\":\"ImageObject\",\"inLanguage\":\"pt-BR\",\"@id\":\"https:\\\/\\\/advance.dcu.ie\\\/#\\\/schema\\\/logo\\\/image\\\/\",\"url\":\"https:\\\/\\\/advance.dcu.ie\\\/wp-content\\\/uploads\\\/2021\\\/08\\\/dcu-int-logo.svg\",\"contentUrl\":\"https:\\\/\\\/advance.dcu.ie\\\/wp-content\\\/uploads\\\/2021\\\/08\\\/dcu-int-logo.svg\",\"width\":\"1024\",\"height\":\"1024\",\"caption\":\"Dublin City University\"},\"image\":{\"@id\":\"https:\\\/\\\/advance.dcu.ie\\\/#\\\/schema\\\/logo\\\/image\\\/\"}}]}<\/script>\n<!-- \/ Yoast SEO plugin. -->","yoast_head_json":{"title":"Formul\u00e1rio de Solicita\u00e7\u00e3o On-line para IFY | DCU Advance","robots":{"index":"index","follow":"follow","max-snippet":"max-snippet:-1","max-image-preview":"max-image-preview:large","max-video-preview":"max-video-preview:-1"},"canonical":"https:\/\/advance.dcu.ie\/pt-br\/programa-anual-de-preparacao-internacional\/formulario-de-solicitacao-on-line-para-ify\/","og_locale":"pt_BR","og_type":"article","og_title":"Formul\u00e1rio de Solicita\u00e7\u00e3o On-line para IFY | DCU Advance","og_url":"https:\/\/advance.dcu.ie\/pt-br\/programa-anual-de-preparacao-internacional\/formulario-de-solicitacao-on-line-para-ify\/","og_site_name":"DCU Advance","twitter_card":"summary_large_image","twitter_misc":{"Est. reading time":"1 minute"},"schema":{"@context":"https:\/\/schema.org","@graph":[{"@type":"WebPage","@id":"https:\/\/advance.dcu.ie\/pt-br\/programa-anual-de-preparacao-internacional\/formulario-de-solicitacao-on-line-para-ify\/","url":"https:\/\/advance.dcu.ie\/pt-br\/programa-anual-de-preparacao-internacional\/formulario-de-solicitacao-on-line-para-ify\/","name":"Formul\u00e1rio de Solicita\u00e7\u00e3o On-line para IFY | DCU Advance","isPartOf":{"@id":"https:\/\/advance.dcu.ie\/#website"},"datePublished":"2024-05-13T09:20:50+00:00","breadcrumb":{"@id":"https:\/\/advance.dcu.ie\/pt-br\/programa-anual-de-preparacao-internacional\/formulario-de-solicitacao-on-line-para-ify\/#breadcrumb"},"inLanguage":"pt-BR","potentialAction":[{"@type":"ReadAction","target":["https:\/\/advance.dcu.ie\/pt-br\/programa-anual-de-preparacao-internacional\/formulario-de-solicitacao-on-line-para-ify\/"]}]},{"@type":"BreadcrumbList","@id":"https:\/\/advance.dcu.ie\/pt-br\/programa-anual-de-preparacao-internacional\/formulario-de-solicitacao-on-line-para-ify\/#breadcrumb","itemListElement":[{"@type":"ListItem","position":1,"name":"Home","item":"https:\/\/advance.dcu.ie\/pt-br\/"},{"@type":"ListItem","position":2,"name":"Programa Anual de Prepara\u00e7\u00e3o Internacional","item":"https:\/\/advance.dcu.ie\/pt-br\/programa-anual-de-preparacao-internacional\/"},{"@type":"ListItem","position":3,"name":"Formul\u00e1rio de Solicita\u00e7\u00e3o On-line para IFY"}]},{"@type":"WebSite","@id":"https:\/\/advance.dcu.ie\/#website","url":"https:\/\/advance.dcu.ie\/","name":"DCU Advance","description":"DCU Pathway Programmes","publisher":{"@id":"https:\/\/advance.dcu.ie\/#organization"},"potentialAction":[{"@type":"SearchAction","target":{"@type":"EntryPoint","urlTemplate":"https:\/\/advance.dcu.ie\/?s={search_term_string}"},"query-input":{"@type":"PropertyValueSpecification","valueRequired":true,"valueName":"search_term_string"}}],"inLanguage":"pt-BR"},{"@type":"Organization","@id":"https:\/\/advance.dcu.ie\/#organization","name":"Dublin City University","url":"https:\/\/advance.dcu.ie\/","logo":{"@type":"ImageObject","inLanguage":"pt-BR","@id":"https:\/\/advance.dcu.ie\/#\/schema\/logo\/image\/","url":"https:\/\/advance.dcu.ie\/wp-content\/uploads\/2021\/08\/dcu-int-logo.svg","contentUrl":"https:\/\/advance.dcu.ie\/wp-content\/uploads\/2021\/08\/dcu-int-logo.svg","width":"1024","height":"1024","caption":"Dublin City University"},"image":{"@id":"https:\/\/advance.dcu.ie\/#\/schema\/logo\/image\/"}}]}},"_links":{"self":[{"href":"https:\/\/advance.dcu.ie\/pt-br\/wp-json\/wp\/v2\/pages\/12837","targetHints":{"allow":["GET"]}}],"collection":[{"href":"https:\/\/advance.dcu.ie\/pt-br\/wp-json\/wp\/v2\/pages"}],"about":[{"href":"https:\/\/advance.dcu.ie\/pt-br\/wp-json\/wp\/v2\/types\/page"}],"author":[{"embeddable":true,"href":"https:\/\/advance.dcu.ie\/pt-br\/wp-json\/wp\/v2\/users\/2"}],"replies":[{"embeddable":true,"href":"https:\/\/advance.dcu.ie\/pt-br\/wp-json\/wp\/v2\/comments?post=12837"}],"version-history":[{"count":3,"href":"https:\/\/advance.dcu.ie\/pt-br\/wp-json\/wp\/v2\/pages\/12837\/revisions"}],"predecessor-version":[{"id":12899,"href":"https:\/\/advance.dcu.ie\/pt-br\/wp-json\/wp\/v2\/pages\/12837\/revisions\/12899"}],"up":[{"embeddable":true,"href":"https:\/\/advance.dcu.ie\/pt-br\/wp-json\/wp\/v2\/pages\/12615"}],"wp:attachment":[{"href":"https:\/\/advance.dcu.ie\/pt-br\/wp-json\/wp\/v2\/media?parent=12837"}],"curies":[{"name":"wp","href":"https:\/\/api.w.org\/{rel}","templated":true}]}}