{"id":12795,"date":"2021-08-19T18:46:10","date_gmt":"2021-08-19T18:46:10","guid":{"rendered":"https:\/\/advance.dcu.ie\/?page_id=12795"},"modified":"2025-12-10T15:47:31","modified_gmt":"2025-12-10T15:47:31","slug":"data-protection-policy","status":"publish","type":"page","link":"https:\/\/advance.dcu.ie\/pt-br\/data-protection-policy\/","title":{"rendered":"Data Protection Policy"},"content":{"rendered":"<section class=\"l-section wpb_row why-dcu-section eight-section student-life-container height_auto\"><div class=\"l-section-h i-cf\"><div class=\"g-cols via_grid cols_1 laptops-cols_inherit tablets-cols_inherit mobiles-cols_1 valign_top type_default\"><div class=\"wpb_column vc_column_container\"><div class=\"vc_column-inner\"><div id=\"ultimate-heading-402669e92bb934719\" class=\"uvc-heading ult-adjust-bottom-margin ultimate-heading-402669e92bb934719 uvc-314 l-width main-heading\" data-hspacer=\"no_spacer\"  data-halign=\"left\" style=\"text-align:left\"><div class=\"uvc-heading-spacer no_spacer\" style=\"top\"><\/div><div class=\"uvc-main-heading ult-responsive\"  data-ultimate-target='.uvc-heading.ultimate-heading-402669e92bb934719 h2'  data-responsive-json-new='{\"font-size\":\"\",\"line-height\":\"\"}' ><h2 style=\"font-weight:normal;\">Data Protection<\/h2><\/div><\/div><div class=\"wpb_text_column\"><div class=\"wpb_wrapper\"><p>Welcome to the personal data protection section of DCU Language Services\u2019 website. This section of the website is administered by a combination of DCU Language Services\u2019 Marketing and Data Protection teams. Centrally in DCU, the University\u2019s Data Protection Unit within the Office of the Chief Operations Officer is responsible for creating and maintaining the bulk of data protection policies throughout the university and those relating to our campus company. To view up-to-date DCU data protection policies, please see the links further down this page.<\/p>\n<p>The University and DCU Language Services manage a great deal of personal data, primarily but not exclusively, relating to staff, students, and third-party suppliers. We take the confidentiality of all personal data seriously and consequently takes all reasonable steps to comply with data protection legislation. The Univerisity and DCU Language Services endeavour to collect personal data only in order to meet specific legitimate purposes and to retain that data only for so long as those purposes remain valid. Ordinarily, we will not pass personal data to any third party except where required by law, or under statutory obligations or for other legitimate purposes as balanced against the rights and interests of the Data Subject.<\/p>\n<p>If data is passed to third-parties to accommodate business and operational needs, this will have been pre-agreed with the individual through either a contract or a consent form and notice.<\/p>\n<ul>\n<li style=\"font-weight: 400;\" aria-level=\"1\"><a class=\"simple-link simple-link-sm\" href=\"https:\/\/www.dcu.ie\/policies\/data-privacy-policy\" target=\"_blank\" rel=\"noopener\"><span style=\"font-weight: 400;\">Data Retention Policy<\/span><\/a><\/li>\n<li style=\"font-weight: 400;\" aria-level=\"1\"><a class=\"simple-link simple-link-sm\" href=\"https:\/\/www.dcu.ie\/policies\/data-privacy-policy\" target=\"_blank\" rel=\"noopener\"><span style=\"font-weight: 400;\">Data Breach Reporting Procedure<\/span><\/a><\/li>\n<li style=\"font-weight: 400;\" aria-level=\"1\"><a class=\"simple-link simple-link-sm\" href=\"https:\/\/www.dcu.ie\/policies\/data-privacy-policy\" target=\"_blank\" rel=\"noopener\"><span style=\"font-weight: 400;\">Data Subject Rights Procedure<\/span><\/a><\/li>\n<li style=\"font-weight: 400;\" aria-level=\"1\"><a class=\"simple-link simple-link-sm\" href=\"https:\/\/www.dcu.ie\/policies\/data-privacy-policy\" target=\"_blank\" rel=\"noopener\"><span style=\"font-weight: 400;\">Website Privacy Statement<\/span><\/a><\/li>\n<\/ul>\n<\/div><\/div><\/div><\/div><\/div><\/div><\/section>\n","protected":false},"excerpt":{"rendered":"Data ProtectionWelcome to the personal data protection section of DCU Language Services\u2019 website. This section of the website is administered by a combination of DCU Language Services\u2019 Marketing and Data Protection teams. Centrally in DCU, the University\u2019s Data Protection Unit within the Office of the Chief Operations Officer is responsible for creating and maintaining the...","protected":false},"author":1,"featured_media":0,"parent":0,"menu_order":0,"comment_status":"closed","ping_status":"open","template":"","meta":{"_acf_changed":false,"content-type":"","inline_featured_image":false,"footnotes":""},"class_list":["post-12795","page","type-page","status-publish","hentry"],"acf":[],"yoast_head":"<!-- This site is optimized with the Yoast SEO plugin v27.3 - https:\/\/yoast.com\/product\/yoast-seo-wordpress\/ -->\n<title>Data Protection Policy | DCU Advance<\/title>\n<meta name=\"description\" content=\"Qualquer informa\u00e7\u00e3o pessoal processada pela Universidade ser\u00e1 tratada de acordo com a legisla\u00e7\u00e3o relevante de prote\u00e7\u00e3o de dados. Esta se\u00e7\u00e3o fornece links para as pol\u00edticas relevantes.\" \/>\n<meta name=\"robots\" content=\"index, follow, max-snippet:-1, max-image-preview:large, max-video-preview:-1\" \/>\n<link rel=\"canonical\" href=\"https:\/\/advance.dcu.ie\/pt-br\/data-protection-policy\/\" \/>\n<meta property=\"og:locale\" content=\"pt_BR\" \/>\n<meta property=\"og:type\" content=\"article\" \/>\n<meta property=\"og:title\" content=\"Data Protection Policy | DCU Advance\" \/>\n<meta property=\"og:description\" content=\"Qualquer informa\u00e7\u00e3o pessoal processada pela Universidade ser\u00e1 tratada de acordo com a legisla\u00e7\u00e3o relevante de prote\u00e7\u00e3o de dados. Esta se\u00e7\u00e3o fornece links para as pol\u00edticas relevantes.\" \/>\n<meta property=\"og:url\" content=\"https:\/\/advance.dcu.ie\/pt-br\/data-protection-policy\/\" \/>\n<meta property=\"og:site_name\" content=\"DCU Advance\" \/>\n<meta property=\"article:modified_time\" content=\"2025-12-10T15:47:31+00:00\" \/>\n<meta name=\"twitter:card\" content=\"summary_large_image\" \/>\n<meta name=\"twitter:label1\" content=\"Est. reading time\" \/>\n\t<meta name=\"twitter:data1\" content=\"2 minutes\" \/>\n<script type=\"application\/ld+json\" class=\"yoast-schema-graph\">{\"@context\":\"https:\\\/\\\/schema.org\",\"@graph\":[{\"@type\":\"WebPage\",\"@id\":\"https:\\\/\\\/advance.dcu.ie\\\/pt-br\\\/data-protection-policy\\\/\",\"url\":\"https:\\\/\\\/advance.dcu.ie\\\/pt-br\\\/data-protection-policy\\\/\",\"name\":\"Data Protection Policy | DCU Advance\",\"isPartOf\":{\"@id\":\"https:\\\/\\\/advance.dcu.ie\\\/#website\"},\"datePublished\":\"2021-08-19T18:46:10+00:00\",\"dateModified\":\"2025-12-10T15:47:31+00:00\",\"description\":\"Qualquer informa\u00e7\u00e3o pessoal processada pela Universidade ser\u00e1 tratada de acordo com a legisla\u00e7\u00e3o relevante de prote\u00e7\u00e3o de dados. Esta se\u00e7\u00e3o fornece links para as pol\u00edticas relevantes.\",\"breadcrumb\":{\"@id\":\"https:\\\/\\\/advance.dcu.ie\\\/pt-br\\\/data-protection-policy\\\/#breadcrumb\"},\"inLanguage\":\"pt-BR\",\"potentialAction\":[{\"@type\":\"ReadAction\",\"target\":[\"https:\\\/\\\/advance.dcu.ie\\\/pt-br\\\/data-protection-policy\\\/\"]}]},{\"@type\":\"BreadcrumbList\",\"@id\":\"https:\\\/\\\/advance.dcu.ie\\\/pt-br\\\/data-protection-policy\\\/#breadcrumb\",\"itemListElement\":[{\"@type\":\"ListItem\",\"position\":1,\"name\":\"Home\",\"item\":\"https:\\\/\\\/advance.dcu.ie\\\/pt-br\\\/\"},{\"@type\":\"ListItem\",\"position\":2,\"name\":\"Data Protection Policy\"}]},{\"@type\":\"WebSite\",\"@id\":\"https:\\\/\\\/advance.dcu.ie\\\/#website\",\"url\":\"https:\\\/\\\/advance.dcu.ie\\\/\",\"name\":\"DCU Advance\",\"description\":\"DCU Pathway Programmes\",\"publisher\":{\"@id\":\"https:\\\/\\\/advance.dcu.ie\\\/#organization\"},\"potentialAction\":[{\"@type\":\"SearchAction\",\"target\":{\"@type\":\"EntryPoint\",\"urlTemplate\":\"https:\\\/\\\/advance.dcu.ie\\\/?s={search_term_string}\"},\"query-input\":{\"@type\":\"PropertyValueSpecification\",\"valueRequired\":true,\"valueName\":\"search_term_string\"}}],\"inLanguage\":\"pt-BR\"},{\"@type\":\"Organization\",\"@id\":\"https:\\\/\\\/advance.dcu.ie\\\/#organization\",\"name\":\"Dublin City University\",\"url\":\"https:\\\/\\\/advance.dcu.ie\\\/\",\"logo\":{\"@type\":\"ImageObject\",\"inLanguage\":\"pt-BR\",\"@id\":\"https:\\\/\\\/advance.dcu.ie\\\/#\\\/schema\\\/logo\\\/image\\\/\",\"url\":\"https:\\\/\\\/advance.dcu.ie\\\/wp-content\\\/uploads\\\/2021\\\/08\\\/dcu-int-logo.svg\",\"contentUrl\":\"https:\\\/\\\/advance.dcu.ie\\\/wp-content\\\/uploads\\\/2021\\\/08\\\/dcu-int-logo.svg\",\"width\":\"1024\",\"height\":\"1024\",\"caption\":\"Dublin City University\"},\"image\":{\"@id\":\"https:\\\/\\\/advance.dcu.ie\\\/#\\\/schema\\\/logo\\\/image\\\/\"}}]}<\/script>\n<!-- \/ Yoast SEO plugin. -->","yoast_head_json":{"title":"Data Protection Policy | DCU Advance","description":"Qualquer informa\u00e7\u00e3o pessoal processada pela Universidade ser\u00e1 tratada de acordo com a legisla\u00e7\u00e3o relevante de prote\u00e7\u00e3o de dados. Esta se\u00e7\u00e3o fornece links para as pol\u00edticas relevantes.","robots":{"index":"index","follow":"follow","max-snippet":"max-snippet:-1","max-image-preview":"max-image-preview:large","max-video-preview":"max-video-preview:-1"},"canonical":"https:\/\/advance.dcu.ie\/pt-br\/data-protection-policy\/","og_locale":"pt_BR","og_type":"article","og_title":"Data Protection Policy | DCU Advance","og_description":"Qualquer informa\u00e7\u00e3o pessoal processada pela Universidade ser\u00e1 tratada de acordo com a legisla\u00e7\u00e3o relevante de prote\u00e7\u00e3o de dados. Esta se\u00e7\u00e3o fornece links para as pol\u00edticas relevantes.","og_url":"https:\/\/advance.dcu.ie\/pt-br\/data-protection-policy\/","og_site_name":"DCU Advance","article_modified_time":"2025-12-10T15:47:31+00:00","twitter_card":"summary_large_image","twitter_misc":{"Est. reading time":"2 minutes"},"schema":{"@context":"https:\/\/schema.org","@graph":[{"@type":"WebPage","@id":"https:\/\/advance.dcu.ie\/pt-br\/data-protection-policy\/","url":"https:\/\/advance.dcu.ie\/pt-br\/data-protection-policy\/","name":"Data Protection Policy | DCU Advance","isPartOf":{"@id":"https:\/\/advance.dcu.ie\/#website"},"datePublished":"2021-08-19T18:46:10+00:00","dateModified":"2025-12-10T15:47:31+00:00","description":"Qualquer informa\u00e7\u00e3o pessoal processada pela Universidade ser\u00e1 tratada de acordo com a legisla\u00e7\u00e3o relevante de prote\u00e7\u00e3o de dados. Esta se\u00e7\u00e3o fornece links para as pol\u00edticas relevantes.","breadcrumb":{"@id":"https:\/\/advance.dcu.ie\/pt-br\/data-protection-policy\/#breadcrumb"},"inLanguage":"pt-BR","potentialAction":[{"@type":"ReadAction","target":["https:\/\/advance.dcu.ie\/pt-br\/data-protection-policy\/"]}]},{"@type":"BreadcrumbList","@id":"https:\/\/advance.dcu.ie\/pt-br\/data-protection-policy\/#breadcrumb","itemListElement":[{"@type":"ListItem","position":1,"name":"Home","item":"https:\/\/advance.dcu.ie\/pt-br\/"},{"@type":"ListItem","position":2,"name":"Data Protection Policy"}]},{"@type":"WebSite","@id":"https:\/\/advance.dcu.ie\/#website","url":"https:\/\/advance.dcu.ie\/","name":"DCU Advance","description":"DCU Pathway Programmes","publisher":{"@id":"https:\/\/advance.dcu.ie\/#organization"},"potentialAction":[{"@type":"SearchAction","target":{"@type":"EntryPoint","urlTemplate":"https:\/\/advance.dcu.ie\/?s={search_term_string}"},"query-input":{"@type":"PropertyValueSpecification","valueRequired":true,"valueName":"search_term_string"}}],"inLanguage":"pt-BR"},{"@type":"Organization","@id":"https:\/\/advance.dcu.ie\/#organization","name":"Dublin City University","url":"https:\/\/advance.dcu.ie\/","logo":{"@type":"ImageObject","inLanguage":"pt-BR","@id":"https:\/\/advance.dcu.ie\/#\/schema\/logo\/image\/","url":"https:\/\/advance.dcu.ie\/wp-content\/uploads\/2021\/08\/dcu-int-logo.svg","contentUrl":"https:\/\/advance.dcu.ie\/wp-content\/uploads\/2021\/08\/dcu-int-logo.svg","width":"1024","height":"1024","caption":"Dublin City University"},"image":{"@id":"https:\/\/advance.dcu.ie\/#\/schema\/logo\/image\/"}}]}},"_links":{"self":[{"href":"https:\/\/advance.dcu.ie\/pt-br\/wp-json\/wp\/v2\/pages\/12795","targetHints":{"allow":["GET"]}}],"collection":[{"href":"https:\/\/advance.dcu.ie\/pt-br\/wp-json\/wp\/v2\/pages"}],"about":[{"href":"https:\/\/advance.dcu.ie\/pt-br\/wp-json\/wp\/v2\/types\/page"}],"author":[{"embeddable":true,"href":"https:\/\/advance.dcu.ie\/pt-br\/wp-json\/wp\/v2\/users\/1"}],"replies":[{"embeddable":true,"href":"https:\/\/advance.dcu.ie\/pt-br\/wp-json\/wp\/v2\/comments?post=12795"}],"version-history":[{"count":5,"href":"https:\/\/advance.dcu.ie\/pt-br\/wp-json\/wp\/v2\/pages\/12795\/revisions"}],"predecessor-version":[{"id":14661,"href":"https:\/\/advance.dcu.ie\/pt-br\/wp-json\/wp\/v2\/pages\/12795\/revisions\/14661"}],"wp:attachment":[{"href":"https:\/\/advance.dcu.ie\/pt-br\/wp-json\/wp\/v2\/media?parent=12795"}],"curies":[{"name":"wp","href":"https:\/\/api.w.org\/{rel}","templated":true}]}}