{"id":12847,"date":"2024-05-20T08:35:27","date_gmt":"2024-05-20T08:35:27","guid":{"rendered":"https:\/\/advance.dcu.ie\/?page_id=12847"},"modified":"2024-05-20T08:35:27","modified_gmt":"2024-05-20T08:35:27","slug":"hazte-colaborador","status":"publish","type":"page","link":"https:\/\/advance.dcu.ie\/es\/hazte-colaborador\/","title":{"rendered":"Hazte colaborador"},"content":{"rendered":"<section class=\"l-section wpb_row home-banner inner-page-banner height_auto width_full\"><div class=\"l-section-h i-cf\"><div class=\"g-cols via_grid cols_2 laptops-cols_inherit tablets-cols_inherit mobiles-cols_1 valign_top type_default\"><div class=\"wpb_column vc_column_container home-banner-content\"><div class=\"vc_column-inner\">[vc_raw_html el_class=\u00bbbreadcrumbs\u00bb]W3dwc2VvX2JyZWFkY3J1bWJd[\/vc_raw_html]<div id=\"ultimate-heading-271169d2978e77805\" class=\"uvc-heading ult-adjust-bottom-margin ultimate-heading-271169d2978e77805 uvc-7226 \" data-hspacer=\"no_spacer\"  data-halign=\"left\" style=\"text-align:left\"><div class=\"uvc-heading-spacer no_spacer\" style=\"top\"><\/div><div class=\"uvc-main-heading ult-responsive\"  data-ultimate-target='.uvc-heading.ultimate-heading-271169d2978e77805 h1'  data-responsive-json-new='{\"font-size\":\"\",\"line-height\":\"\"}' ><h1 style=\"font-weight:normal;\">Hazte colaborador<\/h1><\/div><div class=\"uvc-sub-heading ult-responsive\"  data-ultimate-target='.uvc-heading.ultimate-heading-271169d2978e77805 .uvc-sub-heading '  data-responsive-json-new='{\"font-size\":\"\",\"line-height\":\"\"}'  style=\"font-weight:normal;\">Si te interesa convertirte en colaborador de la DCU International Academy, comun\u00edcate con nosotros.<\/div><\/div><\/div><\/div><div class=\"wpb_column vc_column_container home-banner-image\"><div class=\"vc_column-inner\"><div class=\"w-image align_none\"><div class=\"w-image-h\"><img loading=\"lazy\" decoding=\"async\" width=\"1000\" height=\"451\" src=\"https:\/\/advance.dcu.ie\/wp-content\/uploads\/2022\/02\/banner-become-partner-dcu-ls.jpg\" class=\"attachment-full size-full\" alt=\"\" srcset=\"https:\/\/advance.dcu.ie\/wp-content\/uploads\/2022\/02\/banner-become-partner-dcu-ls.jpg 1000w, https:\/\/advance.dcu.ie\/wp-content\/uploads\/2022\/02\/banner-become-partner-dcu-ls-300x135.jpg 300w\" sizes=\"auto, (max-width: 1000px) 100vw, 1000px\" \/><\/div><\/div><\/div><\/div><\/div><\/div><\/section><section class=\"l-section wpb_row living-dublin-section why-dcu-section first-section height_auto\"><div class=\"l-section-h i-cf\"><div class=\"g-cols via_grid cols_1 laptops-cols_inherit tablets-cols_inherit mobiles-cols_1 valign_top type_default\"><div class=\"wpb_column vc_column_container\"><div class=\"vc_column-inner\"><div id=\"ultimate-heading-394669d2978e79e67\" class=\"uvc-heading ult-adjust-bottom-margin ultimate-heading-394669d2978e79e67 uvc-3281 l-height\" data-hspacer=\"no_spacer\"  data-halign=\"left\" style=\"text-align:left\"><div class=\"uvc-heading-spacer no_spacer\" style=\"top\"><\/div><div class=\"uvc-main-heading ult-responsive\"  data-ultimate-target='.uvc-heading.ultimate-heading-394669d2978e79e67 h2'  data-responsive-json-new='{\"font-size\":\"\",\"line-height\":\"\"}' ><h2 style=\"font-weight:normal;\">Formulario de manifestaci\u00f3n de inter\u00e9s<\/h2><\/div><div class=\"uvc-sub-heading ult-responsive\"  data-ultimate-target='.uvc-heading.ultimate-heading-394669d2978e79e67 .uvc-sub-heading '  data-responsive-json-new='{\"font-size\":\"\",\"line-height\":\"\"}'  style=\"font-weight:normal;\">La DCU International Academy trabaja con colaboradores de todo el mundo y siempre nos interesa conocer nuevos colaboradores potenciales. \u00a0 Completa el formulario que aparece abajo para postularte como colaborador de la DCU International Academy. Si no est\u00e1s seguro de avanzar, env\u00eda un correo a nuestro equipo al <a class=\"simple-link\" href=\"mailto:intl.pathways@dcu.ie\">intl.pathways@dcu.ie<\/a>, con gusto te asistiremos. Ten en cuenta que el formulario debe completarse en ingl\u00e9s. Toda la informaci\u00f3n que brindes permanecer\u00e1 confidencial.<\/div><\/div><\/div><\/div><\/div><\/div><\/section><section class=\"l-section wpb_row us_custom_3352664f living-dublin-section why-dcu-section first-section height_auto\"><div class=\"l-section-h i-cf\"><div class=\"g-cols via_grid cols_1 laptops-cols_inherit tablets-cols_inherit mobiles-cols_1 valign_top type_default\"><div class=\"wpb_column vc_column_container\"><div class=\"vc_column-inner\"><div class=\"w-html\"><!--[if lte IE 8]>\n<script charset=\"utf-8\" type=\"text\/javascript\" src=\"\/\/js.hsforms.net\/forms\/v2-legacy.js\"><\/script>\n<![endif]-->\n<script charset=\"utf-8\" type=\"text\/javascript\" src=\"\/\/js.hsforms.net\/forms\/v2.js\"><\/script>\n<script>\n  hbspt.forms.create({\n\tregion: \"na1\",\n\tportalId: \"7894775\",\n\tformId: \"fa566df4-7c99-44fa-9e29-df76f220644f\"\n});\n<\/script><\/div><\/div><\/div><\/div><\/div><\/section>\n","protected":false},"excerpt":{"rendered":"[vc_raw_html el_class=\"breadcrumbs\"]W3dwc2VvX2JyZWFkY3J1bWJd[\/vc_raw_html]Hazte colaboradorSi te interesa convertirte en colaborador de la DCU International Academy, comun\u00edcate con nosotros.Formulario de manifestaci\u00f3n de inter\u00e9sLa DCU International Academy trabaja con colaboradores de todo el mundo y siempre nos interesa conocer nuevos colaboradores potenciales. \u00a0 Completa el formulario que aparece abajo para postularte como colaborador de la DCU International Academy. Si...","protected":false},"author":2,"featured_media":0,"parent":0,"menu_order":0,"comment_status":"closed","ping_status":"closed","template":"","meta":{"_acf_changed":false,"content-type":"","inline_featured_image":false,"footnotes":""},"class_list":["post-12847","page","type-page","status-publish","hentry"],"acf":[],"yoast_head":"<!-- This site is optimized with the Yoast SEO plugin v27.3 - https:\/\/yoast.com\/product\/yoast-seo-wordpress\/ -->\n<title>Hazte colaborador | DCU Advance<\/title>\n<meta name=\"description\" content=\"Si te interesa convertirte en colaborador de la DCU International Academy, comun\u00edcate con nosotros.\" \/>\n<meta name=\"robots\" content=\"index, follow, max-snippet:-1, max-image-preview:large, max-video-preview:-1\" \/>\n<link rel=\"canonical\" href=\"https:\/\/advance.dcu.ie\/es\/hazte-colaborador\/\" \/>\n<meta property=\"og:locale\" content=\"es_ES\" \/>\n<meta property=\"og:type\" content=\"article\" \/>\n<meta property=\"og:title\" content=\"Hazte colaborador | DCU Advance\" \/>\n<meta property=\"og:description\" content=\"Si te interesa convertirte en colaborador de la DCU International Academy, comun\u00edcate con nosotros.\" \/>\n<meta property=\"og:url\" content=\"https:\/\/advance.dcu.ie\/es\/hazte-colaborador\/\" \/>\n<meta property=\"og:site_name\" content=\"DCU Advance\" \/>\n<meta name=\"twitter:card\" content=\"summary_large_image\" \/>\n<meta name=\"twitter:label1\" content=\"Tiempo de lectura\" \/>\n\t<meta name=\"twitter:data1\" content=\"1 minuto\" \/>\n<script type=\"application\/ld+json\" class=\"yoast-schema-graph\">{\"@context\":\"https:\\\/\\\/schema.org\",\"@graph\":[{\"@type\":\"WebPage\",\"@id\":\"https:\\\/\\\/advance.dcu.ie\\\/es\\\/hazte-colaborador\\\/\",\"url\":\"https:\\\/\\\/advance.dcu.ie\\\/es\\\/hazte-colaborador\\\/\",\"name\":\"Hazte colaborador | DCU Advance\",\"isPartOf\":{\"@id\":\"https:\\\/\\\/advance.dcu.ie\\\/#website\"},\"datePublished\":\"2024-05-20T08:35:27+00:00\",\"description\":\"Si te interesa convertirte en colaborador de la DCU International Academy, comun\u00edcate con nosotros.\",\"breadcrumb\":{\"@id\":\"https:\\\/\\\/advance.dcu.ie\\\/es\\\/hazte-colaborador\\\/#breadcrumb\"},\"inLanguage\":\"es\",\"potentialAction\":[{\"@type\":\"ReadAction\",\"target\":[\"https:\\\/\\\/advance.dcu.ie\\\/es\\\/hazte-colaborador\\\/\"]}]},{\"@type\":\"BreadcrumbList\",\"@id\":\"https:\\\/\\\/advance.dcu.ie\\\/es\\\/hazte-colaborador\\\/#breadcrumb\",\"itemListElement\":[{\"@type\":\"ListItem\",\"position\":1,\"name\":\"Home\",\"item\":\"https:\\\/\\\/advance.dcu.ie\\\/es\\\/\"},{\"@type\":\"ListItem\",\"position\":2,\"name\":\"Hazte colaborador\"}]},{\"@type\":\"WebSite\",\"@id\":\"https:\\\/\\\/advance.dcu.ie\\\/#website\",\"url\":\"https:\\\/\\\/advance.dcu.ie\\\/\",\"name\":\"DCU Advance\",\"description\":\"DCU Pathway Programmes\",\"publisher\":{\"@id\":\"https:\\\/\\\/advance.dcu.ie\\\/#organization\"},\"potentialAction\":[{\"@type\":\"SearchAction\",\"target\":{\"@type\":\"EntryPoint\",\"urlTemplate\":\"https:\\\/\\\/advance.dcu.ie\\\/?s={search_term_string}\"},\"query-input\":{\"@type\":\"PropertyValueSpecification\",\"valueRequired\":true,\"valueName\":\"search_term_string\"}}],\"inLanguage\":\"es\"},{\"@type\":\"Organization\",\"@id\":\"https:\\\/\\\/advance.dcu.ie\\\/#organization\",\"name\":\"Dublin City University\",\"url\":\"https:\\\/\\\/advance.dcu.ie\\\/\",\"logo\":{\"@type\":\"ImageObject\",\"inLanguage\":\"es\",\"@id\":\"https:\\\/\\\/advance.dcu.ie\\\/#\\\/schema\\\/logo\\\/image\\\/\",\"url\":\"https:\\\/\\\/advance.dcu.ie\\\/wp-content\\\/uploads\\\/2021\\\/08\\\/dcu-int-logo.svg\",\"contentUrl\":\"https:\\\/\\\/advance.dcu.ie\\\/wp-content\\\/uploads\\\/2021\\\/08\\\/dcu-int-logo.svg\",\"width\":\"1024\",\"height\":\"1024\",\"caption\":\"Dublin City University\"},\"image\":{\"@id\":\"https:\\\/\\\/advance.dcu.ie\\\/#\\\/schema\\\/logo\\\/image\\\/\"}}]}<\/script>\n<!-- \/ Yoast SEO plugin. -->","yoast_head_json":{"title":"Hazte colaborador | DCU Advance","description":"Si te interesa convertirte en colaborador de la DCU International Academy, comun\u00edcate con nosotros.","robots":{"index":"index","follow":"follow","max-snippet":"max-snippet:-1","max-image-preview":"max-image-preview:large","max-video-preview":"max-video-preview:-1"},"canonical":"https:\/\/advance.dcu.ie\/es\/hazte-colaborador\/","og_locale":"es_ES","og_type":"article","og_title":"Hazte colaborador | DCU Advance","og_description":"Si te interesa convertirte en colaborador de la DCU International Academy, comun\u00edcate con nosotros.","og_url":"https:\/\/advance.dcu.ie\/es\/hazte-colaborador\/","og_site_name":"DCU Advance","twitter_card":"summary_large_image","twitter_misc":{"Tiempo de lectura":"1 minuto"},"schema":{"@context":"https:\/\/schema.org","@graph":[{"@type":"WebPage","@id":"https:\/\/advance.dcu.ie\/es\/hazte-colaborador\/","url":"https:\/\/advance.dcu.ie\/es\/hazte-colaborador\/","name":"Hazte colaborador | DCU Advance","isPartOf":{"@id":"https:\/\/advance.dcu.ie\/#website"},"datePublished":"2024-05-20T08:35:27+00:00","description":"Si te interesa convertirte en colaborador de la DCU International Academy, comun\u00edcate con nosotros.","breadcrumb":{"@id":"https:\/\/advance.dcu.ie\/es\/hazte-colaborador\/#breadcrumb"},"inLanguage":"es","potentialAction":[{"@type":"ReadAction","target":["https:\/\/advance.dcu.ie\/es\/hazte-colaborador\/"]}]},{"@type":"BreadcrumbList","@id":"https:\/\/advance.dcu.ie\/es\/hazte-colaborador\/#breadcrumb","itemListElement":[{"@type":"ListItem","position":1,"name":"Home","item":"https:\/\/advance.dcu.ie\/es\/"},{"@type":"ListItem","position":2,"name":"Hazte colaborador"}]},{"@type":"WebSite","@id":"https:\/\/advance.dcu.ie\/#website","url":"https:\/\/advance.dcu.ie\/","name":"DCU Advance","description":"DCU Pathway Programmes","publisher":{"@id":"https:\/\/advance.dcu.ie\/#organization"},"potentialAction":[{"@type":"SearchAction","target":{"@type":"EntryPoint","urlTemplate":"https:\/\/advance.dcu.ie\/?s={search_term_string}"},"query-input":{"@type":"PropertyValueSpecification","valueRequired":true,"valueName":"search_term_string"}}],"inLanguage":"es"},{"@type":"Organization","@id":"https:\/\/advance.dcu.ie\/#organization","name":"Dublin City University","url":"https:\/\/advance.dcu.ie\/","logo":{"@type":"ImageObject","inLanguage":"es","@id":"https:\/\/advance.dcu.ie\/#\/schema\/logo\/image\/","url":"https:\/\/advance.dcu.ie\/wp-content\/uploads\/2021\/08\/dcu-int-logo.svg","contentUrl":"https:\/\/advance.dcu.ie\/wp-content\/uploads\/2021\/08\/dcu-int-logo.svg","width":"1024","height":"1024","caption":"Dublin City University"},"image":{"@id":"https:\/\/advance.dcu.ie\/#\/schema\/logo\/image\/"}}]}},"_links":{"self":[{"href":"https:\/\/advance.dcu.ie\/es\/wp-json\/wp\/v2\/pages\/12847","targetHints":{"allow":["GET"]}}],"collection":[{"href":"https:\/\/advance.dcu.ie\/es\/wp-json\/wp\/v2\/pages"}],"about":[{"href":"https:\/\/advance.dcu.ie\/es\/wp-json\/wp\/v2\/types\/page"}],"author":[{"embeddable":true,"href":"https:\/\/advance.dcu.ie\/es\/wp-json\/wp\/v2\/users\/2"}],"replies":[{"embeddable":true,"href":"https:\/\/advance.dcu.ie\/es\/wp-json\/wp\/v2\/comments?post=12847"}],"version-history":[{"count":4,"href":"https:\/\/advance.dcu.ie\/es\/wp-json\/wp\/v2\/pages\/12847\/revisions"}],"predecessor-version":[{"id":13155,"href":"https:\/\/advance.dcu.ie\/es\/wp-json\/wp\/v2\/pages\/12847\/revisions\/13155"}],"wp:attachment":[{"href":"https:\/\/advance.dcu.ie\/es\/wp-json\/wp\/v2\/media?parent=12847"}],"curies":[{"name":"wp","href":"https:\/\/api.w.org\/{rel}","templated":true}]}}