{"id":12828,"date":"2024-05-20T08:39:40","date_gmt":"2024-05-20T08:39:40","guid":{"rendered":"https:\/\/advance.dcu.ie\/?page_id=12828"},"modified":"2024-05-20T08:39:40","modified_gmt":"2024-05-20T08:39:40","slug":"politica-de-cookies","status":"publish","type":"page","link":"https:\/\/advance.dcu.ie\/es\/politica-de-cookies\/","title":{"rendered":"Pol\u00edtica de Cookies"},"content":{"rendered":"<section class=\"l-section wpb_row why-dcu-section eight-section student-life-container height_auto\"><div class=\"l-section-h i-cf\"><div class=\"g-cols via_grid cols_1 laptops-cols_inherit tablets-cols_inherit mobiles-cols_1 valign_top type_default\"><div class=\"wpb_column vc_column_container\"><div class=\"vc_column-inner\"><div id=\"ultimate-heading-803569e94322ef196\" class=\"uvc-heading ult-adjust-bottom-margin ultimate-heading-803569e94322ef196 uvc-1543 l-width main-heading\" data-hspacer=\"no_spacer\"  data-halign=\"left\" style=\"text-align:left\"><div class=\"uvc-heading-spacer no_spacer\" style=\"top\"><\/div><div class=\"uvc-main-heading ult-responsive\"  data-ultimate-target='.uvc-heading.ultimate-heading-803569e94322ef196 h2'  data-responsive-json-new='{\"font-size\":\"\",\"line-height\":\"\"}' ><h2 style=\"font-weight:normal;\">Pol\u00edtica de Cookies<\/h2><\/div><\/div><div class=\"wpb_text_column\"><div class=\"wpb_wrapper\"><p>Las cookies son fragmentos de datos que un sitio web puede almacenar en tu computadora para registrar informaci\u00f3n b\u00e1sica, como las preferencias del visitante. Las cookies se utilizan para rastrear patrones de uso, tendencias de tr\u00e1fico y el comportamiento del visitante. A veces tambi\u00e9n las utilizan aplicaciones en l\u00ednea para mejorar la funcionalidad del usuario.<\/p>\n<p>La mayor\u00eda de los navegadores web aceptan autom\u00e1ticamente las cookies. Puedes configurar tu navegador para rechazar las cookies de cualquier sitio que visites, como el sitio web de la DCU.\u00a0 Ten en cuenta que en caso de configurar el navegador para que rechace las cookies, podr\u00e1s utilizar el sitio, pero puede afectarse la funcionalidad de este.<\/p>\n<\/div><\/div><div class=\"wpb_text_column\"><div class=\"wpb_wrapper\"><h3>Recolecci\u00f3n y uso de informaci\u00f3n t\u00e9cnica<\/h3>\n<p>El sitio web de los Servicios de Idioma de la DCU puede utilizar cookies para recolectar informaci\u00f3n no personal sobre c\u00f3mo los visitantes utilizan nuestro sitio o para recordar las preferencias de visualizaci\u00f3n. Tambi\u00e9n pueden utilizarse cookies de sesi\u00f3n temporales en algunas \u00e1reas para habilitar funcionalidades espec\u00edficas. Las cookies de sesi\u00f3n se eliminan una vez que cierras la sesi\u00f3n de tu navegador. A veces, a los fines de los servicios en l\u00ednea de la DCU, debemos compartir cierta informaci\u00f3n de cookies con terceros. Estas cookies pueden persistir aunque hayas cerrado la sesi\u00f3n en tu navegador. Esta informaci\u00f3n no incluye datos personales o informaci\u00f3n con la que se te pueda identificar. Esta informaci\u00f3n puede utilizarse para evaluar tu manejo del sitio web, compilar informes sobre la actividad del sitio web para la DCU y proporcionar otros servicios relacionados con la actividad del sitio web y el uso del internet. Se almacena y utiliza \u00fanicamente como informaci\u00f3n agregada, y no se usa para obtener datos personales o contactarte personalmente, sino para mejorar los servicios del sitio web. La DCU busca activamente preservar tu privacidad en cualquier interacci\u00f3n con terceros. Algunas \u00e1reas dentro del sitio web de la DCU utilizan formularios de entrada de datos en l\u00ednea para recolectar informaci\u00f3n personal de los visitantes del sitio que eligen identificarse con el fin de realizar transacciones electr\u00f3nicas o recibir productos, servicios o informaci\u00f3n. Las \u00e1reas dentro de la DCU que recopilan datos de cualquier tipo tienen la obligaci\u00f3n de cumplir con nuestra Declaraci\u00f3n de Privacidad. Solicitamos \u00fanicamente la informaci\u00f3n necesaria para cumplir con el prop\u00f3sito para el cual se est\u00e1 recopilando la informaci\u00f3n. Puede que el proveedor de servicios de internet de la Universidad registre los detalles t\u00e9cnicos relacionados con las visitas a este sitio web con fines de contabilidad y auditor\u00eda. Esta informaci\u00f3n t\u00e9cnica se utilizar\u00e1 con fines puramente estad\u00edsticos y administrativos. Cabe se\u00f1alar que los detalles t\u00e9cnicos, que la Universidad no puede asociar con ning\u00fan individuo identificable, no constituyen \u201dinformaci\u00f3n personal\u201d a efectos de la Ley de Protecci\u00f3n de Datos de\u00a01988 y la Ley de Protecci\u00f3n de Datos (Enmienda) de\u00a02003.<\/p>\n<\/div><\/div><div class=\"wpb_text_column\"><div class=\"wpb_wrapper\"><h3>Nuestras cookies se clasifican de la siguiente manera:<\/h3>\n<p>Utilizamos cookies para rastrear tu uso del sitio web. Esto nos permite entender c\u00f3mo usas el sitio y rastrear los patrones relacionados con el uso que le das. Esto nos ayuda a desarrollar y mejorar nuestro sitio web, como tambi\u00e9n otros productos o servicios en respuesta a lo que puedas necesitar o desear.<\/p>\n<ul>\n<li><strong>Cookies estrictamente necesarias:<\/strong> Permiten la funcionalidad b\u00e1sica del sitio web, como el inicio de sesi\u00f3n de usuario y la gesti\u00f3n de cuentas. Este sitio web no puede utilizarse correctamente sin las cookies estrictamente necesarias.<\/li>\n<li><strong>Cookies de rendimiento:<\/strong> Se utilizan para ver c\u00f3mo usa el sitio web el visitante (por ejemplo, cookies de an\u00e1lisis). Estas cookies no pueden utilizarse para identificar directamente a un determinado visitante.<\/li>\n<li><strong>Cookies de segmentaci\u00f3n:<\/strong> Se utilizan para identificar visitantes entre diferentes sitios web (por ejemplo, socios de contenido, redes de banners). Puede que las empresas usen estas cookies para crear un perfil de intereses del visitante o mostrar publicidades relevantes en otros sitios web.<\/li>\n<li><strong>Cookies de funcionalidad:<\/strong> Se utilizan para recordar la informaci\u00f3n del visitante en el sitio web (por ejemplo, idioma, zona horaria, contenido mejorado).<\/li>\n<\/ul>\n<\/div><\/div><div class=\"wpb_text_column\"><div class=\"wpb_wrapper\"><h3><b>Lista de cookies y opciones de preferencias<\/b><\/h3>\n<script type=\"text\/javascript\" charset=\"UTF-8\" data-cookiescriptreport=\"report\" src=\"\/\/report.cookie-script.com\/r\/323f0a7a7a97333c89ca850d09fc169e.js\"><\/script>\n<\/div><\/div><div class=\"wpb_text_column\"><div class=\"wpb_wrapper\"><h3>Pol\u00edtica de recolecci\u00f3n de informaci\u00f3n solo en l\u00ednea<\/h3>\n<p>Esta pol\u00edtica de privacidad en l\u00ednea aplica solamente a informaci\u00f3n recopilada a trav\u00e9s de nuestro sitio web y no a informaci\u00f3n recopilada fuera de l\u00ednea.<\/p>\n<h3>Pol\u00edtica de Protecci\u00f3n de Informaci\u00f3n<\/h3>\n<p>Visita tambi\u00e9n nuestra <a class=\"simple-link simple-link-sm\" href=\"https:\/\/advance.dcu.ie\/es\/?page_id=12798\">secci\u00f3n de Pol\u00edtica de Protecci\u00f3n de Informaci\u00f3n<\/a>.<\/p>\n<h3>Tu consentimiento<\/h3>\n<p>Al utilizar nuestro sitio, est\u00e1s de acuerdo con nuestra pol\u00edtica de privacidad.<\/p>\n<\/div><\/div><\/div><\/div><\/div><\/div><\/section>\n","protected":false},"excerpt":{"rendered":"Pol\u00edtica de CookiesLas cookies son fragmentos de datos que un sitio web puede almacenar en tu computadora para registrar informaci\u00f3n b\u00e1sica, como las preferencias del visitante. Las cookies se utilizan para rastrear patrones de uso, tendencias de tr\u00e1fico y el comportamiento del visitante. A veces tambi\u00e9n las utilizan aplicaciones en l\u00ednea para mejorar la funcionalidad...","protected":false},"author":2,"featured_media":0,"parent":0,"menu_order":0,"comment_status":"closed","ping_status":"open","template":"","meta":{"_acf_changed":false,"content-type":"","inline_featured_image":false,"footnotes":""},"class_list":["post-12828","page","type-page","status-publish","hentry"],"acf":[],"yoast_head":"<!-- This site is optimized with the Yoast SEO plugin v27.3 - https:\/\/yoast.com\/product\/yoast-seo-wordpress\/ -->\n<title>Pol\u00edtica de Cookies | DCU Advance<\/title>\n<meta name=\"description\" content=\"La DCU respeta la privacidad de quienes visitan nuestro sitio web. Esta Pol\u00edtica de Cookies describe nuestro reglamento con respecto al uso de cookies en global.dcu.ie\" \/>\n<meta name=\"robots\" content=\"index, follow, max-snippet:-1, max-image-preview:large, max-video-preview:-1\" \/>\n<link rel=\"canonical\" href=\"https:\/\/advance.dcu.ie\/es\/politica-de-cookies\/\" \/>\n<meta property=\"og:locale\" content=\"es_ES\" \/>\n<meta property=\"og:type\" content=\"article\" \/>\n<meta property=\"og:title\" content=\"Pol\u00edtica de Cookies | DCU Advance\" \/>\n<meta property=\"og:description\" content=\"La DCU respeta la privacidad de quienes visitan nuestro sitio web. Esta Pol\u00edtica de Cookies describe nuestro reglamento con respecto al uso de cookies en global.dcu.ie\" \/>\n<meta property=\"og:url\" content=\"https:\/\/advance.dcu.ie\/es\/politica-de-cookies\/\" \/>\n<meta property=\"og:site_name\" content=\"DCU Advance\" \/>\n<meta name=\"twitter:card\" content=\"summary_large_image\" \/>\n<meta name=\"twitter:label1\" content=\"Tiempo de lectura\" \/>\n\t<meta name=\"twitter:data1\" content=\"4 minutos\" \/>\n<script type=\"application\/ld+json\" class=\"yoast-schema-graph\">{\"@context\":\"https:\\\/\\\/schema.org\",\"@graph\":[{\"@type\":\"WebPage\",\"@id\":\"https:\\\/\\\/advance.dcu.ie\\\/es\\\/politica-de-cookies\\\/\",\"url\":\"https:\\\/\\\/advance.dcu.ie\\\/es\\\/politica-de-cookies\\\/\",\"name\":\"Pol\u00edtica de Cookies | DCU Advance\",\"isPartOf\":{\"@id\":\"https:\\\/\\\/advance.dcu.ie\\\/#website\"},\"datePublished\":\"2024-05-20T08:39:40+00:00\",\"description\":\"La DCU respeta la privacidad de quienes visitan nuestro sitio web. Esta Pol\u00edtica de Cookies describe nuestro reglamento con respecto al uso de cookies en global.dcu.ie\",\"breadcrumb\":{\"@id\":\"https:\\\/\\\/advance.dcu.ie\\\/es\\\/politica-de-cookies\\\/#breadcrumb\"},\"inLanguage\":\"es\",\"potentialAction\":[{\"@type\":\"ReadAction\",\"target\":[\"https:\\\/\\\/advance.dcu.ie\\\/es\\\/politica-de-cookies\\\/\"]}]},{\"@type\":\"BreadcrumbList\",\"@id\":\"https:\\\/\\\/advance.dcu.ie\\\/es\\\/politica-de-cookies\\\/#breadcrumb\",\"itemListElement\":[{\"@type\":\"ListItem\",\"position\":1,\"name\":\"Home\",\"item\":\"https:\\\/\\\/advance.dcu.ie\\\/es\\\/\"},{\"@type\":\"ListItem\",\"position\":2,\"name\":\"Pol\u00edtica de Cookies\"}]},{\"@type\":\"WebSite\",\"@id\":\"https:\\\/\\\/advance.dcu.ie\\\/#website\",\"url\":\"https:\\\/\\\/advance.dcu.ie\\\/\",\"name\":\"DCU Advance\",\"description\":\"DCU Pathway Programmes\",\"publisher\":{\"@id\":\"https:\\\/\\\/advance.dcu.ie\\\/#organization\"},\"potentialAction\":[{\"@type\":\"SearchAction\",\"target\":{\"@type\":\"EntryPoint\",\"urlTemplate\":\"https:\\\/\\\/advance.dcu.ie\\\/?s={search_term_string}\"},\"query-input\":{\"@type\":\"PropertyValueSpecification\",\"valueRequired\":true,\"valueName\":\"search_term_string\"}}],\"inLanguage\":\"es\"},{\"@type\":\"Organization\",\"@id\":\"https:\\\/\\\/advance.dcu.ie\\\/#organization\",\"name\":\"Dublin City University\",\"url\":\"https:\\\/\\\/advance.dcu.ie\\\/\",\"logo\":{\"@type\":\"ImageObject\",\"inLanguage\":\"es\",\"@id\":\"https:\\\/\\\/advance.dcu.ie\\\/#\\\/schema\\\/logo\\\/image\\\/\",\"url\":\"https:\\\/\\\/advance.dcu.ie\\\/wp-content\\\/uploads\\\/2021\\\/08\\\/dcu-int-logo.svg\",\"contentUrl\":\"https:\\\/\\\/advance.dcu.ie\\\/wp-content\\\/uploads\\\/2021\\\/08\\\/dcu-int-logo.svg\",\"width\":\"1024\",\"height\":\"1024\",\"caption\":\"Dublin City University\"},\"image\":{\"@id\":\"https:\\\/\\\/advance.dcu.ie\\\/#\\\/schema\\\/logo\\\/image\\\/\"}}]}<\/script>\n<!-- \/ Yoast SEO plugin. -->","yoast_head_json":{"title":"Pol\u00edtica de Cookies | DCU Advance","description":"La DCU respeta la privacidad de quienes visitan nuestro sitio web. Esta Pol\u00edtica de Cookies describe nuestro reglamento con respecto al uso de cookies en global.dcu.ie","robots":{"index":"index","follow":"follow","max-snippet":"max-snippet:-1","max-image-preview":"max-image-preview:large","max-video-preview":"max-video-preview:-1"},"canonical":"https:\/\/advance.dcu.ie\/es\/politica-de-cookies\/","og_locale":"es_ES","og_type":"article","og_title":"Pol\u00edtica de Cookies | DCU Advance","og_description":"La DCU respeta la privacidad de quienes visitan nuestro sitio web. Esta Pol\u00edtica de Cookies describe nuestro reglamento con respecto al uso de cookies en global.dcu.ie","og_url":"https:\/\/advance.dcu.ie\/es\/politica-de-cookies\/","og_site_name":"DCU Advance","twitter_card":"summary_large_image","twitter_misc":{"Tiempo de lectura":"4 minutos"},"schema":{"@context":"https:\/\/schema.org","@graph":[{"@type":"WebPage","@id":"https:\/\/advance.dcu.ie\/es\/politica-de-cookies\/","url":"https:\/\/advance.dcu.ie\/es\/politica-de-cookies\/","name":"Pol\u00edtica de Cookies | DCU Advance","isPartOf":{"@id":"https:\/\/advance.dcu.ie\/#website"},"datePublished":"2024-05-20T08:39:40+00:00","description":"La DCU respeta la privacidad de quienes visitan nuestro sitio web. Esta Pol\u00edtica de Cookies describe nuestro reglamento con respecto al uso de cookies en global.dcu.ie","breadcrumb":{"@id":"https:\/\/advance.dcu.ie\/es\/politica-de-cookies\/#breadcrumb"},"inLanguage":"es","potentialAction":[{"@type":"ReadAction","target":["https:\/\/advance.dcu.ie\/es\/politica-de-cookies\/"]}]},{"@type":"BreadcrumbList","@id":"https:\/\/advance.dcu.ie\/es\/politica-de-cookies\/#breadcrumb","itemListElement":[{"@type":"ListItem","position":1,"name":"Home","item":"https:\/\/advance.dcu.ie\/es\/"},{"@type":"ListItem","position":2,"name":"Pol\u00edtica de Cookies"}]},{"@type":"WebSite","@id":"https:\/\/advance.dcu.ie\/#website","url":"https:\/\/advance.dcu.ie\/","name":"DCU Advance","description":"DCU Pathway Programmes","publisher":{"@id":"https:\/\/advance.dcu.ie\/#organization"},"potentialAction":[{"@type":"SearchAction","target":{"@type":"EntryPoint","urlTemplate":"https:\/\/advance.dcu.ie\/?s={search_term_string}"},"query-input":{"@type":"PropertyValueSpecification","valueRequired":true,"valueName":"search_term_string"}}],"inLanguage":"es"},{"@type":"Organization","@id":"https:\/\/advance.dcu.ie\/#organization","name":"Dublin City University","url":"https:\/\/advance.dcu.ie\/","logo":{"@type":"ImageObject","inLanguage":"es","@id":"https:\/\/advance.dcu.ie\/#\/schema\/logo\/image\/","url":"https:\/\/advance.dcu.ie\/wp-content\/uploads\/2021\/08\/dcu-int-logo.svg","contentUrl":"https:\/\/advance.dcu.ie\/wp-content\/uploads\/2021\/08\/dcu-int-logo.svg","width":"1024","height":"1024","caption":"Dublin City University"},"image":{"@id":"https:\/\/advance.dcu.ie\/#\/schema\/logo\/image\/"}}]}},"_links":{"self":[{"href":"https:\/\/advance.dcu.ie\/es\/wp-json\/wp\/v2\/pages\/12828","targetHints":{"allow":["GET"]}}],"collection":[{"href":"https:\/\/advance.dcu.ie\/es\/wp-json\/wp\/v2\/pages"}],"about":[{"href":"https:\/\/advance.dcu.ie\/es\/wp-json\/wp\/v2\/types\/page"}],"author":[{"embeddable":true,"href":"https:\/\/advance.dcu.ie\/es\/wp-json\/wp\/v2\/users\/2"}],"replies":[{"embeddable":true,"href":"https:\/\/advance.dcu.ie\/es\/wp-json\/wp\/v2\/comments?post=12828"}],"version-history":[{"count":3,"href":"https:\/\/advance.dcu.ie\/es\/wp-json\/wp\/v2\/pages\/12828\/revisions"}],"predecessor-version":[{"id":13160,"href":"https:\/\/advance.dcu.ie\/es\/wp-json\/wp\/v2\/pages\/12828\/revisions\/13160"}],"wp:attachment":[{"href":"https:\/\/advance.dcu.ie\/es\/wp-json\/wp\/v2\/media?parent=12828"}],"curies":[{"name":"wp","href":"https:\/\/api.w.org\/{rel}","templated":true}]}}