{"id":12818,"date":"2024-05-20T08:31:57","date_gmt":"2024-05-20T08:31:57","guid":{"rendered":"https:\/\/advance.dcu.ie\/?page_id=12818"},"modified":"2024-05-20T08:31:57","modified_gmt":"2024-05-20T08:31:57","slug":"descargas","status":"publish","type":"page","link":"https:\/\/advance.dcu.ie\/es\/descargas\/","title":{"rendered":"Descargas"},"content":{"rendered":"<section class=\"l-section wpb_row home-banner inner-page-banner height_auto width_full\"><div class=\"l-section-h i-cf\"><div class=\"g-cols via_grid cols_2 laptops-cols_inherit tablets-cols_inherit mobiles-cols_1 valign_top type_default\"><div class=\"wpb_column vc_column_container home-banner-content\"><div class=\"vc_column-inner\">[vc_raw_html el_class=\u00bbbreadcrumbs\u00bb]W3dwc2VvX2JyZWFkY3J1bWJd[\/vc_raw_html]<div id=\"ultimate-heading-485169e92b9915d53\" class=\"uvc-heading ult-adjust-bottom-margin ultimate-heading-485169e92b9915d53 uvc-3365 \" data-hspacer=\"no_spacer\"  data-halign=\"left\" style=\"text-align:left\"><div class=\"uvc-heading-spacer no_spacer\" style=\"top\"><\/div><div class=\"uvc-main-heading ult-responsive\"  data-ultimate-target='.uvc-heading.ultimate-heading-485169e92b9915d53 h1'  data-responsive-json-new='{\"font-size\":\"\",\"line-height\":\"\"}' ><h1 style=\"font-weight:normal;\">Descargas<\/h1><\/div><div class=\"uvc-sub-heading ult-responsive\"  data-ultimate-target='.uvc-heading.ultimate-heading-485169e92b9915d53 .uvc-sub-heading '  data-responsive-json-new='{\"font-size\":\"\",\"line-height\":\"\"}'  style=\"font-weight:normal;\">Consulta la p\u00e1gina de descargas de la\u00a0DCU y obt\u00e9n nuestra informaci\u00f3n m\u00e1s reciente.<\/div><\/div><\/div><\/div><div class=\"wpb_column vc_column_container home-banner-image\"><div class=\"vc_column-inner\"><div class=\"w-image align_none\"><div class=\"w-image-h\"><img loading=\"lazy\" decoding=\"async\" width=\"1000\" height=\"451\" src=\"https:\/\/advance.dcu.ie\/wp-content\/uploads\/2021\/10\/download-dover-dcu-web.jpg\" class=\"attachment-full size-full\" alt=\"\" srcset=\"https:\/\/advance.dcu.ie\/wp-content\/uploads\/2021\/10\/download-dover-dcu-web.jpg 1000w, https:\/\/advance.dcu.ie\/wp-content\/uploads\/2021\/10\/download-dover-dcu-web-300x135.jpg 300w, https:\/\/advance.dcu.ie\/wp-content\/uploads\/2021\/10\/download-dover-dcu-web-18x8.jpg 18w\" sizes=\"auto, (max-width: 1000px) 100vw, 1000px\" \/><\/div><\/div><\/div><\/div><\/div><\/div><\/section><section class=\"l-section wpb_row living-dublin-section why-dcu-section first-section height_auto\"><div class=\"l-section-h i-cf\"><div class=\"g-cols via_grid cols_1 laptops-cols_inherit tablets-cols_inherit mobiles-cols_1 valign_top type_default\"><div class=\"wpb_column vc_column_container\"><div class=\"vc_column-inner\"><div id=\"ultimate-heading-515669e92b99176aa\" class=\"uvc-heading ult-adjust-bottom-margin ultimate-heading-515669e92b99176aa uvc-9728 l-height\" data-hspacer=\"no_spacer\"  data-halign=\"left\" style=\"text-align:left\"><div class=\"uvc-heading-spacer no_spacer\" style=\"top\"><\/div><div class=\"uvc-main-heading ult-responsive\"  data-ultimate-target='.uvc-heading.ultimate-heading-515669e92b99176aa h2'  data-responsive-json-new='{\"font-size\":\"\",\"line-height\":\"\"}' ><h2 style=\"font-weight:normal;\">Obtener los folletos m\u00e1s recientes de la DCU<\/h2><\/div><div class=\"uvc-sub-heading ult-responsive\"  data-ultimate-target='.uvc-heading.ultimate-heading-515669e92b99176aa .uvc-sub-heading '  data-responsive-json-new='{\"font-size\":\"\",\"line-height\":\"\"}'  style=\"font-weight:normal;\"><span style=\"font-weight: 400;\">Para visualizar cualquiera de nuestros documentos, haz clic en los botones de abajo y descarga el documento solicitado.<\/span><\/div><\/div><\/div><\/div><\/div><\/div><\/section><section class=\"l-section wpb_row living-dublin-section why-dcu-section first-section height_auto\"><div class=\"l-section-h i-cf\"><div class=\"g-cols via_grid cols_2 laptops-cols_inherit tablets-cols_inherit mobiles-cols_1 valign_top type_default\"><div class=\"wpb_column vc_column_container\"><div class=\"vc_column-inner\"><div id=\"ultimate-heading-910969e92b9917cda\" class=\"uvc-heading ult-adjust-bottom-margin ultimate-heading-910969e92b9917cda uvc-822 l-width\" data-hspacer=\"no_spacer\"  data-halign=\"left\" style=\"text-align:left\"><div class=\"uvc-heading-spacer no_spacer\" style=\"top\"><\/div><div class=\"uvc-main-heading ult-responsive\"  data-ultimate-target='.uvc-heading.ultimate-heading-910969e92b9917cda h4'  data-responsive-json-new='{\"font-size\":\"\",\"line-height\":\"\"}' ><h4 style=\"font-weight:normal;\">Folleto - Programa A\u00f1o Internacional Preuniversitario (en ingl\u00e9s)<\/h4><\/div><\/div><\/div><\/div><div class=\"wpb_column vc_column_container\"><div class=\"vc_column-inner\"><div class=\"w-btn-wrapper align_none\"><a class=\"w-btn us-btn-style_1 us_custom_68cda339 primary-button grey-button secondary\" title=\"Descargar\" target=\"_blank\" href=\"https:\/\/advance.dcu.ie\/wp-content\/uploads\/2021\/10\/IFY_Brochure_2021.pdf\" rel=\"noopener\"><span class=\"w-btn-label\">Descargar<\/span><\/a><\/div><\/div><\/div><\/div><\/div><\/section><section class=\"l-section wpb_row living-dublin-section why-dcu-section first-section height_auto\"><div class=\"l-section-h i-cf\"><div class=\"g-cols via_grid cols_2 laptops-cols_inherit tablets-cols_inherit mobiles-cols_1 valign_top type_default\"><div class=\"wpb_column vc_column_container\"><div class=\"vc_column-inner\"><div id=\"ultimate-heading-62769e92b9918592\" class=\"uvc-heading ult-adjust-bottom-margin ultimate-heading-62769e92b9918592 uvc-5779 l-width\" data-hspacer=\"no_spacer\"  data-halign=\"left\" style=\"text-align:left\"><div class=\"uvc-heading-spacer no_spacer\" style=\"top\"><\/div><div class=\"uvc-main-heading ult-responsive\"  data-ultimate-target='.uvc-heading.ultimate-heading-62769e92b9918592 h4'  data-responsive-json-new='{\"font-size\":\"\",\"line-height\":\"\"}' ><h4 style=\"font-weight:normal;\">Formulario de solicitud - Programa Preuniversitario - IO10 pregrado (en ingl\u00e9s)<\/h4><\/div><\/div><\/div><\/div><div class=\"wpb_column vc_column_container\"><div class=\"vc_column-inner\"><div class=\"w-btn-wrapper align_none\"><a class=\"w-btn us-btn-style_1 us_custom_68cda339 primary-button grey-button secondary\" title=\"Descargar\" target=\"_blank\" href=\"https:\/\/advance.dcu.ie\/wp-content\/uploads\/2021\/10\/IO10-undergraduate-application-form-20-21-V2.docx\" rel=\"noopener\"><span class=\"w-btn-label\">Descargar<\/span><\/a><\/div><\/div><\/div><\/div><\/div><\/section><section class=\"l-section wpb_row living-dublin-section why-dcu-section first-section height_auto\"><div class=\"l-section-h i-cf\"><div class=\"g-cols via_grid cols_2 laptops-cols_inherit tablets-cols_inherit mobiles-cols_1 valign_top type_default\"><div class=\"wpb_column vc_column_container\"><div class=\"vc_column-inner\"><div id=\"ultimate-heading-242269e92b9918acc\" class=\"uvc-heading ult-adjust-bottom-margin ultimate-heading-242269e92b9918acc uvc-2729 l-width\" data-hspacer=\"no_spacer\"  data-halign=\"left\" style=\"text-align:left\"><div class=\"uvc-heading-spacer no_spacer\" style=\"top\"><\/div><div class=\"uvc-main-heading ult-responsive\"  data-ultimate-target='.uvc-heading.ultimate-heading-242269e92b9918acc h4'  data-responsive-json-new='{\"font-size\":\"\",\"line-height\":\"\"}' ><h4 style=\"font-weight:normal;\">Folleto - Previo al Periodo de Sesiones (en ingl\u00e9s)<\/h4><\/div><\/div><\/div><\/div><div class=\"wpb_column vc_column_container\"><div class=\"vc_column-inner\"><div class=\"w-btn-wrapper align_none\"><a class=\"w-btn us-btn-style_1 us_custom_68cda339 primary-button grey-button secondary\" title=\"Descargar\" target=\"_blank\" href=\"https:\/\/advance.dcu.ie\/wp-content\/uploads\/2021\/11\/Handout_courses_presessional2022.pdf\" rel=\"noopener\"><span class=\"w-btn-label\">Descargar<\/span><\/a><\/div><\/div><\/div><\/div><\/div><\/section><section class=\"l-section wpb_row living-dublin-section why-dcu-section first-section height_auto\"><div class=\"l-section-h i-cf\"><div class=\"g-cols via_grid cols_2 laptops-cols_inherit tablets-cols_inherit mobiles-cols_1 valign_top type_default\"><div class=\"wpb_column vc_column_container\"><div class=\"vc_column-inner\"><div id=\"ultimate-heading-993269e92b9919173\" class=\"uvc-heading ult-adjust-bottom-margin ultimate-heading-993269e92b9919173 uvc-1146 l-width\" data-hspacer=\"no_spacer\"  data-halign=\"left\" style=\"text-align:left\"><div class=\"uvc-heading-spacer no_spacer\" style=\"top\"><\/div><div class=\"uvc-main-heading ult-responsive\"  data-ultimate-target='.uvc-heading.ultimate-heading-993269e92b9919173 h4'  data-responsive-json-new='{\"font-size\":\"\",\"line-height\":\"\"}' ><h4 style=\"font-weight:normal;\">Cuadernillo - Requisitos de Admisi\u00f3n al IFY de la DCU (en ingl\u00e9s)<\/h4><\/div><\/div><\/div><\/div><div class=\"wpb_column vc_column_container\"><div class=\"vc_column-inner\"><div class=\"w-btn-wrapper align_none\"><a class=\"w-btn us-btn-style_1 us_custom_68cda339 primary-button grey-button secondary\" title=\"Descargar\" target=\"_blank\" href=\"https:\/\/advance.dcu.ie\/wp-content\/uploads\/2021\/10\/12-05-2021-Booklet-DCU-Foundation-Year-Entry-Requirements.pdf\" rel=\"noopener\"><span class=\"w-btn-label\">Descargar<\/span><\/a><\/div><\/div><\/div><\/div><\/div><\/section><section class=\"l-section wpb_row living-dublin-section why-dcu-section first-section height_auto\"><div class=\"l-section-h i-cf\"><div class=\"g-cols via_grid cols_2 laptops-cols_inherit tablets-cols_inherit mobiles-cols_1 valign_top type_default\"><div class=\"wpb_column vc_column_container\"><div class=\"vc_column-inner\"><div id=\"ultimate-heading-807569e92b9919870\" class=\"uvc-heading ult-adjust-bottom-margin ultimate-heading-807569e92b9919870 uvc-4012 l-width\" data-hspacer=\"no_spacer\"  data-halign=\"left\" style=\"text-align:left\"><div class=\"uvc-heading-spacer no_spacer\" style=\"top\"><\/div><div class=\"uvc-main-heading ult-responsive\"  data-ultimate-target='.uvc-heading.ultimate-heading-807569e92b9919870 h4'  data-responsive-json-new='{\"font-size\":\"\",\"line-height\":\"\"}' ><h4 style=\"font-weight:normal;\">T\u00e9rminos y condiciones para reservas individuales de estudiantes (en ingl\u00e9s)<\/h4><\/div><\/div><\/div><\/div><div class=\"wpb_column vc_column_container\"><div class=\"vc_column-inner\"><div class=\"w-btn-wrapper align_none\"><a class=\"w-btn us-btn-style_1 us_custom_68cda339 primary-button grey-button secondary\" title=\"Descargar\" target=\"_blank\" href=\"https:\/\/advance.dcu.ie\/wp-content\/uploads\/2021\/10\/2018-07-31-dcu-ls-terms-and-conditions_2018.pdf\" rel=\"noopener\"><span class=\"w-btn-label\">Descargar<\/span><\/a><\/div><\/div><\/div><\/div><\/div><\/section><section class=\"l-section wpb_row living-dublin-section why-dcu-section first-section height_auto\"><div class=\"l-section-h i-cf\"><div class=\"g-cols via_grid cols_2 laptops-cols_inherit tablets-cols_inherit mobiles-cols_1 valign_top type_default\"><div class=\"wpb_column vc_column_container\"><div class=\"vc_column-inner\"><div id=\"ultimate-heading-328769e92b9919d7e\" class=\"uvc-heading ult-adjust-bottom-margin ultimate-heading-328769e92b9919d7e uvc-121 l-width\" data-hspacer=\"no_spacer\"  data-halign=\"left\" style=\"text-align:left\"><div class=\"uvc-heading-spacer no_spacer\" style=\"top\"><\/div><div class=\"uvc-main-heading ult-responsive\"  data-ultimate-target='.uvc-heading.ultimate-heading-328769e92b9919d7e h4'  data-responsive-json-new='{\"font-size\":\"\",\"line-height\":\"\"}' ><h4 style=\"font-weight:normal;\">T\u00e9rminos y condiciones para programas grupales (en ingl\u00e9s)<\/h4><\/div><\/div><\/div><\/div><div class=\"wpb_column vc_column_container\"><div class=\"vc_column-inner\"><div class=\"w-btn-wrapper align_none\"><a class=\"w-btn us-btn-style_1 us_custom_68cda339 primary-button grey-button secondary\" title=\"Descargar\" target=\"_blank\" href=\"https:\/\/advance.dcu.ie\/wp-content\/uploads\/2021\/10\/DCU-LS-Group-Terms-and-Conditions-2020.pdf\" rel=\"noopener\"><span class=\"w-btn-label\">Descargar<\/span><\/a><\/div><\/div><\/div><\/div><\/div><\/section><section class=\"l-section wpb_row why-dcu-section fourth-section has-info-box height_auto\"><div class=\"l-section-h i-cf\"><div class=\"g-cols via_grid cols_2 laptops-cols_inherit tablets-cols_inherit mobiles-cols_1 valign_top type_default\"><div class=\"wpb_column vc_column_container\"><div class=\"vc_column-inner\"><div id=\"ultimate-heading-609969e92b991a67f\" class=\"uvc-heading ult-adjust-bottom-margin ultimate-heading-609969e92b991a67f uvc-5408 l-width\" data-hspacer=\"no_spacer\"  data-halign=\"left\" style=\"text-align:left\"><div class=\"uvc-heading-spacer no_spacer\" style=\"top\"><\/div><div class=\"uvc-main-heading ult-responsive\"  data-ultimate-target='.uvc-heading.ultimate-heading-609969e92b991a67f h3'  data-responsive-json-new='{\"font-size\":\"\",\"line-height\":\"\"}' ><h3 style=\"font-weight:normal;\">Alguna pregunta?<\/h3><\/div><div class=\"uvc-sub-heading ult-responsive\"  data-ultimate-target='.uvc-heading.ultimate-heading-609969e92b991a67f .uvc-sub-heading '  data-responsive-json-new='{\"font-size\":\"\",\"line-height\":\"\"}'  style=\"font-weight:normal;\"><span style=\"font-weight: 400;\">Si deseas obtener m\u00e1s informaci\u00f3n acerca de nuestras ofertas de programas, no dudes en comunicarte con nuestro equipo.<\/span><\/div><\/div><\/div><\/div><div class=\"wpb_column vc_column_container\"><div class=\"vc_column-inner\"><div class=\"w-btn-wrapper align_none\"><a class=\"w-btn us-btn-style_1 us_custom_68cda339 primary-button red-button\" title=\"Contacto\" href=\"https:\/\/advance.dcu.ie\/es\/?page_id=12730\"><span class=\"w-btn-label\">Contacto<\/span><\/a><\/div><\/div><\/div><\/div><\/div><\/section>\n","protected":false},"excerpt":{"rendered":"[vc_raw_html el_class=\"breadcrumbs\"]W3dwc2VvX2JyZWFkY3J1bWJd[\/vc_raw_html]DescargasConsulta la p\u00e1gina de descargas de la\u00a0DCU y obt\u00e9n nuestra informaci\u00f3n m\u00e1s reciente.Obtener los folletos m\u00e1s recientes de la DCUPara visualizar cualquiera de nuestros documentos, haz clic en los botones de abajo y descarga el documento solicitado.Folleto - Programa A\u00f1o Internacional Preuniversitario (en ingl\u00e9s)DescargarFormulario de solicitud - Programa Preuniversitario - IO10 pregrado (en ingl\u00e9s)DescargarFolleto...","protected":false},"author":2,"featured_media":0,"parent":0,"menu_order":0,"comment_status":"closed","ping_status":"closed","template":"","meta":{"_acf_changed":false,"content-type":"","inline_featured_image":false,"footnotes":""},"class_list":["post-12818","page","type-page","status-publish","hentry"],"acf":[],"yoast_head":"<!-- This site is optimized with the Yoast SEO plugin v27.3 - https:\/\/yoast.com\/product\/yoast-seo-wordpress\/ -->\n<title>Descargas | DCU Advance<\/title>\n<meta name=\"description\" content=\"Consulta la p\u00e1gina de descargas de la\u00a0DCU y obt\u00e9n nuestra informaci\u00f3n m\u00e1s reciente.\" \/>\n<meta name=\"robots\" content=\"index, follow, max-snippet:-1, max-image-preview:large, max-video-preview:-1\" \/>\n<link rel=\"canonical\" href=\"https:\/\/advance.dcu.ie\/es\/descargas\/\" \/>\n<meta property=\"og:locale\" content=\"es_ES\" \/>\n<meta property=\"og:type\" content=\"article\" \/>\n<meta property=\"og:title\" content=\"Descargas | DCU Advance\" \/>\n<meta property=\"og:description\" content=\"Consulta la p\u00e1gina de descargas de la\u00a0DCU y obt\u00e9n nuestra informaci\u00f3n m\u00e1s reciente.\" \/>\n<meta property=\"og:url\" content=\"https:\/\/advance.dcu.ie\/es\/descargas\/\" \/>\n<meta property=\"og:site_name\" content=\"DCU Advance\" \/>\n<meta name=\"twitter:card\" content=\"summary_large_image\" \/>\n<meta name=\"twitter:label1\" content=\"Tiempo de lectura\" \/>\n\t<meta name=\"twitter:data1\" content=\"2 minutos\" \/>\n<script type=\"application\/ld+json\" class=\"yoast-schema-graph\">{\"@context\":\"https:\\\/\\\/schema.org\",\"@graph\":[{\"@type\":\"WebPage\",\"@id\":\"https:\\\/\\\/advance.dcu.ie\\\/es\\\/descargas\\\/\",\"url\":\"https:\\\/\\\/advance.dcu.ie\\\/es\\\/descargas\\\/\",\"name\":\"Descargas | DCU Advance\",\"isPartOf\":{\"@id\":\"https:\\\/\\\/advance.dcu.ie\\\/#website\"},\"datePublished\":\"2024-05-20T08:31:57+00:00\",\"description\":\"Consulta la p\u00e1gina de descargas de la\u00a0DCU y obt\u00e9n nuestra informaci\u00f3n m\u00e1s reciente.\",\"breadcrumb\":{\"@id\":\"https:\\\/\\\/advance.dcu.ie\\\/es\\\/descargas\\\/#breadcrumb\"},\"inLanguage\":\"es\",\"potentialAction\":[{\"@type\":\"ReadAction\",\"target\":[\"https:\\\/\\\/advance.dcu.ie\\\/es\\\/descargas\\\/\"]}]},{\"@type\":\"BreadcrumbList\",\"@id\":\"https:\\\/\\\/advance.dcu.ie\\\/es\\\/descargas\\\/#breadcrumb\",\"itemListElement\":[{\"@type\":\"ListItem\",\"position\":1,\"name\":\"Home\",\"item\":\"https:\\\/\\\/advance.dcu.ie\\\/es\\\/\"},{\"@type\":\"ListItem\",\"position\":2,\"name\":\"Descargas\"}]},{\"@type\":\"WebSite\",\"@id\":\"https:\\\/\\\/advance.dcu.ie\\\/#website\",\"url\":\"https:\\\/\\\/advance.dcu.ie\\\/\",\"name\":\"DCU Advance\",\"description\":\"DCU Pathway Programmes\",\"publisher\":{\"@id\":\"https:\\\/\\\/advance.dcu.ie\\\/#organization\"},\"potentialAction\":[{\"@type\":\"SearchAction\",\"target\":{\"@type\":\"EntryPoint\",\"urlTemplate\":\"https:\\\/\\\/advance.dcu.ie\\\/?s={search_term_string}\"},\"query-input\":{\"@type\":\"PropertyValueSpecification\",\"valueRequired\":true,\"valueName\":\"search_term_string\"}}],\"inLanguage\":\"es\"},{\"@type\":\"Organization\",\"@id\":\"https:\\\/\\\/advance.dcu.ie\\\/#organization\",\"name\":\"Dublin City University\",\"url\":\"https:\\\/\\\/advance.dcu.ie\\\/\",\"logo\":{\"@type\":\"ImageObject\",\"inLanguage\":\"es\",\"@id\":\"https:\\\/\\\/advance.dcu.ie\\\/#\\\/schema\\\/logo\\\/image\\\/\",\"url\":\"https:\\\/\\\/advance.dcu.ie\\\/wp-content\\\/uploads\\\/2021\\\/08\\\/dcu-int-logo.svg\",\"contentUrl\":\"https:\\\/\\\/advance.dcu.ie\\\/wp-content\\\/uploads\\\/2021\\\/08\\\/dcu-int-logo.svg\",\"width\":\"1024\",\"height\":\"1024\",\"caption\":\"Dublin City University\"},\"image\":{\"@id\":\"https:\\\/\\\/advance.dcu.ie\\\/#\\\/schema\\\/logo\\\/image\\\/\"}}]}<\/script>\n<!-- \/ Yoast SEO plugin. -->","yoast_head_json":{"title":"Descargas | DCU Advance","description":"Consulta la p\u00e1gina de descargas de la\u00a0DCU y obt\u00e9n nuestra informaci\u00f3n m\u00e1s reciente.","robots":{"index":"index","follow":"follow","max-snippet":"max-snippet:-1","max-image-preview":"max-image-preview:large","max-video-preview":"max-video-preview:-1"},"canonical":"https:\/\/advance.dcu.ie\/es\/descargas\/","og_locale":"es_ES","og_type":"article","og_title":"Descargas | DCU Advance","og_description":"Consulta la p\u00e1gina de descargas de la\u00a0DCU y obt\u00e9n nuestra informaci\u00f3n m\u00e1s reciente.","og_url":"https:\/\/advance.dcu.ie\/es\/descargas\/","og_site_name":"DCU Advance","twitter_card":"summary_large_image","twitter_misc":{"Tiempo de lectura":"2 minutos"},"schema":{"@context":"https:\/\/schema.org","@graph":[{"@type":"WebPage","@id":"https:\/\/advance.dcu.ie\/es\/descargas\/","url":"https:\/\/advance.dcu.ie\/es\/descargas\/","name":"Descargas | DCU Advance","isPartOf":{"@id":"https:\/\/advance.dcu.ie\/#website"},"datePublished":"2024-05-20T08:31:57+00:00","description":"Consulta la p\u00e1gina de descargas de la\u00a0DCU y obt\u00e9n nuestra informaci\u00f3n m\u00e1s reciente.","breadcrumb":{"@id":"https:\/\/advance.dcu.ie\/es\/descargas\/#breadcrumb"},"inLanguage":"es","potentialAction":[{"@type":"ReadAction","target":["https:\/\/advance.dcu.ie\/es\/descargas\/"]}]},{"@type":"BreadcrumbList","@id":"https:\/\/advance.dcu.ie\/es\/descargas\/#breadcrumb","itemListElement":[{"@type":"ListItem","position":1,"name":"Home","item":"https:\/\/advance.dcu.ie\/es\/"},{"@type":"ListItem","position":2,"name":"Descargas"}]},{"@type":"WebSite","@id":"https:\/\/advance.dcu.ie\/#website","url":"https:\/\/advance.dcu.ie\/","name":"DCU Advance","description":"DCU Pathway Programmes","publisher":{"@id":"https:\/\/advance.dcu.ie\/#organization"},"potentialAction":[{"@type":"SearchAction","target":{"@type":"EntryPoint","urlTemplate":"https:\/\/advance.dcu.ie\/?s={search_term_string}"},"query-input":{"@type":"PropertyValueSpecification","valueRequired":true,"valueName":"search_term_string"}}],"inLanguage":"es"},{"@type":"Organization","@id":"https:\/\/advance.dcu.ie\/#organization","name":"Dublin City University","url":"https:\/\/advance.dcu.ie\/","logo":{"@type":"ImageObject","inLanguage":"es","@id":"https:\/\/advance.dcu.ie\/#\/schema\/logo\/image\/","url":"https:\/\/advance.dcu.ie\/wp-content\/uploads\/2021\/08\/dcu-int-logo.svg","contentUrl":"https:\/\/advance.dcu.ie\/wp-content\/uploads\/2021\/08\/dcu-int-logo.svg","width":"1024","height":"1024","caption":"Dublin City University"},"image":{"@id":"https:\/\/advance.dcu.ie\/#\/schema\/logo\/image\/"}}]}},"_links":{"self":[{"href":"https:\/\/advance.dcu.ie\/es\/wp-json\/wp\/v2\/pages\/12818","targetHints":{"allow":["GET"]}}],"collection":[{"href":"https:\/\/advance.dcu.ie\/es\/wp-json\/wp\/v2\/pages"}],"about":[{"href":"https:\/\/advance.dcu.ie\/es\/wp-json\/wp\/v2\/types\/page"}],"author":[{"embeddable":true,"href":"https:\/\/advance.dcu.ie\/es\/wp-json\/wp\/v2\/users\/2"}],"replies":[{"embeddable":true,"href":"https:\/\/advance.dcu.ie\/es\/wp-json\/wp\/v2\/comments?post=12818"}],"version-history":[{"count":4,"href":"https:\/\/advance.dcu.ie\/es\/wp-json\/wp\/v2\/pages\/12818\/revisions"}],"predecessor-version":[{"id":13151,"href":"https:\/\/advance.dcu.ie\/es\/wp-json\/wp\/v2\/pages\/12818\/revisions\/13151"}],"wp:attachment":[{"href":"https:\/\/advance.dcu.ie\/es\/wp-json\/wp\/v2\/media?parent=12818"}],"curies":[{"name":"wp","href":"https:\/\/api.w.org\/{rel}","templated":true}]}}