{"id":12798,"date":"2024-05-20T08:37:37","date_gmt":"2024-05-20T08:37:37","guid":{"rendered":"https:\/\/advance.dcu.ie\/?page_id=12798"},"modified":"2024-05-20T08:37:37","modified_gmt":"2024-05-20T08:37:37","slug":"politica-de-proteccion-de-informacion","status":"publish","type":"page","link":"https:\/\/advance.dcu.ie\/es\/politica-de-proteccion-de-informacion\/","title":{"rendered":"Pol\u00edtica de Protecci\u00f3n de Informaci\u00f3n"},"content":{"rendered":"<section class=\"l-section wpb_row why-dcu-section eight-section student-life-container height_auto\"><div class=\"l-section-h i-cf\"><div class=\"g-cols via_grid cols_1 laptops-cols_inherit tablets-cols_inherit mobiles-cols_1 valign_top type_default\"><div class=\"wpb_column vc_column_container\"><div class=\"vc_column-inner\"><div id=\"ultimate-heading-87569e9432172280\" class=\"uvc-heading ult-adjust-bottom-margin ultimate-heading-87569e9432172280 uvc-751 l-width main-heading\" data-hspacer=\"no_spacer\"  data-halign=\"left\" style=\"text-align:left\"><div class=\"uvc-heading-spacer no_spacer\" style=\"top\"><\/div><div class=\"uvc-main-heading ult-responsive\"  data-ultimate-target='.uvc-heading.ultimate-heading-87569e9432172280 h2'  data-responsive-json-new='{\"font-size\":\"\",\"line-height\":\"\"}' ><h2 style=\"font-weight:normal;\">Protecci\u00f3n de informaci\u00f3n<\/h2><\/div><\/div><div class=\"wpb_text_column\"><div class=\"wpb_wrapper\"><p>Te damos la bienvenida a la secci\u00f3n de protecci\u00f3n de informaci\u00f3n personal del sitio web de los Servicios de Idioma de la\u00a0DCU. Esta secci\u00f3n del sitio web la administran en conjunto los equipos de Marketing y de Protecci\u00f3n de Informaci\u00f3n de los Servicios de Idioma de la DCU. En el centro de la DCU, la Unidad de Protecci\u00f3n de Informaci\u00f3n dentro de la Oficina del Director de Operaciones es responsable de crear y mantener la mayor\u00eda de las pol\u00edticas de protecci\u00f3n de informaci\u00f3n en toda la universidad y aquellas relacionadas con nuestra empresa en el campus. Para ver las pol\u00edticas de protecci\u00f3n de informaci\u00f3n actualizadas de la DCU, consulta los enlaces que aparecen m\u00e1s abajo en esta p\u00e1gina. La Universidad y los Servicios de Idioma de la DCU administran, principal pero no exclusivamente, una cantidad de datos personales relacionados con el personal, los estudiantes y los terceros proveedores. Nos tomamos muy en serio la confidencialidad de toda la informaci\u00f3n personal y, consecuentemente, adoptamos todas las medidas necesarias para cumplir con la legislaci\u00f3n de protecci\u00f3n de informaci\u00f3n. La Universidad y los Servicios de Idioma de la DCU procuran recopilar datos personales \u00fanicamente para cumplir con prop\u00f3sitos espec\u00edficos y leg\u00edtimos, adem\u00e1s de retener esos datos solo durante el tiempo que esos prop\u00f3sitos sigan siendo v\u00e1lidos. Generalmente, no compartimos datos personales con terceros, excepto cuando la ley lo requiere o bajo obligaciones estatutarias, o por otros prop\u00f3sitos leg\u00edtimos en equilibrio con los derechos o intereses del sujeto de informaci\u00f3n. Si se comparte informaci\u00f3n con terceros para satisfacer necesidades comerciales u operativas, se acordar\u00e1 previamente con el individuo a trav\u00e9s de un contrato o un formulario de consentimiento y una notificaci\u00f3n.<\/p>\n<ul>\n<li style=\"font-weight: 400;\" aria-level=\"1\"><a class=\"simple-link simple-link-sm\" href=\"https:\/\/www.dcu.ie\/policies\/data-privacy-policy\" target=\"_blank\" rel=\"noopener\"><span style=\"font-weight: 400;\">Pol\u00edtica de Retenci\u00f3n de Informaci\u00f3n<\/span><\/a><\/li>\n<li style=\"font-weight: 400;\" aria-level=\"1\"><a class=\"simple-link simple-link-sm\" href=\"https:\/\/www.dcu.ie\/policies\/data-privacy-policy\" target=\"_blank\" rel=\"noopener\"><span style=\"font-weight: 400;\">Procedimiento de Informe de Violaci\u00f3n de Informaci\u00f3n<\/span><\/a><\/li>\n<li style=\"font-weight: 400;\" aria-level=\"1\"><a class=\"simple-link simple-link-sm\" href=\"https:\/\/www.dcu.ie\/policies\/data-privacy-policy\" target=\"_blank\" rel=\"noopener\"><span style=\"font-weight: 400;\">Procedimiento de Derechos del Sujeto de Informaci\u00f3n<\/span><\/a><\/li>\n<li style=\"font-weight: 400;\" aria-level=\"1\"><a class=\"simple-link simple-link-sm\" href=\"https:\/\/www.dcu.ie\/policies\/data-privacy-policy\" target=\"_blank\" rel=\"noopener\"><span style=\"font-weight: 400;\">Declaraci\u00f3n de Privacidad del Sitio Web<\/span><\/a><\/li>\n<\/ul>\n<\/div><\/div><\/div><\/div><\/div><\/div><\/section>\n","protected":false},"excerpt":{"rendered":"Protecci\u00f3n de informaci\u00f3nTe damos la bienvenida a la secci\u00f3n de protecci\u00f3n de informaci\u00f3n personal del sitio web de los Servicios de Idioma de la\u00a0DCU. Esta secci\u00f3n del sitio web la administran en conjunto los equipos de Marketing y de Protecci\u00f3n de Informaci\u00f3n de los Servicios de Idioma de la DCU. En el centro de la...","protected":false},"author":1,"featured_media":0,"parent":0,"menu_order":0,"comment_status":"closed","ping_status":"open","template":"","meta":{"_acf_changed":false,"content-type":"","inline_featured_image":false,"footnotes":""},"class_list":["post-12798","page","type-page","status-publish","hentry"],"acf":[],"yoast_head":"<!-- This site is optimized with the Yoast SEO plugin v27.3 - https:\/\/yoast.com\/product\/yoast-seo-wordpress\/ -->\n<title>Pol\u00edtica de Protecci\u00f3n de Informaci\u00f3n | DCU Advance<\/title>\n<meta name=\"description\" content=\"Se tratar\u00e1 cualquier informaci\u00f3n personal procesada por la Universidad de acuerdo con la legislaci\u00f3n relevante de protecci\u00f3n de informaci\u00f3n. Esta secci\u00f3n proporciona enlaces a las pol\u00edticas relevantes.\" \/>\n<meta name=\"robots\" content=\"index, follow, max-snippet:-1, max-image-preview:large, max-video-preview:-1\" \/>\n<link rel=\"canonical\" href=\"https:\/\/advance.dcu.ie\/es\/politica-de-proteccion-de-informacion\/\" \/>\n<meta property=\"og:locale\" content=\"es_ES\" \/>\n<meta property=\"og:type\" content=\"article\" \/>\n<meta property=\"og:title\" content=\"Pol\u00edtica de Protecci\u00f3n de Informaci\u00f3n | DCU Advance\" \/>\n<meta property=\"og:description\" content=\"Se tratar\u00e1 cualquier informaci\u00f3n personal procesada por la Universidad de acuerdo con la legislaci\u00f3n relevante de protecci\u00f3n de informaci\u00f3n. Esta secci\u00f3n proporciona enlaces a las pol\u00edticas relevantes.\" \/>\n<meta property=\"og:url\" content=\"https:\/\/advance.dcu.ie\/es\/politica-de-proteccion-de-informacion\/\" \/>\n<meta property=\"og:site_name\" content=\"DCU Advance\" \/>\n<meta name=\"twitter:card\" content=\"summary_large_image\" \/>\n<meta name=\"twitter:label1\" content=\"Tiempo de lectura\" \/>\n\t<meta name=\"twitter:data1\" content=\"2 minutos\" \/>\n<script type=\"application\/ld+json\" class=\"yoast-schema-graph\">{\"@context\":\"https:\\\/\\\/schema.org\",\"@graph\":[{\"@type\":\"WebPage\",\"@id\":\"https:\\\/\\\/advance.dcu.ie\\\/es\\\/politica-de-proteccion-de-informacion\\\/\",\"url\":\"https:\\\/\\\/advance.dcu.ie\\\/es\\\/politica-de-proteccion-de-informacion\\\/\",\"name\":\"Pol\u00edtica de Protecci\u00f3n de Informaci\u00f3n | DCU Advance\",\"isPartOf\":{\"@id\":\"https:\\\/\\\/advance.dcu.ie\\\/#website\"},\"datePublished\":\"2024-05-20T08:37:37+00:00\",\"description\":\"Se tratar\u00e1 cualquier informaci\u00f3n personal procesada por la Universidad de acuerdo con la legislaci\u00f3n relevante de protecci\u00f3n de informaci\u00f3n. Esta secci\u00f3n proporciona enlaces a las pol\u00edticas relevantes.\",\"breadcrumb\":{\"@id\":\"https:\\\/\\\/advance.dcu.ie\\\/es\\\/politica-de-proteccion-de-informacion\\\/#breadcrumb\"},\"inLanguage\":\"es\",\"potentialAction\":[{\"@type\":\"ReadAction\",\"target\":[\"https:\\\/\\\/advance.dcu.ie\\\/es\\\/politica-de-proteccion-de-informacion\\\/\"]}]},{\"@type\":\"BreadcrumbList\",\"@id\":\"https:\\\/\\\/advance.dcu.ie\\\/es\\\/politica-de-proteccion-de-informacion\\\/#breadcrumb\",\"itemListElement\":[{\"@type\":\"ListItem\",\"position\":1,\"name\":\"Home\",\"item\":\"https:\\\/\\\/advance.dcu.ie\\\/es\\\/\"},{\"@type\":\"ListItem\",\"position\":2,\"name\":\"Pol\u00edtica de Protecci\u00f3n de Informaci\u00f3n\"}]},{\"@type\":\"WebSite\",\"@id\":\"https:\\\/\\\/advance.dcu.ie\\\/#website\",\"url\":\"https:\\\/\\\/advance.dcu.ie\\\/\",\"name\":\"DCU Advance\",\"description\":\"DCU Pathway Programmes\",\"publisher\":{\"@id\":\"https:\\\/\\\/advance.dcu.ie\\\/#organization\"},\"potentialAction\":[{\"@type\":\"SearchAction\",\"target\":{\"@type\":\"EntryPoint\",\"urlTemplate\":\"https:\\\/\\\/advance.dcu.ie\\\/?s={search_term_string}\"},\"query-input\":{\"@type\":\"PropertyValueSpecification\",\"valueRequired\":true,\"valueName\":\"search_term_string\"}}],\"inLanguage\":\"es\"},{\"@type\":\"Organization\",\"@id\":\"https:\\\/\\\/advance.dcu.ie\\\/#organization\",\"name\":\"Dublin City University\",\"url\":\"https:\\\/\\\/advance.dcu.ie\\\/\",\"logo\":{\"@type\":\"ImageObject\",\"inLanguage\":\"es\",\"@id\":\"https:\\\/\\\/advance.dcu.ie\\\/#\\\/schema\\\/logo\\\/image\\\/\",\"url\":\"https:\\\/\\\/advance.dcu.ie\\\/wp-content\\\/uploads\\\/2021\\\/08\\\/dcu-int-logo.svg\",\"contentUrl\":\"https:\\\/\\\/advance.dcu.ie\\\/wp-content\\\/uploads\\\/2021\\\/08\\\/dcu-int-logo.svg\",\"width\":\"1024\",\"height\":\"1024\",\"caption\":\"Dublin City University\"},\"image\":{\"@id\":\"https:\\\/\\\/advance.dcu.ie\\\/#\\\/schema\\\/logo\\\/image\\\/\"}}]}<\/script>\n<!-- \/ Yoast SEO plugin. -->","yoast_head_json":{"title":"Pol\u00edtica de Protecci\u00f3n de Informaci\u00f3n | DCU Advance","description":"Se tratar\u00e1 cualquier informaci\u00f3n personal procesada por la Universidad de acuerdo con la legislaci\u00f3n relevante de protecci\u00f3n de informaci\u00f3n. Esta secci\u00f3n proporciona enlaces a las pol\u00edticas relevantes.","robots":{"index":"index","follow":"follow","max-snippet":"max-snippet:-1","max-image-preview":"max-image-preview:large","max-video-preview":"max-video-preview:-1"},"canonical":"https:\/\/advance.dcu.ie\/es\/politica-de-proteccion-de-informacion\/","og_locale":"es_ES","og_type":"article","og_title":"Pol\u00edtica de Protecci\u00f3n de Informaci\u00f3n | DCU Advance","og_description":"Se tratar\u00e1 cualquier informaci\u00f3n personal procesada por la Universidad de acuerdo con la legislaci\u00f3n relevante de protecci\u00f3n de informaci\u00f3n. Esta secci\u00f3n proporciona enlaces a las pol\u00edticas relevantes.","og_url":"https:\/\/advance.dcu.ie\/es\/politica-de-proteccion-de-informacion\/","og_site_name":"DCU Advance","twitter_card":"summary_large_image","twitter_misc":{"Tiempo de lectura":"2 minutos"},"schema":{"@context":"https:\/\/schema.org","@graph":[{"@type":"WebPage","@id":"https:\/\/advance.dcu.ie\/es\/politica-de-proteccion-de-informacion\/","url":"https:\/\/advance.dcu.ie\/es\/politica-de-proteccion-de-informacion\/","name":"Pol\u00edtica de Protecci\u00f3n de Informaci\u00f3n | DCU Advance","isPartOf":{"@id":"https:\/\/advance.dcu.ie\/#website"},"datePublished":"2024-05-20T08:37:37+00:00","description":"Se tratar\u00e1 cualquier informaci\u00f3n personal procesada por la Universidad de acuerdo con la legislaci\u00f3n relevante de protecci\u00f3n de informaci\u00f3n. Esta secci\u00f3n proporciona enlaces a las pol\u00edticas relevantes.","breadcrumb":{"@id":"https:\/\/advance.dcu.ie\/es\/politica-de-proteccion-de-informacion\/#breadcrumb"},"inLanguage":"es","potentialAction":[{"@type":"ReadAction","target":["https:\/\/advance.dcu.ie\/es\/politica-de-proteccion-de-informacion\/"]}]},{"@type":"BreadcrumbList","@id":"https:\/\/advance.dcu.ie\/es\/politica-de-proteccion-de-informacion\/#breadcrumb","itemListElement":[{"@type":"ListItem","position":1,"name":"Home","item":"https:\/\/advance.dcu.ie\/es\/"},{"@type":"ListItem","position":2,"name":"Pol\u00edtica de Protecci\u00f3n de Informaci\u00f3n"}]},{"@type":"WebSite","@id":"https:\/\/advance.dcu.ie\/#website","url":"https:\/\/advance.dcu.ie\/","name":"DCU Advance","description":"DCU Pathway Programmes","publisher":{"@id":"https:\/\/advance.dcu.ie\/#organization"},"potentialAction":[{"@type":"SearchAction","target":{"@type":"EntryPoint","urlTemplate":"https:\/\/advance.dcu.ie\/?s={search_term_string}"},"query-input":{"@type":"PropertyValueSpecification","valueRequired":true,"valueName":"search_term_string"}}],"inLanguage":"es"},{"@type":"Organization","@id":"https:\/\/advance.dcu.ie\/#organization","name":"Dublin City University","url":"https:\/\/advance.dcu.ie\/","logo":{"@type":"ImageObject","inLanguage":"es","@id":"https:\/\/advance.dcu.ie\/#\/schema\/logo\/image\/","url":"https:\/\/advance.dcu.ie\/wp-content\/uploads\/2021\/08\/dcu-int-logo.svg","contentUrl":"https:\/\/advance.dcu.ie\/wp-content\/uploads\/2021\/08\/dcu-int-logo.svg","width":"1024","height":"1024","caption":"Dublin City University"},"image":{"@id":"https:\/\/advance.dcu.ie\/#\/schema\/logo\/image\/"}}]}},"_links":{"self":[{"href":"https:\/\/advance.dcu.ie\/es\/wp-json\/wp\/v2\/pages\/12798","targetHints":{"allow":["GET"]}}],"collection":[{"href":"https:\/\/advance.dcu.ie\/es\/wp-json\/wp\/v2\/pages"}],"about":[{"href":"https:\/\/advance.dcu.ie\/es\/wp-json\/wp\/v2\/types\/page"}],"author":[{"embeddable":true,"href":"https:\/\/advance.dcu.ie\/es\/wp-json\/wp\/v2\/users\/1"}],"replies":[{"embeddable":true,"href":"https:\/\/advance.dcu.ie\/es\/wp-json\/wp\/v2\/comments?post=12798"}],"version-history":[{"count":5,"href":"https:\/\/advance.dcu.ie\/es\/wp-json\/wp\/v2\/pages\/12798\/revisions"}],"predecessor-version":[{"id":13158,"href":"https:\/\/advance.dcu.ie\/es\/wp-json\/wp\/v2\/pages\/12798\/revisions\/13158"}],"wp:attachment":[{"href":"https:\/\/advance.dcu.ie\/es\/wp-json\/wp\/v2\/media?parent=12798"}],"curies":[{"name":"wp","href":"https:\/\/api.w.org\/{rel}","templated":true}]}}